{"id":67712,"date":"2020-06-23T17:34:52","date_gmt":"2020-06-23T20:34:52","guid":{"rendered":"https:\/\/www.institutodeengenharia.org.br\/site\/?page_id=67712"},"modified":"2026-02-12T16:02:43","modified_gmt":"2026-02-12T19:02:43","slug":"termos-de-uso-e-politica-de-privacidade","status":"publish","type":"page","link":"https:\/\/www.institutodeengenharia.org.br\/site\/termos-de-uso-e-politica-de-privacidade\/","title":{"rendered":"Termos de uso e Pol\u00edtica de Privacidade"},"content":{"rendered":"<p>Em alguns casos, para acessar nossos conte\u00fados, \u00e9 necess\u00e1rio realizar o seu cadastro. Veja abaixo como utilizamos os seus dados:<\/p>\n<p><strong>Utiliza\u00e7\u00e3o do e-mail do usu\u00e1rio<\/strong><\/p>\n<p>Ao fornecer seus dados para acesso aos conte\u00fados do Instituto de Engenharia, voc\u00ea concorda em receber nossos e-mails e de nossos parceiros. Caso opte por n\u00e3o receber mais nossos comunicados, voc\u00ea poder\u00e1 desabilitar esta fun\u00e7\u00e3o no seu cadastro.<\/p>\n<p><strong>Utiliza\u00e7\u00e3o dos dados cadastrais do usu\u00e1rio<\/strong><\/p>\n<p>Os dados fornecidos ser\u00e3o utilizados para envio de materiais de interesse do nosso p\u00fablico, a melhoria constante do nosso conte\u00fado e a gera\u00e7\u00e3o de dados estat\u00edsticos sobre os usu\u00e1rios.<\/p>\n<p>N\u00e3o divulgamos dados cadastrais dos usu\u00e1rios a terceiros, a n\u00e3o ser que os usu\u00e1rios autorizem. A autoriza\u00e7\u00e3o ou a desautoriza\u00e7\u00e3o para a divulga\u00e7\u00e3o desses dados pode ser feitas, a qualquer momento, pelo pr\u00f3prio usu\u00e1rio, em seu cadastro. Em nenhum momento, informaremos o seu CPF, o seu endere\u00e7o ou informa\u00e7\u00f5es que coloquem em risco a sua privacidade.<\/p>\n<p>N\u00e3o obstante o descrito acima, havendo solicita\u00e7\u00e3o formal por medida judicial, devidamente fundamentada, poderemos encaminhar os dados cadastrais dos usu\u00e1rios, independentemente de autoriza\u00e7\u00e3o destes, estando desobrigada de notific\u00e1-lo.<\/p>\n<p><strong>Altera\u00e7\u00e3o de dados cadastrais<\/strong><\/p>\n<p>Os usu\u00e1rios podem fazer a altera\u00e7\u00e3o das suas informa\u00e7\u00f5es cadastrais a qualquer momento na \u00e1rea de login do site do Instituto de Engenharia.<\/p>\n<p><strong>Cookies<\/strong><\/p>\n<p>Podemos utilizar \u201ccookies\u201d (informa\u00e7\u00f5es enviadas pelo nosso servidor ao computador do usu\u00e1rio, com o objetivo de identific\u00e1-lo). Se, no seu cadastro, o usu\u00e1rio optar por \u201cLembrar minha ID no computador\u201d, ser\u00e1 gerado um cookie no computador do usu\u00e1rio. Esse cookie ser\u00e1 lido todas as vezes que o usu\u00e1rio acessar o Portal, e, dessa forma, n\u00e3o precisar\u00e1 mais identificar-se para acessar os recursos do site.<\/p>\n<p>TIPOS DE CADASTROS DISPON\u00cdVEIS:<\/p>\n<p><strong>Associado<\/strong><\/p>\n<p><strong>Cadastro gr\u00e1tis<\/strong><\/p>\n<p>REPRODU\u00c7\u00c3O DE CONTE\u00daDO DO SITE<\/p>\n<p><strong>Recomenda\u00e7\u00e3o de V\u00eddeos e Artigos<\/strong><\/p>\n<p>Temos como objetivo disseminar conhecimento sobre a engenharia no Pa\u00eds e, por isso, a recomenda\u00e7\u00e3o dos v\u00eddeos e artigos em websites de terceiros \u00e9 fortemente encorajada. A sugest\u00e3o \u00e9 que a recomenda\u00e7\u00e3o seja feita por meio de links que apontem para www.institutodeengenharia.org.br.<\/p>\n<p><strong>V\u00eddeos<\/strong><\/p>\n<p>Nossos v\u00eddeos n\u00e3o podem ser hospedados em websites de terceiros, uma vez que a autoriza\u00e7\u00e3o fornecida pelos palestrantes \u00e9 apenas para uso em nosso canais. No entanto, nossos v\u00eddeos podem ser recomendados em websites de terceiros, por meio de \u201clink\u201d que aponte para www.institutodeengenharia.org.br<\/p>\n<p><strong>Artigos<\/strong><\/p>\n<p>Nossos artigos n\u00e3o podem ser reproduzidos em websitses de terceiros, pois o acordo com os Parceiros do Conhecimento estipula que o material s\u00f3 poder\u00e1 ser disponibilizado em nossos canais. No entanto, nossos artigos podem ser recomendados em website de terceiros, por meio de \u201clink\u201d que aponte para para www.institutodeengenharia.org.br<\/p>\n<p><strong>EXPLORA\u00c7\u00c3O COMERCIAL<\/strong><\/p>\n<p>A explora\u00e7\u00e3o comercial por parte de terceiros dos nossos conte\u00fados \u00e9 expressamente proibida e est\u00e1 sujeita a medidas jur\u00eddicas.<\/p>\n<p><strong>POL\u00cdTICA ANTI-SPAM<\/strong><\/p>\n<p>\u00c9 importante esclarecer que o armazenamento das informa\u00e7\u00f5es dos usu\u00e1rios \u00e9 tratado de acordo com o c\u00f3digo de \u00e9tica da ABEMD \u2013 Associa\u00e7\u00e3o Brasileira de Marketing Direto (para conhecer o c\u00f3digo de \u00e9tica, visite o site da ABEMD) e que, a qualquer momento, o usu\u00e1rio pode optar por n\u00e3o mais receber nossos e-mails ou de parceiros e apoiadores do Instituto.<\/p>\n","protected":false},"excerpt":{"rendered":"<p>Em alguns casos, para acessar nossos conte\u00fados, \u00e9 necess\u00e1rio realizar o seu cadastro. Veja abaixo como utilizamos os seus dados: Utiliza\u00e7\u00e3o do e-mail do usu\u00e1rio Ao fornecer seus dados para acesso aos conte\u00fados do Instituto de Engenharia, voc\u00ea concorda em receber nossos e-mails e de nossos parceiros. Caso opte por n\u00e3o receber mais nossos comunicados, [&hellip;]<\/p>\n","protected":false},"author":2,"featured_media":0,"parent":0,"menu_order":0,"comment_status":"closed","ping_status":"closed","template":"","meta":{"footnotes":""},"class_list":["post-67712","page","type-page","status-publish"],"yoast_head":"<!-- This site is optimized with the Yoast SEO plugin v27.5 - https:\/\/yoast.com\/product\/yoast-seo-wordpress\/ -->\n<title>Termos de uso e Pol\u00edtica de Privacidade - Instituto de Engenharia<\/title>\n<meta name=\"robots\" content=\"index, follow, max-snippet:-1, max-image-preview:large, max-video-preview:-1\" \/>\n<link rel=\"canonical\" href=\"https:\/\/www.institutodeengenharia.org.br\/site\/termos-de-uso-e-politica-de-privacidade\/\" \/>\n<meta property=\"og:locale\" content=\"pt_BR\" \/>\n<meta property=\"og:type\" content=\"article\" \/>\n<meta property=\"og:title\" content=\"Termos de uso e Pol\u00edtica de Privacidade - Instituto de Engenharia\" \/>\n<meta property=\"og:description\" content=\"Em alguns casos, para acessar nossos conte\u00fados, \u00e9 necess\u00e1rio realizar o seu cadastro. Veja abaixo como utilizamos os seus dados: Utiliza\u00e7\u00e3o do e-mail do usu\u00e1rio Ao fornecer seus dados para acesso aos conte\u00fados do Instituto de Engenharia, voc\u00ea concorda em receber nossos e-mails e de nossos parceiros. Caso opte por n\u00e3o receber mais nossos comunicados, [&hellip;]\" \/>\n<meta property=\"og:url\" content=\"https:\/\/www.institutodeengenharia.org.br\/site\/termos-de-uso-e-politica-de-privacidade\/\" \/>\n<meta property=\"og:site_name\" content=\"Instituto de Engenharia\" \/>\n<meta property=\"article:publisher\" content=\"https:\/\/www.facebook.com\/institutodeengenharia\" \/>\n<meta property=\"article:modified_time\" content=\"2026-02-12T19:02:43+00:00\" \/>\n<meta name=\"twitter:card\" content=\"summary_large_image\" \/>\n<meta name=\"twitter:site\" content=\"@iengenharia\" \/>\n<meta name=\"twitter:label1\" content=\"Est. tempo de leitura\" \/>\n\t<meta name=\"twitter:data1\" content=\"3 minutos\" \/>\n<script type=\"application\/ld+json\" class=\"yoast-schema-graph\">{\"@context\":\"https:\\\/\\\/schema.org\",\"@graph\":[{\"@type\":\"WebPage\",\"@id\":\"https:\\\/\\\/www.institutodeengenharia.org.br\\\/site\\\/termos-de-uso-e-politica-de-privacidade\\\/\",\"url\":\"https:\\\/\\\/www.institutodeengenharia.org.br\\\/site\\\/termos-de-uso-e-politica-de-privacidade\\\/\",\"name\":\"Termos de uso e Pol\u00edtica de Privacidade - Instituto de Engenharia\",\"isPartOf\":{\"@id\":\"https:\\\/\\\/www.institutodeengenharia.org.br\\\/site\\\/#website\"},\"datePublished\":\"2020-06-23T20:34:52+00:00\",\"dateModified\":\"2026-02-12T19:02:43+00:00\",\"breadcrumb\":{\"@id\":\"https:\\\/\\\/www.institutodeengenharia.org.br\\\/site\\\/termos-de-uso-e-politica-de-privacidade\\\/#breadcrumb\"},\"inLanguage\":\"pt-BR\",\"potentialAction\":[{\"@type\":\"ReadAction\",\"target\":[\"https:\\\/\\\/www.institutodeengenharia.org.br\\\/site\\\/termos-de-uso-e-politica-de-privacidade\\\/\"]}]},{\"@type\":\"BreadcrumbList\",\"@id\":\"https:\\\/\\\/www.institutodeengenharia.org.br\\\/site\\\/termos-de-uso-e-politica-de-privacidade\\\/#breadcrumb\",\"itemListElement\":[{\"@type\":\"ListItem\",\"position\":1,\"name\":\"In\u00edcio\",\"item\":\"https:\\\/\\\/www.institutodeengenharia.org.br\\\/site\\\/\"},{\"@type\":\"ListItem\",\"position\":2,\"name\":\"Termos de uso e Pol\u00edtica de Privacidade\"}]},{\"@type\":\"WebSite\",\"@id\":\"https:\\\/\\\/www.institutodeengenharia.org.br\\\/site\\\/#website\",\"url\":\"https:\\\/\\\/www.institutodeengenharia.org.br\\\/site\\\/\",\"name\":\"Instituto de Engenharia\",\"description\":\"O Instituto de Engenharia promove a Engenharia em benef\u00edcio do desenvolvimento e da qualidade de vida da sociedade.\",\"publisher\":{\"@id\":\"https:\\\/\\\/www.institutodeengenharia.org.br\\\/site\\\/#organization\"},\"potentialAction\":[{\"@type\":\"SearchAction\",\"target\":{\"@type\":\"EntryPoint\",\"urlTemplate\":\"https:\\\/\\\/www.institutodeengenharia.org.br\\\/site\\\/?s={search_term_string}\"},\"query-input\":{\"@type\":\"PropertyValueSpecification\",\"valueRequired\":true,\"valueName\":\"search_term_string\"}}],\"inLanguage\":\"pt-BR\"},{\"@type\":\"Organization\",\"@id\":\"https:\\\/\\\/www.institutodeengenharia.org.br\\\/site\\\/#organization\",\"name\":\"Instituto de Engenharia\",\"url\":\"https:\\\/\\\/www.institutodeengenharia.org.br\\\/site\\\/\",\"logo\":{\"@type\":\"ImageObject\",\"inLanguage\":\"pt-BR\",\"@id\":\"https:\\\/\\\/www.institutodeengenharia.org.br\\\/site\\\/#\\\/schema\\\/logo\\\/image\\\/\",\"url\":\"https:\\\/\\\/www.institutodeengenharia.org.br\\\/site\\\/wp-content\\\/uploads\\\/2019\\\/03\\\/logo-novo-IE2018-1.jpg\",\"contentUrl\":\"https:\\\/\\\/www.institutodeengenharia.org.br\\\/site\\\/wp-content\\\/uploads\\\/2019\\\/03\\\/logo-novo-IE2018-1.jpg\",\"width\":1486,\"height\":1879,\"caption\":\"Instituto de Engenharia\"},\"image\":{\"@id\":\"https:\\\/\\\/www.institutodeengenharia.org.br\\\/site\\\/#\\\/schema\\\/logo\\\/image\\\/\"},\"sameAs\":[\"https:\\\/\\\/www.facebook.com\\\/institutodeengenharia\",\"https:\\\/\\\/x.com\\\/iengenharia\",\"https:\\\/\\\/www.instagram.com\\\/institutodeengenharia\\\/\",\"https:\\\/\\\/www.linkedin.com\\\/company\\\/instituto-de-engenharia\\\/\",\"https:\\\/\\\/www.youtube.com\\\/channel\\\/UCXiCAlsSMe977vamW915HxA\"]}]}<\/script>\n<!-- \/ Yoast SEO plugin. -->","yoast_head_json":{"title":"Termos de uso e Pol\u00edtica de Privacidade - Instituto de Engenharia","robots":{"index":"index","follow":"follow","max-snippet":"max-snippet:-1","max-image-preview":"max-image-preview:large","max-video-preview":"max-video-preview:-1"},"canonical":"https:\/\/www.institutodeengenharia.org.br\/site\/termos-de-uso-e-politica-de-privacidade\/","og_locale":"pt_BR","og_type":"article","og_title":"Termos de uso e Pol\u00edtica de Privacidade - Instituto de Engenharia","og_description":"Em alguns casos, para acessar nossos conte\u00fados, \u00e9 necess\u00e1rio realizar o seu cadastro. Veja abaixo como utilizamos os seus dados: Utiliza\u00e7\u00e3o do e-mail do usu\u00e1rio Ao fornecer seus dados para acesso aos conte\u00fados do Instituto de Engenharia, voc\u00ea concorda em receber nossos e-mails e de nossos parceiros. Caso opte por n\u00e3o receber mais nossos comunicados, [&hellip;]","og_url":"https:\/\/www.institutodeengenharia.org.br\/site\/termos-de-uso-e-politica-de-privacidade\/","og_site_name":"Instituto de Engenharia","article_publisher":"https:\/\/www.facebook.com\/institutodeengenharia","article_modified_time":"2026-02-12T19:02:43+00:00","twitter_card":"summary_large_image","twitter_site":"@iengenharia","twitter_misc":{"Est. tempo de leitura":"3 minutos"},"schema":{"@context":"https:\/\/schema.org","@graph":[{"@type":"WebPage","@id":"https:\/\/www.institutodeengenharia.org.br\/site\/termos-de-uso-e-politica-de-privacidade\/","url":"https:\/\/www.institutodeengenharia.org.br\/site\/termos-de-uso-e-politica-de-privacidade\/","name":"Termos de uso e Pol\u00edtica de Privacidade - Instituto de Engenharia","isPartOf":{"@id":"https:\/\/www.institutodeengenharia.org.br\/site\/#website"},"datePublished":"2020-06-23T20:34:52+00:00","dateModified":"2026-02-12T19:02:43+00:00","breadcrumb":{"@id":"https:\/\/www.institutodeengenharia.org.br\/site\/termos-de-uso-e-politica-de-privacidade\/#breadcrumb"},"inLanguage":"pt-BR","potentialAction":[{"@type":"ReadAction","target":["https:\/\/www.institutodeengenharia.org.br\/site\/termos-de-uso-e-politica-de-privacidade\/"]}]},{"@type":"BreadcrumbList","@id":"https:\/\/www.institutodeengenharia.org.br\/site\/termos-de-uso-e-politica-de-privacidade\/#breadcrumb","itemListElement":[{"@type":"ListItem","position":1,"name":"In\u00edcio","item":"https:\/\/www.institutodeengenharia.org.br\/site\/"},{"@type":"ListItem","position":2,"name":"Termos de uso e Pol\u00edtica de Privacidade"}]},{"@type":"WebSite","@id":"https:\/\/www.institutodeengenharia.org.br\/site\/#website","url":"https:\/\/www.institutodeengenharia.org.br\/site\/","name":"Instituto de Engenharia","description":"O Instituto de Engenharia promove a Engenharia em benef\u00edcio do desenvolvimento e da qualidade de vida da sociedade.","publisher":{"@id":"https:\/\/www.institutodeengenharia.org.br\/site\/#organization"},"potentialAction":[{"@type":"SearchAction","target":{"@type":"EntryPoint","urlTemplate":"https:\/\/www.institutodeengenharia.org.br\/site\/?s={search_term_string}"},"query-input":{"@type":"PropertyValueSpecification","valueRequired":true,"valueName":"search_term_string"}}],"inLanguage":"pt-BR"},{"@type":"Organization","@id":"https:\/\/www.institutodeengenharia.org.br\/site\/#organization","name":"Instituto de Engenharia","url":"https:\/\/www.institutodeengenharia.org.br\/site\/","logo":{"@type":"ImageObject","inLanguage":"pt-BR","@id":"https:\/\/www.institutodeengenharia.org.br\/site\/#\/schema\/logo\/image\/","url":"https:\/\/www.institutodeengenharia.org.br\/site\/wp-content\/uploads\/2019\/03\/logo-novo-IE2018-1.jpg","contentUrl":"https:\/\/www.institutodeengenharia.org.br\/site\/wp-content\/uploads\/2019\/03\/logo-novo-IE2018-1.jpg","width":1486,"height":1879,"caption":"Instituto de Engenharia"},"image":{"@id":"https:\/\/www.institutodeengenharia.org.br\/site\/#\/schema\/logo\/image\/"},"sameAs":["https:\/\/www.facebook.com\/institutodeengenharia","https:\/\/x.com\/iengenharia","https:\/\/www.instagram.com\/institutodeengenharia\/","https:\/\/www.linkedin.com\/company\/instituto-de-engenharia\/","https:\/\/www.youtube.com\/channel\/UCXiCAlsSMe977vamW915HxA"]}]}},"_links":{"self":[{"href":"https:\/\/www.institutodeengenharia.org.br\/site\/wp-json\/wp\/v2\/pages\/67712","targetHints":{"allow":["GET"]}}],"collection":[{"href":"https:\/\/www.institutodeengenharia.org.br\/site\/wp-json\/wp\/v2\/pages"}],"about":[{"href":"https:\/\/www.institutodeengenharia.org.br\/site\/wp-json\/wp\/v2\/types\/page"}],"author":[{"embeddable":true,"href":"https:\/\/www.institutodeengenharia.org.br\/site\/wp-json\/wp\/v2\/users\/2"}],"replies":[{"embeddable":true,"href":"https:\/\/www.institutodeengenharia.org.br\/site\/wp-json\/wp\/v2\/comments?post=67712"}],"version-history":[{"count":4,"href":"https:\/\/www.institutodeengenharia.org.br\/site\/wp-json\/wp\/v2\/pages\/67712\/revisions"}],"predecessor-version":[{"id":136550,"href":"https:\/\/www.institutodeengenharia.org.br\/site\/wp-json\/wp\/v2\/pages\/67712\/revisions\/136550"}],"wp:attachment":[{"href":"https:\/\/www.institutodeengenharia.org.br\/site\/wp-json\/wp\/v2\/media?parent=67712"}],"curies":[{"name":"wp","href":"https:\/\/api.w.org\/{rel}","templated":true}]}}