{"id":452,"date":"2017-09-29T14:54:46","date_gmt":"2017-09-29T17:54:46","guid":{"rendered":"https:\/\/www.institutodeengenharia.org.br\/?page_id=452"},"modified":"2018-09-27T16:24:27","modified_gmt":"2018-09-27T19:24:27","slug":"servicos","status":"publish","type":"page","link":"https:\/\/www.institutodeengenharia.org.br\/site\/servicos\/","title":{"rendered":"Servi\u00e7os"},"content":{"rendered":"<p>Consultas no local, livre ao p\u00fablico em geral;<\/p>\n<p>Terminal eletr\u00f4nico, dispon\u00edvel aos associados para consulta com acesso \u00e0 internet;<\/p>\n<p>Acervo dispon\u00edvel na internet (Consulta ao Acervo);<\/p>\n<p>Empr\u00e9stimo aos associados;<\/p>\n<p><a href=\"https:\/\/www.institutodeengenharia.org.br\/site\/bibliotecas-parceiras-do-instituto-de-engenharia\/\">Empr\u00e9stimo entre Bibliotecas<\/a> &#8211; conv\u00eanio que possibilita aos usu\u00e1rios utilizarem publica\u00e7\u00f5es de outras Bibliotecas.<\/p>\n","protected":false},"excerpt":{"rendered":"<p>Consultas no local, livre ao p\u00fablico em geral; Terminal eletr\u00f4nico, dispon\u00edvel aos associados para consulta com acesso \u00e0 internet; Acervo dispon\u00edvel na internet (Consulta ao Acervo); Empr\u00e9stimo aos associados; Empr\u00e9stimo entre Bibliotecas &#8211; conv\u00eanio que possibilita aos usu\u00e1rios utilizarem publica\u00e7\u00f5es de outras Bibliotecas.<\/p>\n","protected":false},"author":1,"featured_media":0,"parent":0,"menu_order":0,"comment_status":"closed","ping_status":"closed","template":"","meta":{"footnotes":""},"class_list":["post-452","page","type-page","status-publish"],"yoast_head":"<!-- This site is optimized with the Yoast SEO plugin v27.5 - https:\/\/yoast.com\/product\/yoast-seo-wordpress\/ -->\n<title>Servi\u00e7os - Instituto de Engenharia<\/title>\n<meta name=\"robots\" content=\"index, follow, max-snippet:-1, max-image-preview:large, max-video-preview:-1\" \/>\n<link rel=\"canonical\" href=\"https:\/\/www.institutodeengenharia.org.br\/site\/servicos\/\" \/>\n<meta property=\"og:locale\" content=\"pt_BR\" \/>\n<meta property=\"og:type\" content=\"article\" \/>\n<meta property=\"og:title\" content=\"Servi\u00e7os - Instituto de Engenharia\" \/>\n<meta property=\"og:description\" content=\"Consultas no local, livre ao p\u00fablico em geral; Terminal eletr\u00f4nico, dispon\u00edvel aos associados para consulta com acesso \u00e0 internet; Acervo dispon\u00edvel na internet (Consulta ao Acervo); Empr\u00e9stimo aos associados; Empr\u00e9stimo entre Bibliotecas &#8211; conv\u00eanio que possibilita aos usu\u00e1rios utilizarem publica\u00e7\u00f5es de outras Bibliotecas.\" \/>\n<meta property=\"og:url\" content=\"https:\/\/www.institutodeengenharia.org.br\/site\/servicos\/\" \/>\n<meta property=\"og:site_name\" content=\"Instituto de Engenharia\" \/>\n<meta property=\"article:publisher\" content=\"https:\/\/www.facebook.com\/institutodeengenharia\" \/>\n<meta property=\"article:modified_time\" content=\"2018-09-27T19:24:27+00:00\" \/>\n<meta name=\"twitter:card\" content=\"summary_large_image\" \/>\n<meta name=\"twitter:site\" content=\"@iengenharia\" \/>\n<script type=\"application\/ld+json\" class=\"yoast-schema-graph\">{\"@context\":\"https:\\\/\\\/schema.org\",\"@graph\":[{\"@type\":\"WebPage\",\"@id\":\"https:\\\/\\\/www.institutodeengenharia.org.br\\\/site\\\/servicos\\\/\",\"url\":\"https:\\\/\\\/www.institutodeengenharia.org.br\\\/site\\\/servicos\\\/\",\"name\":\"Servi\u00e7os - Instituto de Engenharia\",\"isPartOf\":{\"@id\":\"https:\\\/\\\/www.institutodeengenharia.org.br\\\/site\\\/#website\"},\"datePublished\":\"2017-09-29T17:54:46+00:00\",\"dateModified\":\"2018-09-27T19:24:27+00:00\",\"breadcrumb\":{\"@id\":\"https:\\\/\\\/www.institutodeengenharia.org.br\\\/site\\\/servicos\\\/#breadcrumb\"},\"inLanguage\":\"pt-BR\",\"potentialAction\":[{\"@type\":\"ReadAction\",\"target\":[\"https:\\\/\\\/www.institutodeengenharia.org.br\\\/site\\\/servicos\\\/\"]}]},{\"@type\":\"BreadcrumbList\",\"@id\":\"https:\\\/\\\/www.institutodeengenharia.org.br\\\/site\\\/servicos\\\/#breadcrumb\",\"itemListElement\":[{\"@type\":\"ListItem\",\"position\":1,\"name\":\"In\u00edcio\",\"item\":\"https:\\\/\\\/www.institutodeengenharia.org.br\\\/site\\\/\"},{\"@type\":\"ListItem\",\"position\":2,\"name\":\"Servi\u00e7os\"}]},{\"@type\":\"WebSite\",\"@id\":\"https:\\\/\\\/www.institutodeengenharia.org.br\\\/site\\\/#website\",\"url\":\"https:\\\/\\\/www.institutodeengenharia.org.br\\\/site\\\/\",\"name\":\"Instituto de Engenharia\",\"description\":\"O Instituto de Engenharia promove a Engenharia em benef\u00edcio do desenvolvimento e da qualidade de vida da sociedade.\",\"publisher\":{\"@id\":\"https:\\\/\\\/www.institutodeengenharia.org.br\\\/site\\\/#organization\"},\"potentialAction\":[{\"@type\":\"SearchAction\",\"target\":{\"@type\":\"EntryPoint\",\"urlTemplate\":\"https:\\\/\\\/www.institutodeengenharia.org.br\\\/site\\\/?s={search_term_string}\"},\"query-input\":{\"@type\":\"PropertyValueSpecification\",\"valueRequired\":true,\"valueName\":\"search_term_string\"}}],\"inLanguage\":\"pt-BR\"},{\"@type\":\"Organization\",\"@id\":\"https:\\\/\\\/www.institutodeengenharia.org.br\\\/site\\\/#organization\",\"name\":\"Instituto de Engenharia\",\"url\":\"https:\\\/\\\/www.institutodeengenharia.org.br\\\/site\\\/\",\"logo\":{\"@type\":\"ImageObject\",\"inLanguage\":\"pt-BR\",\"@id\":\"https:\\\/\\\/www.institutodeengenharia.org.br\\\/site\\\/#\\\/schema\\\/logo\\\/image\\\/\",\"url\":\"https:\\\/\\\/www.institutodeengenharia.org.br\\\/site\\\/wp-content\\\/uploads\\\/2019\\\/03\\\/logo-novo-IE2018-1.jpg\",\"contentUrl\":\"https:\\\/\\\/www.institutodeengenharia.org.br\\\/site\\\/wp-content\\\/uploads\\\/2019\\\/03\\\/logo-novo-IE2018-1.jpg\",\"width\":1486,\"height\":1879,\"caption\":\"Instituto de Engenharia\"},\"image\":{\"@id\":\"https:\\\/\\\/www.institutodeengenharia.org.br\\\/site\\\/#\\\/schema\\\/logo\\\/image\\\/\"},\"sameAs\":[\"https:\\\/\\\/www.facebook.com\\\/institutodeengenharia\",\"https:\\\/\\\/x.com\\\/iengenharia\",\"https:\\\/\\\/www.instagram.com\\\/institutodeengenharia\\\/\",\"https:\\\/\\\/www.linkedin.com\\\/company\\\/instituto-de-engenharia\\\/\",\"https:\\\/\\\/www.youtube.com\\\/channel\\\/UCXiCAlsSMe977vamW915HxA\"]}]}<\/script>\n<!-- \/ Yoast SEO plugin. -->","yoast_head_json":{"title":"Servi\u00e7os - Instituto de Engenharia","robots":{"index":"index","follow":"follow","max-snippet":"max-snippet:-1","max-image-preview":"max-image-preview:large","max-video-preview":"max-video-preview:-1"},"canonical":"https:\/\/www.institutodeengenharia.org.br\/site\/servicos\/","og_locale":"pt_BR","og_type":"article","og_title":"Servi\u00e7os - Instituto de Engenharia","og_description":"Consultas no local, livre ao p\u00fablico em geral; Terminal eletr\u00f4nico, dispon\u00edvel aos associados para consulta com acesso \u00e0 internet; Acervo dispon\u00edvel na internet (Consulta ao Acervo); Empr\u00e9stimo aos associados; Empr\u00e9stimo entre Bibliotecas &#8211; conv\u00eanio que possibilita aos usu\u00e1rios utilizarem publica\u00e7\u00f5es de outras Bibliotecas.","og_url":"https:\/\/www.institutodeengenharia.org.br\/site\/servicos\/","og_site_name":"Instituto de Engenharia","article_publisher":"https:\/\/www.facebook.com\/institutodeengenharia","article_modified_time":"2018-09-27T19:24:27+00:00","twitter_card":"summary_large_image","twitter_site":"@iengenharia","schema":{"@context":"https:\/\/schema.org","@graph":[{"@type":"WebPage","@id":"https:\/\/www.institutodeengenharia.org.br\/site\/servicos\/","url":"https:\/\/www.institutodeengenharia.org.br\/site\/servicos\/","name":"Servi\u00e7os - Instituto de Engenharia","isPartOf":{"@id":"https:\/\/www.institutodeengenharia.org.br\/site\/#website"},"datePublished":"2017-09-29T17:54:46+00:00","dateModified":"2018-09-27T19:24:27+00:00","breadcrumb":{"@id":"https:\/\/www.institutodeengenharia.org.br\/site\/servicos\/#breadcrumb"},"inLanguage":"pt-BR","potentialAction":[{"@type":"ReadAction","target":["https:\/\/www.institutodeengenharia.org.br\/site\/servicos\/"]}]},{"@type":"BreadcrumbList","@id":"https:\/\/www.institutodeengenharia.org.br\/site\/servicos\/#breadcrumb","itemListElement":[{"@type":"ListItem","position":1,"name":"In\u00edcio","item":"https:\/\/www.institutodeengenharia.org.br\/site\/"},{"@type":"ListItem","position":2,"name":"Servi\u00e7os"}]},{"@type":"WebSite","@id":"https:\/\/www.institutodeengenharia.org.br\/site\/#website","url":"https:\/\/www.institutodeengenharia.org.br\/site\/","name":"Instituto de Engenharia","description":"O Instituto de Engenharia promove a Engenharia em benef\u00edcio do desenvolvimento e da qualidade de vida da sociedade.","publisher":{"@id":"https:\/\/www.institutodeengenharia.org.br\/site\/#organization"},"potentialAction":[{"@type":"SearchAction","target":{"@type":"EntryPoint","urlTemplate":"https:\/\/www.institutodeengenharia.org.br\/site\/?s={search_term_string}"},"query-input":{"@type":"PropertyValueSpecification","valueRequired":true,"valueName":"search_term_string"}}],"inLanguage":"pt-BR"},{"@type":"Organization","@id":"https:\/\/www.institutodeengenharia.org.br\/site\/#organization","name":"Instituto de Engenharia","url":"https:\/\/www.institutodeengenharia.org.br\/site\/","logo":{"@type":"ImageObject","inLanguage":"pt-BR","@id":"https:\/\/www.institutodeengenharia.org.br\/site\/#\/schema\/logo\/image\/","url":"https:\/\/www.institutodeengenharia.org.br\/site\/wp-content\/uploads\/2019\/03\/logo-novo-IE2018-1.jpg","contentUrl":"https:\/\/www.institutodeengenharia.org.br\/site\/wp-content\/uploads\/2019\/03\/logo-novo-IE2018-1.jpg","width":1486,"height":1879,"caption":"Instituto de Engenharia"},"image":{"@id":"https:\/\/www.institutodeengenharia.org.br\/site\/#\/schema\/logo\/image\/"},"sameAs":["https:\/\/www.facebook.com\/institutodeengenharia","https:\/\/x.com\/iengenharia","https:\/\/www.instagram.com\/institutodeengenharia\/","https:\/\/www.linkedin.com\/company\/instituto-de-engenharia\/","https:\/\/www.youtube.com\/channel\/UCXiCAlsSMe977vamW915HxA"]}]}},"_links":{"self":[{"href":"https:\/\/www.institutodeengenharia.org.br\/site\/wp-json\/wp\/v2\/pages\/452","targetHints":{"allow":["GET"]}}],"collection":[{"href":"https:\/\/www.institutodeengenharia.org.br\/site\/wp-json\/wp\/v2\/pages"}],"about":[{"href":"https:\/\/www.institutodeengenharia.org.br\/site\/wp-json\/wp\/v2\/types\/page"}],"author":[{"embeddable":true,"href":"https:\/\/www.institutodeengenharia.org.br\/site\/wp-json\/wp\/v2\/users\/1"}],"replies":[{"embeddable":true,"href":"https:\/\/www.institutodeengenharia.org.br\/site\/wp-json\/wp\/v2\/comments?post=452"}],"version-history":[{"count":4,"href":"https:\/\/www.institutodeengenharia.org.br\/site\/wp-json\/wp\/v2\/pages\/452\/revisions"}],"predecessor-version":[{"id":38219,"href":"https:\/\/www.institutodeengenharia.org.br\/site\/wp-json\/wp\/v2\/pages\/452\/revisions\/38219"}],"wp:attachment":[{"href":"https:\/\/www.institutodeengenharia.org.br\/site\/wp-json\/wp\/v2\/media?parent=452"}],"curies":[{"name":"wp","href":"https:\/\/api.w.org\/{rel}","templated":true}]}}