{"id":43240,"date":"2019-07-30T12:15:46","date_gmt":"2019-07-30T15:15:46","guid":{"rendered":"https:\/\/www.institutodeengenharia.org.br\/site\/?page_id=43240"},"modified":"2019-07-30T12:15:46","modified_gmt":"2019-07-30T15:15:46","slug":"reunioesdomes","status":"publish","type":"page","link":"https:\/\/www.institutodeengenharia.org.br\/site\/reunioesdomes\/","title":{"rendered":"Reuni\u00f5es do M\u00eas com Videoconfer\u00eancia"},"content":{"rendered":"<p><strong>Reuni\u00e3o de Diretoria<\/strong><\/p>\n<p>Data: 16\/07\/19<br \/>\nHor\u00e1rio: 17:30hs<br \/>\nLink da Reuni\u00e3o: <a href=\"https:\/\/zoom.us\/j\/9602136905\" target=\"_blank\" rel=\"noopener\">clique aqui<\/a><br \/>\nSenha com Anfitri\u00e3o: Nome e Sobrenome<\/p>\n<p>________________________________________________________________________<\/p>\n<p><strong>Encontros do Grupo Think Tank &#8211; F\u00e1brica de Ideias<\/strong><\/p>\n<p>Data: 20\/07\/19<br \/>\nHor\u00e1rio: 12:00hs<br \/>\nLink da Reuni\u00e3o: <a href=\"https:\/\/zoom.us\/j\/9602136950\" target=\"_blank\" rel=\"noopener\">clique aqui<\/a><br \/>\nSenha com Anfitri\u00e3o: Fernando Bortolin<\/p>\n<p>________________________________________________________________________<\/p>\n<p><strong>Reuni\u00e3o de Diretoria<\/strong><\/p>\n<p>Data: 22\/07\/19<br \/>\nHor\u00e1rio: 17:30hs<br \/>\nLink da Reuni\u00e3o: <a href=\"https:\/\/zoom.us\/j\/9602136905\" target=\"_blank\" rel=\"noopener\">clique aqui<\/a><br \/>\nSenha com Anfitri\u00e3o: Nome e Sobrenome<\/p>\n<p>________________________________________________________________________<\/p>\n<p><strong>Reuni\u00e3o do Conselho Deliberativo<\/strong><\/p>\n<p>Data: 29\/07\/19<br \/>\nHor\u00e1rio: 19:00hs<br \/>\nLink da Reuni\u00e3o: <a href=\"https:\/\/zoom.us\/j\/9602136905\" target=\"_blank\" rel=\"noopener\">clique aqui<\/a><br \/>\nSenha com Anfitri\u00e3o: Nome e Sobrenome<\/p>\n<p>________________________________________________________________________<\/p>\n<p><strong>Reuni\u00e3o de Diretoria<\/strong><\/p>\n<p>Data: 30\/07\/19<br \/>\nHor\u00e1rio: 17:30hs<br \/>\nLink da Reuni\u00e3o: <a href=\"https:\/\/zoom.us\/j\/9602136905\" target=\"_blank\" rel=\"noopener\">clique aqui<\/a><br \/>\nSenha com Anfitri\u00e3o: Nome e Sobrenome<\/p>\n<p>________________________________________________________________________<\/p>\n","protected":false},"excerpt":{"rendered":"<p>Reuni\u00e3o de Diretoria Data: 16\/07\/19 Hor\u00e1rio: 17:30hs Link da Reuni\u00e3o: clique aqui Senha com Anfitri\u00e3o: Nome e Sobrenome ________________________________________________________________________ Encontros do Grupo Think Tank &#8211; F\u00e1brica de Ideias Data: 20\/07\/19 Hor\u00e1rio: 12:00hs Link da Reuni\u00e3o: clique aqui Senha com Anfitri\u00e3o: Fernando Bortolin ________________________________________________________________________ Reuni\u00e3o de Diretoria Data: 22\/07\/19 Hor\u00e1rio: 17:30hs Link da Reuni\u00e3o: clique aqui [&hellip;]<\/p>\n","protected":false},"author":12,"featured_media":0,"parent":0,"menu_order":0,"comment_status":"closed","ping_status":"closed","template":"","meta":{"footnotes":""},"class_list":["post-43240","page","type-page","status-publish"],"yoast_head":"<!-- This site is optimized with the Yoast SEO plugin v27.2 - https:\/\/yoast.com\/product\/yoast-seo-wordpress\/ -->\n<title>Reuni\u00f5es do M\u00eas com Videoconfer\u00eancia - Instituto de Engenharia<\/title>\n<meta name=\"robots\" content=\"index, follow, max-snippet:-1, max-image-preview:large, max-video-preview:-1\" \/>\n<link rel=\"canonical\" href=\"https:\/\/www.institutodeengenharia.org.br\/site\/reunioesdomes\/\" \/>\n<meta property=\"og:locale\" content=\"pt_BR\" \/>\n<meta property=\"og:type\" content=\"article\" \/>\n<meta property=\"og:title\" content=\"Reuni\u00f5es do M\u00eas com Videoconfer\u00eancia - Instituto de Engenharia\" \/>\n<meta property=\"og:description\" content=\"Reuni\u00e3o de Diretoria Data: 16\/07\/19 Hor\u00e1rio: 17:30hs Link da Reuni\u00e3o: clique aqui Senha com Anfitri\u00e3o: Nome e Sobrenome ________________________________________________________________________ Encontros do Grupo Think Tank &#8211; F\u00e1brica de Ideias Data: 20\/07\/19 Hor\u00e1rio: 12:00hs Link da Reuni\u00e3o: clique aqui Senha com Anfitri\u00e3o: Fernando Bortolin ________________________________________________________________________ Reuni\u00e3o de Diretoria Data: 22\/07\/19 Hor\u00e1rio: 17:30hs Link da Reuni\u00e3o: clique aqui [&hellip;]\" \/>\n<meta property=\"og:url\" content=\"https:\/\/www.institutodeengenharia.org.br\/site\/reunioesdomes\/\" \/>\n<meta property=\"og:site_name\" content=\"Instituto de Engenharia\" \/>\n<meta property=\"article:publisher\" content=\"https:\/\/www.facebook.com\/institutodeengenharia\" \/>\n<meta name=\"twitter:card\" content=\"summary_large_image\" \/>\n<meta name=\"twitter:site\" content=\"@iengenharia\" \/>\n<meta name=\"twitter:label1\" content=\"Est. tempo de leitura\" \/>\n\t<meta name=\"twitter:data1\" content=\"1 minuto\" \/>\n<script type=\"application\/ld+json\" class=\"yoast-schema-graph\">{\"@context\":\"https:\/\/schema.org\",\"@graph\":[{\"@type\":\"WebPage\",\"@id\":\"https:\/\/www.institutodeengenharia.org.br\/site\/reunioesdomes\/\",\"url\":\"https:\/\/www.institutodeengenharia.org.br\/site\/reunioesdomes\/\",\"name\":\"Reuni\u00f5es do M\u00eas com Videoconfer\u00eancia - Instituto de Engenharia\",\"isPartOf\":{\"@id\":\"https:\/\/www.institutodeengenharia.org.br\/site\/#website\"},\"datePublished\":\"2019-07-30T15:15:46+00:00\",\"breadcrumb\":{\"@id\":\"https:\/\/www.institutodeengenharia.org.br\/site\/reunioesdomes\/#breadcrumb\"},\"inLanguage\":\"pt-BR\",\"potentialAction\":[{\"@type\":\"ReadAction\",\"target\":[\"https:\/\/www.institutodeengenharia.org.br\/site\/reunioesdomes\/\"]}]},{\"@type\":\"BreadcrumbList\",\"@id\":\"https:\/\/www.institutodeengenharia.org.br\/site\/reunioesdomes\/#breadcrumb\",\"itemListElement\":[{\"@type\":\"ListItem\",\"position\":1,\"name\":\"In\u00edcio\",\"item\":\"https:\/\/www.institutodeengenharia.org.br\/site\/\"},{\"@type\":\"ListItem\",\"position\":2,\"name\":\"Reuni\u00f5es do M\u00eas com Videoconfer\u00eancia\"}]},{\"@type\":\"WebSite\",\"@id\":\"https:\/\/www.institutodeengenharia.org.br\/site\/#website\",\"url\":\"https:\/\/www.institutodeengenharia.org.br\/site\/\",\"name\":\"Instituto de Engenharia\",\"description\":\"O Instituto de Engenharia promove a Engenharia em benef\u00edcio do desenvolvimento e da qualidade de vida da sociedade.\",\"publisher\":{\"@id\":\"https:\/\/www.institutodeengenharia.org.br\/site\/#organization\"},\"potentialAction\":[{\"@type\":\"SearchAction\",\"target\":{\"@type\":\"EntryPoint\",\"urlTemplate\":\"https:\/\/www.institutodeengenharia.org.br\/site\/?s={search_term_string}\"},\"query-input\":{\"@type\":\"PropertyValueSpecification\",\"valueRequired\":true,\"valueName\":\"search_term_string\"}}],\"inLanguage\":\"pt-BR\"},{\"@type\":\"Organization\",\"@id\":\"https:\/\/www.institutodeengenharia.org.br\/site\/#organization\",\"name\":\"Instituto de Engenharia\",\"url\":\"https:\/\/www.institutodeengenharia.org.br\/site\/\",\"logo\":{\"@type\":\"ImageObject\",\"inLanguage\":\"pt-BR\",\"@id\":\"https:\/\/www.institutodeengenharia.org.br\/site\/#\/schema\/logo\/image\/\",\"url\":\"https:\/\/www.institutodeengenharia.org.br\/site\/wp-content\/uploads\/2019\/03\/logo-novo-IE2018-1.jpg\",\"contentUrl\":\"https:\/\/www.institutodeengenharia.org.br\/site\/wp-content\/uploads\/2019\/03\/logo-novo-IE2018-1.jpg\",\"width\":1486,\"height\":1879,\"caption\":\"Instituto de Engenharia\"},\"image\":{\"@id\":\"https:\/\/www.institutodeengenharia.org.br\/site\/#\/schema\/logo\/image\/\"},\"sameAs\":[\"https:\/\/www.facebook.com\/institutodeengenharia\",\"https:\/\/x.com\/iengenharia\",\"https:\/\/www.instagram.com\/institutodeengenharia\/\",\"https:\/\/www.linkedin.com\/company\/instituto-de-engenharia\/\",\"https:\/\/www.youtube.com\/channel\/UCXiCAlsSMe977vamW915HxA\"]}]}<\/script>\n<!-- \/ Yoast SEO plugin. -->","yoast_head_json":{"title":"Reuni\u00f5es do M\u00eas com Videoconfer\u00eancia - Instituto de Engenharia","robots":{"index":"index","follow":"follow","max-snippet":"max-snippet:-1","max-image-preview":"max-image-preview:large","max-video-preview":"max-video-preview:-1"},"canonical":"https:\/\/www.institutodeengenharia.org.br\/site\/reunioesdomes\/","og_locale":"pt_BR","og_type":"article","og_title":"Reuni\u00f5es do M\u00eas com Videoconfer\u00eancia - Instituto de Engenharia","og_description":"Reuni\u00e3o de Diretoria Data: 16\/07\/19 Hor\u00e1rio: 17:30hs Link da Reuni\u00e3o: clique aqui Senha com Anfitri\u00e3o: Nome e Sobrenome ________________________________________________________________________ Encontros do Grupo Think Tank &#8211; F\u00e1brica de Ideias Data: 20\/07\/19 Hor\u00e1rio: 12:00hs Link da Reuni\u00e3o: clique aqui Senha com Anfitri\u00e3o: Fernando Bortolin ________________________________________________________________________ Reuni\u00e3o de Diretoria Data: 22\/07\/19 Hor\u00e1rio: 17:30hs Link da Reuni\u00e3o: clique aqui [&hellip;]","og_url":"https:\/\/www.institutodeengenharia.org.br\/site\/reunioesdomes\/","og_site_name":"Instituto de Engenharia","article_publisher":"https:\/\/www.facebook.com\/institutodeengenharia","twitter_card":"summary_large_image","twitter_site":"@iengenharia","twitter_misc":{"Est. tempo de leitura":"1 minuto"},"schema":{"@context":"https:\/\/schema.org","@graph":[{"@type":"WebPage","@id":"https:\/\/www.institutodeengenharia.org.br\/site\/reunioesdomes\/","url":"https:\/\/www.institutodeengenharia.org.br\/site\/reunioesdomes\/","name":"Reuni\u00f5es do M\u00eas com Videoconfer\u00eancia - Instituto de Engenharia","isPartOf":{"@id":"https:\/\/www.institutodeengenharia.org.br\/site\/#website"},"datePublished":"2019-07-30T15:15:46+00:00","breadcrumb":{"@id":"https:\/\/www.institutodeengenharia.org.br\/site\/reunioesdomes\/#breadcrumb"},"inLanguage":"pt-BR","potentialAction":[{"@type":"ReadAction","target":["https:\/\/www.institutodeengenharia.org.br\/site\/reunioesdomes\/"]}]},{"@type":"BreadcrumbList","@id":"https:\/\/www.institutodeengenharia.org.br\/site\/reunioesdomes\/#breadcrumb","itemListElement":[{"@type":"ListItem","position":1,"name":"In\u00edcio","item":"https:\/\/www.institutodeengenharia.org.br\/site\/"},{"@type":"ListItem","position":2,"name":"Reuni\u00f5es do M\u00eas com Videoconfer\u00eancia"}]},{"@type":"WebSite","@id":"https:\/\/www.institutodeengenharia.org.br\/site\/#website","url":"https:\/\/www.institutodeengenharia.org.br\/site\/","name":"Instituto de Engenharia","description":"O Instituto de Engenharia promove a Engenharia em benef\u00edcio do desenvolvimento e da qualidade de vida da sociedade.","publisher":{"@id":"https:\/\/www.institutodeengenharia.org.br\/site\/#organization"},"potentialAction":[{"@type":"SearchAction","target":{"@type":"EntryPoint","urlTemplate":"https:\/\/www.institutodeengenharia.org.br\/site\/?s={search_term_string}"},"query-input":{"@type":"PropertyValueSpecification","valueRequired":true,"valueName":"search_term_string"}}],"inLanguage":"pt-BR"},{"@type":"Organization","@id":"https:\/\/www.institutodeengenharia.org.br\/site\/#organization","name":"Instituto de Engenharia","url":"https:\/\/www.institutodeengenharia.org.br\/site\/","logo":{"@type":"ImageObject","inLanguage":"pt-BR","@id":"https:\/\/www.institutodeengenharia.org.br\/site\/#\/schema\/logo\/image\/","url":"https:\/\/www.institutodeengenharia.org.br\/site\/wp-content\/uploads\/2019\/03\/logo-novo-IE2018-1.jpg","contentUrl":"https:\/\/www.institutodeengenharia.org.br\/site\/wp-content\/uploads\/2019\/03\/logo-novo-IE2018-1.jpg","width":1486,"height":1879,"caption":"Instituto de Engenharia"},"image":{"@id":"https:\/\/www.institutodeengenharia.org.br\/site\/#\/schema\/logo\/image\/"},"sameAs":["https:\/\/www.facebook.com\/institutodeengenharia","https:\/\/x.com\/iengenharia","https:\/\/www.instagram.com\/institutodeengenharia\/","https:\/\/www.linkedin.com\/company\/instituto-de-engenharia\/","https:\/\/www.youtube.com\/channel\/UCXiCAlsSMe977vamW915HxA"]}]}},"_links":{"self":[{"href":"https:\/\/www.institutodeengenharia.org.br\/site\/wp-json\/wp\/v2\/pages\/43240","targetHints":{"allow":["GET"]}}],"collection":[{"href":"https:\/\/www.institutodeengenharia.org.br\/site\/wp-json\/wp\/v2\/pages"}],"about":[{"href":"https:\/\/www.institutodeengenharia.org.br\/site\/wp-json\/wp\/v2\/types\/page"}],"author":[{"embeddable":true,"href":"https:\/\/www.institutodeengenharia.org.br\/site\/wp-json\/wp\/v2\/users\/12"}],"replies":[{"embeddable":true,"href":"https:\/\/www.institutodeengenharia.org.br\/site\/wp-json\/wp\/v2\/comments?post=43240"}],"version-history":[{"count":2,"href":"https:\/\/www.institutodeengenharia.org.br\/site\/wp-json\/wp\/v2\/pages\/43240\/revisions"}],"predecessor-version":[{"id":43341,"href":"https:\/\/www.institutodeengenharia.org.br\/site\/wp-json\/wp\/v2\/pages\/43240\/revisions\/43341"}],"wp:attachment":[{"href":"https:\/\/www.institutodeengenharia.org.br\/site\/wp-json\/wp\/v2\/media?parent=43240"}],"curies":[{"name":"wp","href":"https:\/\/api.w.org\/{rel}","templated":true}]}}