{"id":43233,"date":"2019-07-30T12:06:22","date_gmt":"2019-07-30T15:06:22","guid":{"rendered":"https:\/\/www.institutodeengenharia.org.br\/site\/?page_id=43233"},"modified":"2019-07-30T12:14:25","modified_gmt":"2019-07-30T15:14:25","slug":"salaprivada","status":"publish","type":"page","link":"https:\/\/www.institutodeengenharia.org.br\/site\/salaprivada\/","title":{"rendered":"Sala Privada"},"content":{"rendered":"<p><strong>Reuni\u00e3o de Diretoria<\/strong><\/p>\n<p><strong>Dia:30\/07\/2019 &#8211; Hor\u00e1rio:17:30<\/strong><\/p>\n<p>Para ter uma boa experi\u00eancia durante a reuni\u00e3o, sempre que poss\u00edvel prefira:<\/p>\n<p>1- Conectar-se a internet via cabo e n\u00e3o por WI-FI<\/p>\n<p>2- Utilizar fone de ouvidos<\/p>\n<p>3- Utilize o software Zoom para melhor qualidade. Para baixar, <a href=\"https:\/\/zoom.us\/client\/latest\/ZoomInstaller.exe\">clique aqui<\/a>.<\/p>\n<p>Clique no bot\u00e3o abaixo para ingressar na reuni\u00e3o<\/p>\n<p><img loading=\"lazy\" decoding=\"async\" class=\"aligncenter wp-image-43235 size-full\" src=\"https:\/\/www.institutodeengenharia.org.br\/site\/wp-content\/uploads\/2019\/07\/button_entrar-na-sala.png\" alt=\"\" width=\"200\" height=\"50\" \/><\/p>\n<p><em><strong>Utilize a senha informada pelo Anfitri\u00e3o da reuni\u00e3o.<\/strong><\/em><\/p>\n<p>Para d\u00favidas, acione o suporte pelo Whatsapp: (11)9754.37240<br \/>\nFuncionamento do Suporte: Segunda \u00e0 sexta &#8211; 08:00 \u00e0s 18:00<\/p>\n<p>&nbsp;<\/p>\n","protected":false},"excerpt":{"rendered":"<p>Reuni\u00e3o de Diretoria Dia:30\/07\/2019 &#8211; Hor\u00e1rio:17:30 Para ter uma boa experi\u00eancia durante a reuni\u00e3o, sempre que poss\u00edvel prefira: 1- Conectar-se a internet via cabo e n\u00e3o por WI-FI 2- Utilizar fone de ouvidos 3- Utilize o software Zoom para melhor qualidade. Para baixar, clique aqui. Clique no bot\u00e3o abaixo para ingressar na reuni\u00e3o Utilize a [&hellip;]<\/p>\n","protected":false},"author":12,"featured_media":0,"parent":0,"menu_order":0,"comment_status":"closed","ping_status":"closed","template":"","meta":{"footnotes":""},"class_list":["post-43233","page","type-page","status-publish"],"yoast_head":"<!-- This site is optimized with the Yoast SEO plugin v27.2 - https:\/\/yoast.com\/product\/yoast-seo-wordpress\/ -->\n<title>Sala Privada - Instituto de Engenharia<\/title>\n<meta name=\"robots\" content=\"index, follow, max-snippet:-1, max-image-preview:large, max-video-preview:-1\" \/>\n<link rel=\"canonical\" href=\"https:\/\/www.institutodeengenharia.org.br\/site\/salaprivada\/\" \/>\n<meta property=\"og:locale\" content=\"pt_BR\" \/>\n<meta property=\"og:type\" content=\"article\" \/>\n<meta property=\"og:title\" content=\"Sala Privada - Instituto de Engenharia\" \/>\n<meta property=\"og:description\" content=\"Reuni\u00e3o de Diretoria Dia:30\/07\/2019 &#8211; Hor\u00e1rio:17:30 Para ter uma boa experi\u00eancia durante a reuni\u00e3o, sempre que poss\u00edvel prefira: 1- Conectar-se a internet via cabo e n\u00e3o por WI-FI 2- Utilizar fone de ouvidos 3- Utilize o software Zoom para melhor qualidade. Para baixar, clique aqui. Clique no bot\u00e3o abaixo para ingressar na reuni\u00e3o Utilize a [&hellip;]\" \/>\n<meta property=\"og:url\" content=\"https:\/\/www.institutodeengenharia.org.br\/site\/salaprivada\/\" \/>\n<meta property=\"og:site_name\" content=\"Instituto de Engenharia\" \/>\n<meta property=\"article:publisher\" content=\"https:\/\/www.facebook.com\/institutodeengenharia\" \/>\n<meta property=\"article:modified_time\" content=\"2019-07-30T15:14:25+00:00\" \/>\n<meta property=\"og:image\" content=\"https:\/\/www.institutodeengenharia.org.br\/site\/wp-content\/uploads\/2019\/07\/button_entrar-na-sala.png\" \/>\n<meta name=\"twitter:card\" content=\"summary_large_image\" \/>\n<meta name=\"twitter:site\" content=\"@iengenharia\" \/>\n<meta name=\"twitter:label1\" content=\"Est. tempo de leitura\" \/>\n\t<meta name=\"twitter:data1\" content=\"1 minuto\" \/>\n<script type=\"application\/ld+json\" class=\"yoast-schema-graph\">{\"@context\":\"https:\/\/schema.org\",\"@graph\":[{\"@type\":\"WebPage\",\"@id\":\"https:\/\/www.institutodeengenharia.org.br\/site\/salaprivada\/\",\"url\":\"https:\/\/www.institutodeengenharia.org.br\/site\/salaprivada\/\",\"name\":\"Sala Privada - Instituto de Engenharia\",\"isPartOf\":{\"@id\":\"https:\/\/www.institutodeengenharia.org.br\/site\/#website\"},\"primaryImageOfPage\":{\"@id\":\"https:\/\/www.institutodeengenharia.org.br\/site\/salaprivada\/#primaryimage\"},\"image\":{\"@id\":\"https:\/\/www.institutodeengenharia.org.br\/site\/salaprivada\/#primaryimage\"},\"thumbnailUrl\":\"https:\/\/www.institutodeengenharia.org.br\/site\/wp-content\/uploads\/2019\/07\/button_entrar-na-sala.png\",\"datePublished\":\"2019-07-30T15:06:22+00:00\",\"dateModified\":\"2019-07-30T15:14:25+00:00\",\"breadcrumb\":{\"@id\":\"https:\/\/www.institutodeengenharia.org.br\/site\/salaprivada\/#breadcrumb\"},\"inLanguage\":\"pt-BR\",\"potentialAction\":[{\"@type\":\"ReadAction\",\"target\":[\"https:\/\/www.institutodeengenharia.org.br\/site\/salaprivada\/\"]}]},{\"@type\":\"ImageObject\",\"inLanguage\":\"pt-BR\",\"@id\":\"https:\/\/www.institutodeengenharia.org.br\/site\/salaprivada\/#primaryimage\",\"url\":\"https:\/\/www.institutodeengenharia.org.br\/site\/wp-content\/uploads\/2019\/07\/button_entrar-na-sala.png\",\"contentUrl\":\"https:\/\/www.institutodeengenharia.org.br\/site\/wp-content\/uploads\/2019\/07\/button_entrar-na-sala.png\"},{\"@type\":\"BreadcrumbList\",\"@id\":\"https:\/\/www.institutodeengenharia.org.br\/site\/salaprivada\/#breadcrumb\",\"itemListElement\":[{\"@type\":\"ListItem\",\"position\":1,\"name\":\"In\u00edcio\",\"item\":\"https:\/\/www.institutodeengenharia.org.br\/site\/\"},{\"@type\":\"ListItem\",\"position\":2,\"name\":\"Sala Privada\"}]},{\"@type\":\"WebSite\",\"@id\":\"https:\/\/www.institutodeengenharia.org.br\/site\/#website\",\"url\":\"https:\/\/www.institutodeengenharia.org.br\/site\/\",\"name\":\"Instituto de Engenharia\",\"description\":\"O Instituto de Engenharia promove a Engenharia em benef\u00edcio do desenvolvimento e da qualidade de vida da sociedade.\",\"publisher\":{\"@id\":\"https:\/\/www.institutodeengenharia.org.br\/site\/#organization\"},\"potentialAction\":[{\"@type\":\"SearchAction\",\"target\":{\"@type\":\"EntryPoint\",\"urlTemplate\":\"https:\/\/www.institutodeengenharia.org.br\/site\/?s={search_term_string}\"},\"query-input\":{\"@type\":\"PropertyValueSpecification\",\"valueRequired\":true,\"valueName\":\"search_term_string\"}}],\"inLanguage\":\"pt-BR\"},{\"@type\":\"Organization\",\"@id\":\"https:\/\/www.institutodeengenharia.org.br\/site\/#organization\",\"name\":\"Instituto de Engenharia\",\"url\":\"https:\/\/www.institutodeengenharia.org.br\/site\/\",\"logo\":{\"@type\":\"ImageObject\",\"inLanguage\":\"pt-BR\",\"@id\":\"https:\/\/www.institutodeengenharia.org.br\/site\/#\/schema\/logo\/image\/\",\"url\":\"https:\/\/www.institutodeengenharia.org.br\/site\/wp-content\/uploads\/2019\/03\/logo-novo-IE2018-1.jpg\",\"contentUrl\":\"https:\/\/www.institutodeengenharia.org.br\/site\/wp-content\/uploads\/2019\/03\/logo-novo-IE2018-1.jpg\",\"width\":1486,\"height\":1879,\"caption\":\"Instituto de Engenharia\"},\"image\":{\"@id\":\"https:\/\/www.institutodeengenharia.org.br\/site\/#\/schema\/logo\/image\/\"},\"sameAs\":[\"https:\/\/www.facebook.com\/institutodeengenharia\",\"https:\/\/x.com\/iengenharia\",\"https:\/\/www.instagram.com\/institutodeengenharia\/\",\"https:\/\/www.linkedin.com\/company\/instituto-de-engenharia\/\",\"https:\/\/www.youtube.com\/channel\/UCXiCAlsSMe977vamW915HxA\"]}]}<\/script>\n<!-- \/ Yoast SEO plugin. -->","yoast_head_json":{"title":"Sala Privada - Instituto de Engenharia","robots":{"index":"index","follow":"follow","max-snippet":"max-snippet:-1","max-image-preview":"max-image-preview:large","max-video-preview":"max-video-preview:-1"},"canonical":"https:\/\/www.institutodeengenharia.org.br\/site\/salaprivada\/","og_locale":"pt_BR","og_type":"article","og_title":"Sala Privada - Instituto de Engenharia","og_description":"Reuni\u00e3o de Diretoria Dia:30\/07\/2019 &#8211; Hor\u00e1rio:17:30 Para ter uma boa experi\u00eancia durante a reuni\u00e3o, sempre que poss\u00edvel prefira: 1- Conectar-se a internet via cabo e n\u00e3o por WI-FI 2- Utilizar fone de ouvidos 3- Utilize o software Zoom para melhor qualidade. Para baixar, clique aqui. Clique no bot\u00e3o abaixo para ingressar na reuni\u00e3o Utilize a [&hellip;]","og_url":"https:\/\/www.institutodeengenharia.org.br\/site\/salaprivada\/","og_site_name":"Instituto de Engenharia","article_publisher":"https:\/\/www.facebook.com\/institutodeengenharia","article_modified_time":"2019-07-30T15:14:25+00:00","og_image":[{"url":"https:\/\/www.institutodeengenharia.org.br\/site\/wp-content\/uploads\/2019\/07\/button_entrar-na-sala.png","type":"","width":"","height":""}],"twitter_card":"summary_large_image","twitter_site":"@iengenharia","twitter_misc":{"Est. tempo de leitura":"1 minuto"},"schema":{"@context":"https:\/\/schema.org","@graph":[{"@type":"WebPage","@id":"https:\/\/www.institutodeengenharia.org.br\/site\/salaprivada\/","url":"https:\/\/www.institutodeengenharia.org.br\/site\/salaprivada\/","name":"Sala Privada - Instituto de Engenharia","isPartOf":{"@id":"https:\/\/www.institutodeengenharia.org.br\/site\/#website"},"primaryImageOfPage":{"@id":"https:\/\/www.institutodeengenharia.org.br\/site\/salaprivada\/#primaryimage"},"image":{"@id":"https:\/\/www.institutodeengenharia.org.br\/site\/salaprivada\/#primaryimage"},"thumbnailUrl":"https:\/\/www.institutodeengenharia.org.br\/site\/wp-content\/uploads\/2019\/07\/button_entrar-na-sala.png","datePublished":"2019-07-30T15:06:22+00:00","dateModified":"2019-07-30T15:14:25+00:00","breadcrumb":{"@id":"https:\/\/www.institutodeengenharia.org.br\/site\/salaprivada\/#breadcrumb"},"inLanguage":"pt-BR","potentialAction":[{"@type":"ReadAction","target":["https:\/\/www.institutodeengenharia.org.br\/site\/salaprivada\/"]}]},{"@type":"ImageObject","inLanguage":"pt-BR","@id":"https:\/\/www.institutodeengenharia.org.br\/site\/salaprivada\/#primaryimage","url":"https:\/\/www.institutodeengenharia.org.br\/site\/wp-content\/uploads\/2019\/07\/button_entrar-na-sala.png","contentUrl":"https:\/\/www.institutodeengenharia.org.br\/site\/wp-content\/uploads\/2019\/07\/button_entrar-na-sala.png"},{"@type":"BreadcrumbList","@id":"https:\/\/www.institutodeengenharia.org.br\/site\/salaprivada\/#breadcrumb","itemListElement":[{"@type":"ListItem","position":1,"name":"In\u00edcio","item":"https:\/\/www.institutodeengenharia.org.br\/site\/"},{"@type":"ListItem","position":2,"name":"Sala Privada"}]},{"@type":"WebSite","@id":"https:\/\/www.institutodeengenharia.org.br\/site\/#website","url":"https:\/\/www.institutodeengenharia.org.br\/site\/","name":"Instituto de Engenharia","description":"O Instituto de Engenharia promove a Engenharia em benef\u00edcio do desenvolvimento e da qualidade de vida da sociedade.","publisher":{"@id":"https:\/\/www.institutodeengenharia.org.br\/site\/#organization"},"potentialAction":[{"@type":"SearchAction","target":{"@type":"EntryPoint","urlTemplate":"https:\/\/www.institutodeengenharia.org.br\/site\/?s={search_term_string}"},"query-input":{"@type":"PropertyValueSpecification","valueRequired":true,"valueName":"search_term_string"}}],"inLanguage":"pt-BR"},{"@type":"Organization","@id":"https:\/\/www.institutodeengenharia.org.br\/site\/#organization","name":"Instituto de Engenharia","url":"https:\/\/www.institutodeengenharia.org.br\/site\/","logo":{"@type":"ImageObject","inLanguage":"pt-BR","@id":"https:\/\/www.institutodeengenharia.org.br\/site\/#\/schema\/logo\/image\/","url":"https:\/\/www.institutodeengenharia.org.br\/site\/wp-content\/uploads\/2019\/03\/logo-novo-IE2018-1.jpg","contentUrl":"https:\/\/www.institutodeengenharia.org.br\/site\/wp-content\/uploads\/2019\/03\/logo-novo-IE2018-1.jpg","width":1486,"height":1879,"caption":"Instituto de Engenharia"},"image":{"@id":"https:\/\/www.institutodeengenharia.org.br\/site\/#\/schema\/logo\/image\/"},"sameAs":["https:\/\/www.facebook.com\/institutodeengenharia","https:\/\/x.com\/iengenharia","https:\/\/www.instagram.com\/institutodeengenharia\/","https:\/\/www.linkedin.com\/company\/instituto-de-engenharia\/","https:\/\/www.youtube.com\/channel\/UCXiCAlsSMe977vamW915HxA"]}]}},"_links":{"self":[{"href":"https:\/\/www.institutodeengenharia.org.br\/site\/wp-json\/wp\/v2\/pages\/43233","targetHints":{"allow":["GET"]}}],"collection":[{"href":"https:\/\/www.institutodeengenharia.org.br\/site\/wp-json\/wp\/v2\/pages"}],"about":[{"href":"https:\/\/www.institutodeengenharia.org.br\/site\/wp-json\/wp\/v2\/types\/page"}],"author":[{"embeddable":true,"href":"https:\/\/www.institutodeengenharia.org.br\/site\/wp-json\/wp\/v2\/users\/12"}],"replies":[{"embeddable":true,"href":"https:\/\/www.institutodeengenharia.org.br\/site\/wp-json\/wp\/v2\/comments?post=43233"}],"version-history":[{"count":5,"href":"https:\/\/www.institutodeengenharia.org.br\/site\/wp-json\/wp\/v2\/pages\/43233\/revisions"}],"predecessor-version":[{"id":106498,"href":"https:\/\/www.institutodeengenharia.org.br\/site\/wp-json\/wp\/v2\/pages\/43233\/revisions\/106498"}],"wp:attachment":[{"href":"https:\/\/www.institutodeengenharia.org.br\/site\/wp-json\/wp\/v2\/media?parent=43233"}],"curies":[{"name":"wp","href":"https:\/\/api.w.org\/{rel}","templated":true}]}}