{"id":43008,"date":"2019-06-28T10:42:41","date_gmt":"2019-06-28T13:42:41","guid":{"rendered":"https:\/\/www.institutodeengenharia.org.br\/site\/?page_id=43008"},"modified":"2023-05-12T15:23:36","modified_gmt":"2023-05-12T18:23:36","slug":"doacao","status":"publish","type":"page","link":"https:\/\/www.institutodeengenharia.org.br\/site\/doacao\/","title":{"rendered":"Fa\u00e7a sua doa\u00e7\u00e3o ao Instituto de Engenharia!"},"content":{"rendered":"<p><em>N\u00e3o h\u00e1 doa\u00e7\u00e3o pequena demais e nem grande demais.<\/em><\/p>\n<p style=\"font-weight: 400;\">Para transfer\u00eancia entre contas.<br \/>\nInstituto de Engenharia<br \/>\nCNPJ 61.647483\/0001-05<br \/>\nBanco Ita\u00fa (341)<br \/>\nAg\u00eancia 0740<br \/>\nC\/C 49120-4<\/p>\n<div class=\"bandeiras\"><img decoding=\"async\" src=\"https:\/\/www.institutodeengenharia.org.br\/site\/wp-content\/uploads\/2020\/04\/bandeira-visa.png\" \/><br \/>\n<img decoding=\"async\" src=\"https:\/\/www.institutodeengenharia.org.br\/site\/wp-content\/uploads\/2020\/04\/bandeira-mastercard.png\" \/><br \/>\n<img decoding=\"async\" src=\"https:\/\/www.institutodeengenharia.org.br\/site\/wp-content\/uploads\/2020\/04\/bandeira-elo.png\" \/><br \/>\n<img decoding=\"async\" src=\"https:\/\/www.institutodeengenharia.org.br\/site\/wp-content\/uploads\/2020\/04\/bandeira-hipercard.png\" \/><br \/>\n<img decoding=\"async\" src=\"https:\/\/www.institutodeengenharia.org.br\/site\/wp-content\/uploads\/2020\/04\/bandeira-amex2.png\" \/><\/div>\n<div class=\"botoes-doacao\">\n<p><img loading=\"lazy\" decoding=\"async\" src=\"https:\/\/www.institutodeengenharia.org.br\/site\/wp-content\/uploads\/2023\/05\/MicrosoftTeams-image-29-273x300.png\" alt=\"\" width=\"273\" height=\"300\" class=\"alignnone size-medium wp-image-105693\" id=\"qrcodepix\" style=\"cursor: pointer\" srcset=\"https:\/\/www.institutodeengenharia.org.br\/site\/wp-content\/uploads\/2023\/05\/MicrosoftTeams-image-29-273x300.png 273w, https:\/\/www.institutodeengenharia.org.br\/site\/wp-content\/uploads\/2023\/05\/MicrosoftTeams-image-29.png 281w\" sizes=\"auto, (max-width: 273px) 100vw, 273px\" \/><\/p>\n<p><script>\n    document.getElementById(\"qrcodepix\").addEventListener('click', () => {\n        navigator.clipboard.writeText('00020126510014BR.GOV.BCB.PIX0129financeiro@iengenharia.org.br5204000053039865802BR5923INSTITUTO DE ENGENHARIA6009SAO PAULO62100506Doacao6304D04F');\n        alert(\"C\u00f3digo copiado!\");\n    })\n<\/script><\/p>\n<p><a href=\"https:\/\/link.pagar.me\/lHk59sen42\" target=\"_blank\" rel=\"noopener noreferrer\">Doar R$50,00<\/a><\/p>\n<p><a href=\"https:\/\/link.pagar.me\/lSJJqCehN3\" target=\"_blank\" rel=\"noopener noreferrer\">Doar R$100,00<\/a><\/p>\n<p><a href=\"https:\/\/link.pagar.me\/lHkg1WkbhN2\" target=\"_blank\" rel=\"noopener noreferrer\">Doar R$500,00<\/a><\/p>\n<p><a href=\"https:\/\/link.pagar.me\/lrJvN1WnV2\" target=\"_blank\" rel=\"noopener noreferrer\">Doar R$1.000,00<\/a><\/p>\n<p><a href=\"https:\/\/link.pagar.me\/lrJUvkW2En\" target=\"_blank\" rel=\"noopener noreferrer\">Doar R$5.000,00<\/a><\/p>\n<p><a href=\"https:\/\/pag.ae\/7VUxmpKcL\" target=\"_blank\" rel=\"noopener noreferrer\">Doar Outro Valor<\/a><\/p>\n<\/div>\n<p><!-- Para valores maiores, entre em contato pelo telefone: 11.3466.9200, de segunda \u00e0s sextas-feiras, das 9h \u00e0s 17h30. --><\/p>\n<style>\n        .botoes-doacao { text-align: center; }\n        .botoes-doacao label { width: 160px; font-weight: bold; }\n        .botoes-doacao form { display: flex; margin-bottom: 40px; }\n        .botoes-doacao form br { display: none; }\n        .botoes-doacao a { width:200px; background:#0b5394; border-radius:10px; box-shadow:0 3px #073763; padding:10px 20px; color:#ffffff; display:inline-block; font:normal bold 20px\/1 \"Open Sans\", sans-serif; text-align:center; }\n        .botoes-doacao p { text-align: center; }\n        .bandeiras { display: flex; align-items: center; margin-left: 10px; justify-content: center; margin-bottom: 20px;}\n        .bandeiras img { height: 40px; margin-right: 10px;}\n    <\/style>\n","protected":false},"excerpt":{"rendered":"<p>N\u00e3o h\u00e1 doa\u00e7\u00e3o pequena demais e nem grande demais. Para transfer\u00eancia entre contas. Instituto de Engenharia CNPJ 61.647483\/0001-05 Banco Ita\u00fa (341) Ag\u00eancia 0740 C\/C 49120-4 Doar R$50,00 Doar R$100,00 Doar R$500,00 Doar R$1.000,00 Doar R$5.000,00 Doar Outro Valor<\/p>\n","protected":false},"author":12,"featured_media":0,"parent":0,"menu_order":0,"comment_status":"closed","ping_status":"closed","template":"","meta":{"footnotes":""},"class_list":["post-43008","page","type-page","status-publish"],"yoast_head":"<!-- This site is optimized with the Yoast SEO plugin v27.5 - https:\/\/yoast.com\/product\/yoast-seo-wordpress\/ -->\n<title>Fa\u00e7a sua doa\u00e7\u00e3o ao Instituto de Engenharia! - Instituto de Engenharia<\/title>\n<meta name=\"robots\" content=\"index, follow, max-snippet:-1, max-image-preview:large, max-video-preview:-1\" \/>\n<link rel=\"canonical\" href=\"https:\/\/www.institutodeengenharia.org.br\/site\/doacao\/\" \/>\n<meta property=\"og:locale\" content=\"pt_BR\" \/>\n<meta property=\"og:type\" content=\"article\" \/>\n<meta property=\"og:title\" content=\"Fa\u00e7a sua doa\u00e7\u00e3o ao Instituto de Engenharia! - Instituto de Engenharia\" \/>\n<meta property=\"og:description\" content=\"N\u00e3o h\u00e1 doa\u00e7\u00e3o pequena demais e nem grande demais. Para transfer\u00eancia entre contas. Instituto de Engenharia CNPJ 61.647483\/0001-05 Banco Ita\u00fa (341) Ag\u00eancia 0740 C\/C 49120-4 Doar R$50,00 Doar R$100,00 Doar R$500,00 Doar R$1.000,00 Doar R$5.000,00 Doar Outro Valor\" \/>\n<meta property=\"og:url\" content=\"https:\/\/www.institutodeengenharia.org.br\/site\/doacao\/\" \/>\n<meta property=\"og:site_name\" content=\"Instituto de Engenharia\" \/>\n<meta property=\"article:publisher\" content=\"https:\/\/www.facebook.com\/institutodeengenharia\" \/>\n<meta property=\"article:modified_time\" content=\"2023-05-12T18:23:36+00:00\" \/>\n<meta property=\"og:image\" content=\"https:\/\/www.institutodeengenharia.org.br\/site\/wp-content\/uploads\/2020\/04\/bandeira-visa.png\" \/>\n<meta name=\"twitter:card\" content=\"summary_large_image\" \/>\n<meta name=\"twitter:site\" content=\"@iengenharia\" \/>\n<meta name=\"twitter:label1\" content=\"Est. tempo de leitura\" \/>\n\t<meta name=\"twitter:data1\" content=\"2 minutos\" \/>\n<script type=\"application\/ld+json\" class=\"yoast-schema-graph\">{\"@context\":\"https:\\\/\\\/schema.org\",\"@graph\":[{\"@type\":\"WebPage\",\"@id\":\"https:\\\/\\\/www.institutodeengenharia.org.br\\\/site\\\/doacao\\\/\",\"url\":\"https:\\\/\\\/www.institutodeengenharia.org.br\\\/site\\\/doacao\\\/\",\"name\":\"Fa\u00e7a sua doa\u00e7\u00e3o ao Instituto de Engenharia! - Instituto de Engenharia\",\"isPartOf\":{\"@id\":\"https:\\\/\\\/www.institutodeengenharia.org.br\\\/site\\\/#website\"},\"primaryImageOfPage\":{\"@id\":\"https:\\\/\\\/www.institutodeengenharia.org.br\\\/site\\\/doacao\\\/#primaryimage\"},\"image\":{\"@id\":\"https:\\\/\\\/www.institutodeengenharia.org.br\\\/site\\\/doacao\\\/#primaryimage\"},\"thumbnailUrl\":\"https:\\\/\\\/www.institutodeengenharia.org.br\\\/site\\\/wp-content\\\/uploads\\\/2020\\\/04\\\/bandeira-visa.png\",\"datePublished\":\"2019-06-28T13:42:41+00:00\",\"dateModified\":\"2023-05-12T18:23:36+00:00\",\"breadcrumb\":{\"@id\":\"https:\\\/\\\/www.institutodeengenharia.org.br\\\/site\\\/doacao\\\/#breadcrumb\"},\"inLanguage\":\"pt-BR\",\"potentialAction\":[{\"@type\":\"ReadAction\",\"target\":[\"https:\\\/\\\/www.institutodeengenharia.org.br\\\/site\\\/doacao\\\/\"]}]},{\"@type\":\"ImageObject\",\"inLanguage\":\"pt-BR\",\"@id\":\"https:\\\/\\\/www.institutodeengenharia.org.br\\\/site\\\/doacao\\\/#primaryimage\",\"url\":\"https:\\\/\\\/www.institutodeengenharia.org.br\\\/site\\\/wp-content\\\/uploads\\\/2020\\\/04\\\/bandeira-visa.png\",\"contentUrl\":\"https:\\\/\\\/www.institutodeengenharia.org.br\\\/site\\\/wp-content\\\/uploads\\\/2020\\\/04\\\/bandeira-visa.png\",\"width\":256,\"height\":256},{\"@type\":\"BreadcrumbList\",\"@id\":\"https:\\\/\\\/www.institutodeengenharia.org.br\\\/site\\\/doacao\\\/#breadcrumb\",\"itemListElement\":[{\"@type\":\"ListItem\",\"position\":1,\"name\":\"In\u00edcio\",\"item\":\"https:\\\/\\\/www.institutodeengenharia.org.br\\\/site\\\/\"},{\"@type\":\"ListItem\",\"position\":2,\"name\":\"Fa\u00e7a sua doa\u00e7\u00e3o ao Instituto de Engenharia!\"}]},{\"@type\":\"WebSite\",\"@id\":\"https:\\\/\\\/www.institutodeengenharia.org.br\\\/site\\\/#website\",\"url\":\"https:\\\/\\\/www.institutodeengenharia.org.br\\\/site\\\/\",\"name\":\"Instituto de Engenharia\",\"description\":\"O Instituto de Engenharia promove a Engenharia em benef\u00edcio do desenvolvimento e da qualidade de vida da sociedade.\",\"publisher\":{\"@id\":\"https:\\\/\\\/www.institutodeengenharia.org.br\\\/site\\\/#organization\"},\"potentialAction\":[{\"@type\":\"SearchAction\",\"target\":{\"@type\":\"EntryPoint\",\"urlTemplate\":\"https:\\\/\\\/www.institutodeengenharia.org.br\\\/site\\\/?s={search_term_string}\"},\"query-input\":{\"@type\":\"PropertyValueSpecification\",\"valueRequired\":true,\"valueName\":\"search_term_string\"}}],\"inLanguage\":\"pt-BR\"},{\"@type\":\"Organization\",\"@id\":\"https:\\\/\\\/www.institutodeengenharia.org.br\\\/site\\\/#organization\",\"name\":\"Instituto de Engenharia\",\"url\":\"https:\\\/\\\/www.institutodeengenharia.org.br\\\/site\\\/\",\"logo\":{\"@type\":\"ImageObject\",\"inLanguage\":\"pt-BR\",\"@id\":\"https:\\\/\\\/www.institutodeengenharia.org.br\\\/site\\\/#\\\/schema\\\/logo\\\/image\\\/\",\"url\":\"https:\\\/\\\/www.institutodeengenharia.org.br\\\/site\\\/wp-content\\\/uploads\\\/2019\\\/03\\\/logo-novo-IE2018-1.jpg\",\"contentUrl\":\"https:\\\/\\\/www.institutodeengenharia.org.br\\\/site\\\/wp-content\\\/uploads\\\/2019\\\/03\\\/logo-novo-IE2018-1.jpg\",\"width\":1486,\"height\":1879,\"caption\":\"Instituto de Engenharia\"},\"image\":{\"@id\":\"https:\\\/\\\/www.institutodeengenharia.org.br\\\/site\\\/#\\\/schema\\\/logo\\\/image\\\/\"},\"sameAs\":[\"https:\\\/\\\/www.facebook.com\\\/institutodeengenharia\",\"https:\\\/\\\/x.com\\\/iengenharia\",\"https:\\\/\\\/www.instagram.com\\\/institutodeengenharia\\\/\",\"https:\\\/\\\/www.linkedin.com\\\/company\\\/instituto-de-engenharia\\\/\",\"https:\\\/\\\/www.youtube.com\\\/channel\\\/UCXiCAlsSMe977vamW915HxA\"]}]}<\/script>\n<!-- \/ Yoast SEO plugin. -->","yoast_head_json":{"title":"Fa\u00e7a sua doa\u00e7\u00e3o ao Instituto de Engenharia! - Instituto de Engenharia","robots":{"index":"index","follow":"follow","max-snippet":"max-snippet:-1","max-image-preview":"max-image-preview:large","max-video-preview":"max-video-preview:-1"},"canonical":"https:\/\/www.institutodeengenharia.org.br\/site\/doacao\/","og_locale":"pt_BR","og_type":"article","og_title":"Fa\u00e7a sua doa\u00e7\u00e3o ao Instituto de Engenharia! - Instituto de Engenharia","og_description":"N\u00e3o h\u00e1 doa\u00e7\u00e3o pequena demais e nem grande demais. Para transfer\u00eancia entre contas. Instituto de Engenharia CNPJ 61.647483\/0001-05 Banco Ita\u00fa (341) Ag\u00eancia 0740 C\/C 49120-4 Doar R$50,00 Doar R$100,00 Doar R$500,00 Doar R$1.000,00 Doar R$5.000,00 Doar Outro Valor","og_url":"https:\/\/www.institutodeengenharia.org.br\/site\/doacao\/","og_site_name":"Instituto de Engenharia","article_publisher":"https:\/\/www.facebook.com\/institutodeengenharia","article_modified_time":"2023-05-12T18:23:36+00:00","og_image":[{"url":"https:\/\/www.institutodeengenharia.org.br\/site\/wp-content\/uploads\/2020\/04\/bandeira-visa.png","type":"","width":"","height":""}],"twitter_card":"summary_large_image","twitter_site":"@iengenharia","twitter_misc":{"Est. tempo de leitura":"2 minutos"},"schema":{"@context":"https:\/\/schema.org","@graph":[{"@type":"WebPage","@id":"https:\/\/www.institutodeengenharia.org.br\/site\/doacao\/","url":"https:\/\/www.institutodeengenharia.org.br\/site\/doacao\/","name":"Fa\u00e7a sua doa\u00e7\u00e3o ao Instituto de Engenharia! - Instituto de Engenharia","isPartOf":{"@id":"https:\/\/www.institutodeengenharia.org.br\/site\/#website"},"primaryImageOfPage":{"@id":"https:\/\/www.institutodeengenharia.org.br\/site\/doacao\/#primaryimage"},"image":{"@id":"https:\/\/www.institutodeengenharia.org.br\/site\/doacao\/#primaryimage"},"thumbnailUrl":"https:\/\/www.institutodeengenharia.org.br\/site\/wp-content\/uploads\/2020\/04\/bandeira-visa.png","datePublished":"2019-06-28T13:42:41+00:00","dateModified":"2023-05-12T18:23:36+00:00","breadcrumb":{"@id":"https:\/\/www.institutodeengenharia.org.br\/site\/doacao\/#breadcrumb"},"inLanguage":"pt-BR","potentialAction":[{"@type":"ReadAction","target":["https:\/\/www.institutodeengenharia.org.br\/site\/doacao\/"]}]},{"@type":"ImageObject","inLanguage":"pt-BR","@id":"https:\/\/www.institutodeengenharia.org.br\/site\/doacao\/#primaryimage","url":"https:\/\/www.institutodeengenharia.org.br\/site\/wp-content\/uploads\/2020\/04\/bandeira-visa.png","contentUrl":"https:\/\/www.institutodeengenharia.org.br\/site\/wp-content\/uploads\/2020\/04\/bandeira-visa.png","width":256,"height":256},{"@type":"BreadcrumbList","@id":"https:\/\/www.institutodeengenharia.org.br\/site\/doacao\/#breadcrumb","itemListElement":[{"@type":"ListItem","position":1,"name":"In\u00edcio","item":"https:\/\/www.institutodeengenharia.org.br\/site\/"},{"@type":"ListItem","position":2,"name":"Fa\u00e7a sua doa\u00e7\u00e3o ao Instituto de Engenharia!"}]},{"@type":"WebSite","@id":"https:\/\/www.institutodeengenharia.org.br\/site\/#website","url":"https:\/\/www.institutodeengenharia.org.br\/site\/","name":"Instituto de Engenharia","description":"O Instituto de Engenharia promove a Engenharia em benef\u00edcio do desenvolvimento e da qualidade de vida da sociedade.","publisher":{"@id":"https:\/\/www.institutodeengenharia.org.br\/site\/#organization"},"potentialAction":[{"@type":"SearchAction","target":{"@type":"EntryPoint","urlTemplate":"https:\/\/www.institutodeengenharia.org.br\/site\/?s={search_term_string}"},"query-input":{"@type":"PropertyValueSpecification","valueRequired":true,"valueName":"search_term_string"}}],"inLanguage":"pt-BR"},{"@type":"Organization","@id":"https:\/\/www.institutodeengenharia.org.br\/site\/#organization","name":"Instituto de Engenharia","url":"https:\/\/www.institutodeengenharia.org.br\/site\/","logo":{"@type":"ImageObject","inLanguage":"pt-BR","@id":"https:\/\/www.institutodeengenharia.org.br\/site\/#\/schema\/logo\/image\/","url":"https:\/\/www.institutodeengenharia.org.br\/site\/wp-content\/uploads\/2019\/03\/logo-novo-IE2018-1.jpg","contentUrl":"https:\/\/www.institutodeengenharia.org.br\/site\/wp-content\/uploads\/2019\/03\/logo-novo-IE2018-1.jpg","width":1486,"height":1879,"caption":"Instituto de Engenharia"},"image":{"@id":"https:\/\/www.institutodeengenharia.org.br\/site\/#\/schema\/logo\/image\/"},"sameAs":["https:\/\/www.facebook.com\/institutodeengenharia","https:\/\/x.com\/iengenharia","https:\/\/www.instagram.com\/institutodeengenharia\/","https:\/\/www.linkedin.com\/company\/instituto-de-engenharia\/","https:\/\/www.youtube.com\/channel\/UCXiCAlsSMe977vamW915HxA"]}]}},"_links":{"self":[{"href":"https:\/\/www.institutodeengenharia.org.br\/site\/wp-json\/wp\/v2\/pages\/43008","targetHints":{"allow":["GET"]}}],"collection":[{"href":"https:\/\/www.institutodeengenharia.org.br\/site\/wp-json\/wp\/v2\/pages"}],"about":[{"href":"https:\/\/www.institutodeengenharia.org.br\/site\/wp-json\/wp\/v2\/types\/page"}],"author":[{"embeddable":true,"href":"https:\/\/www.institutodeengenharia.org.br\/site\/wp-json\/wp\/v2\/users\/12"}],"replies":[{"embeddable":true,"href":"https:\/\/www.institutodeengenharia.org.br\/site\/wp-json\/wp\/v2\/comments?post=43008"}],"version-history":[{"count":52,"href":"https:\/\/www.institutodeengenharia.org.br\/site\/wp-json\/wp\/v2\/pages\/43008\/revisions"}],"predecessor-version":[{"id":105714,"href":"https:\/\/www.institutodeengenharia.org.br\/site\/wp-json\/wp\/v2\/pages\/43008\/revisions\/105714"}],"wp:attachment":[{"href":"https:\/\/www.institutodeengenharia.org.br\/site\/wp-json\/wp\/v2\/media?parent=43008"}],"curies":[{"name":"wp","href":"https:\/\/api.w.org\/{rel}","templated":true}]}}