{"id":42473,"date":"2019-05-13T14:04:10","date_gmt":"2019-05-13T17:04:10","guid":{"rendered":"https:\/\/www.institutodeengenharia.org.br\/site\/?page_id=42473"},"modified":"2026-03-04T16:43:10","modified_gmt":"2026-03-04T19:43:10","slug":"envie-seu-artigo-para-a-revista-engenharia","status":"publish","type":"page","link":"https:\/\/www.institutodeengenharia.org.br\/site\/envie-seu-artigo-para-a-revista-engenharia\/","title":{"rendered":"Envie seu artigo para a Revista Engenharia"},"content":{"rendered":"<p>Publicada desde 1917, a Revista Engenharia teve sua origem como uma publica\u00e7\u00e3o que divulgava estudos e reproduzia os debates t\u00e9cnicos travados nas reuni\u00f5es regulares dos associados.<\/p>\n<p>A fidelidade a essa responsabilidade dura at\u00e9 hoje, pois mesmo nos momentos mais dif\u00edceis da Na\u00e7\u00e3o, o Instituto de Engenharia nunca interrompeu a publica\u00e7\u00e3o do peri\u00f3dico.<\/p>\n<p>Al\u00e9m de especialista da nossa Casa, contamos com estudos t\u00e9cnicos produzidos por diversos profissionais com o objetivo de levar o conhecimento para todos.<\/p>\n<p>Participe, apresente o seu texto, que passar\u00e1 pela comiss\u00e3o editorial. Abaixo, as normas de publica\u00e7\u00e3o.<\/p>\n<p><strong>NORMAS PARA APRESENTA\u00c7\u00c3O DE ARTIGO PARA PUBLICA\u00c7\u00c3O NA REVISTA ENGENHARIA<\/strong><\/p>\n<p>1. N\u00famero de p\u00e1ginas: o artigo deve obedecer ao limite de 12 (doze) laudas com 1200 toques por lauda, considerando-se texto e toda a mat\u00e9ria agregada como tabelas, figuras, fotos, ilustra\u00e7\u00f5es ou desenhos.<\/p>\n<p>2. Aplicativo: o trabalho ser\u00e1 executado em processador de texto compat\u00edvel com o MS Word.<\/p>\n<p>3. Mat\u00e9ria Agregada: toda a mat\u00e9ria agregada dever\u00e1 ser inserida no respectivo texto da forma pela qual ser\u00e1 publicada. Na eventualidade de inser\u00e7\u00e3o de fotos, as mesmas dever\u00e3o possuir resolu\u00e7\u00e3o m\u00ednima de 300 dpi.<\/p>\n<p>4. Envio: O artigo t\u00e9cnico ser\u00e1 enviado por e-mail para o Assessor de Diretoria do IE <a href=\"mailto:diretoriaoperacional@iengenharia.org.br\">diretoriaoperacional@iengenharia.org.br<\/a> endere\u00e7ado ao diretor da Revista Engenharia.<\/p>\n<p>5. An\u00e1lise: O artigo t\u00e9cnico ser\u00e1 submetido pelo diretor da Revista Engenharia \u00e0 an\u00e1lise de um ou mais membros da Comiss\u00e3o Editorial, um dos quais poder\u00e1 entrar em contato com o Autor para eventuais esclarecimentos ou complementa\u00e7\u00f5es. Havendo v\u00e1rios Autores, um deles ser\u00e1 designado representante pelo grupo.<br \/>\n5.1. O Autor dever\u00e1, se de acordo, proceder \u00e0s modifica\u00e7\u00f5es sugeridas, reenviando o artigo revisado completo no prazo m\u00e1ximo de 15(quinze) dias para o endere\u00e7o eletr\u00f4nico indicado pelo Membro da Comiss\u00e3o que o analisou.<\/p>\n<p>6. Os trabalhos t\u00e9cnicos para publica\u00e7\u00e3o na Revista Engenharia poder\u00e3o ser elaborados por autor n\u00e3o associado ao Instituto de Engenharia, desde que sejam de real interesse \u00e0 profiss\u00e3o; podem representar a colabora\u00e7\u00e3o de v\u00e1rios autores, mas devem ser apresentados por um deles, que os represente.<br \/>\na) O nome do autor ou dos autores dever\u00e1 ser inserido no canto superior direito da primeira p\u00e1gina do artigo. As respectivas qualifica\u00e7\u00f5es ser\u00e3o apostas ao final do artigo, no canto inferior direito.<br \/>\nb) Ser\u00e1 publicada foto do Autor (ou do Representante dos Autores), se for enviada digitalizada juntamente com a mat\u00e9ria que pretende publicar.<\/p>\n<p>7. Originalidade: A ju\u00edzo da Comiss\u00e3o Editorial, n\u00e3o poder\u00e3o ser inseridos artigos j\u00e1 publicados em outros ve\u00edculos de informa\u00e7\u00e3o, salvo se:<br \/>\na) Houver interesse na amplia\u00e7\u00e3o de seu universo de divulga\u00e7\u00e3o, pela oportunidade e import\u00e2ncia;<br \/>\nb) Tratar-se de trabalho apresentado na defesa de tese em concursos universit\u00e1rios ou em p\u00f3s-gradua\u00e7\u00e3o acad\u00eamica;<br \/>\nc) Tratar-se de trabalho apresentado em congressos ou eventos similares, em nome do Instituto de Engenharia, ou apresentados em eventos das Divis\u00f5es T\u00e9cnicas do IE, inclusive para o concurso \u00e0 premia\u00e7\u00e3o anual de trabalhos.<br \/>\nd) Apresentados em eventos internacionais e ainda n\u00e3o publicados em portugu\u00eas<\/p>\n<p>8. Prazos: O material j\u00e1 revisto pela Comiss\u00e3o Editorial e submetido ao crivo do autor n\u00e3o poder\u00e1 demorar mais do que 15 (quinze) dias para ser devolvido com o respectivo &#8220;de acordo&#8221;.<\/p>\n<p>9. Bibliografia: Ao final do trabalho ser\u00e1 indicada a bibliografia utilizada, se poss\u00edvel na ordem de seu comparecimento no texto, indicando-se al\u00e9m do autor e nome do trabalho, a editora, cidade e ano de publica\u00e7\u00e3o. No caso da Internet, dever\u00e1 constar o endere\u00e7o respectivo bem como a data da consulta.<br \/>\na) Fica impl\u00edcito que o Autor tamb\u00e9m permitir\u00e1 a publica\u00e7\u00e3o da mat\u00e9ria apresentada nos sites do IE, do Jornal e da Revista Engenharia, da Internet, independentemente de autoriza\u00e7\u00e3o expressa para esse fim.<br \/>\nb) A aprova\u00e7\u00e3o de um artigo n\u00e3o implica na sua publica\u00e7\u00e3o.<\/p>\n<p>10. Informa\u00e7\u00f5es Adicionais: Podem ser obtidas na secretaria das Divis\u00f5es T\u00e9cnicas, pelo telefone 3466-9250, de segunda \u00e0s sextas-feiras, das 11h30 \u00e0s 18h.<\/p>\n<p><strong><a href=\"https:\/\/www.institutodeengenharia.org.br\/site\/category\/revista-engenharia\/\">Clique<\/a> e confira as edi\u00e7\u00f5es da Revista Engenharia.<\/strong><\/p>\n","protected":false},"excerpt":{"rendered":"<p>Publicada desde 1917, a Revista Engenharia teve sua origem como uma publica\u00e7\u00e3o que divulgava estudos e reproduzia os debates t\u00e9cnicos travados nas reuni\u00f5es regulares dos associados. A fidelidade a essa responsabilidade dura at\u00e9 hoje, pois mesmo nos momentos mais dif\u00edceis da Na\u00e7\u00e3o, o Instituto de Engenharia nunca interrompeu a publica\u00e7\u00e3o do peri\u00f3dico. Al\u00e9m de especialista [&hellip;]<\/p>\n","protected":false},"author":2,"featured_media":0,"parent":0,"menu_order":0,"comment_status":"closed","ping_status":"closed","template":"","meta":{"footnotes":""},"class_list":["post-42473","page","type-page","status-publish"],"yoast_head":"<!-- This site is optimized with the Yoast SEO plugin v27.5 - https:\/\/yoast.com\/product\/yoast-seo-wordpress\/ -->\n<title>Envie seu artigo para a Revista Engenharia - Instituto de Engenharia<\/title>\n<meta name=\"robots\" content=\"index, follow, max-snippet:-1, max-image-preview:large, max-video-preview:-1\" \/>\n<link rel=\"canonical\" href=\"https:\/\/www.institutodeengenharia.org.br\/site\/envie-seu-artigo-para-a-revista-engenharia\/\" \/>\n<meta property=\"og:locale\" content=\"pt_BR\" \/>\n<meta property=\"og:type\" content=\"article\" \/>\n<meta property=\"og:title\" content=\"Envie seu artigo para a Revista Engenharia - Instituto de Engenharia\" \/>\n<meta property=\"og:description\" content=\"Publicada desde 1917, a Revista Engenharia teve sua origem como uma publica\u00e7\u00e3o que divulgava estudos e reproduzia os debates t\u00e9cnicos travados nas reuni\u00f5es regulares dos associados. A fidelidade a essa responsabilidade dura at\u00e9 hoje, pois mesmo nos momentos mais dif\u00edceis da Na\u00e7\u00e3o, o Instituto de Engenharia nunca interrompeu a publica\u00e7\u00e3o do peri\u00f3dico. Al\u00e9m de especialista [&hellip;]\" \/>\n<meta property=\"og:url\" content=\"https:\/\/www.institutodeengenharia.org.br\/site\/envie-seu-artigo-para-a-revista-engenharia\/\" \/>\n<meta property=\"og:site_name\" content=\"Instituto de Engenharia\" \/>\n<meta property=\"article:publisher\" content=\"https:\/\/www.facebook.com\/institutodeengenharia\" \/>\n<meta property=\"article:modified_time\" content=\"2026-03-04T19:43:10+00:00\" \/>\n<meta name=\"twitter:card\" content=\"summary_large_image\" \/>\n<meta name=\"twitter:site\" content=\"@iengenharia\" \/>\n<meta name=\"twitter:label1\" content=\"Est. tempo de leitura\" \/>\n\t<meta name=\"twitter:data1\" content=\"4 minutos\" \/>\n<script type=\"application\/ld+json\" class=\"yoast-schema-graph\">{\"@context\":\"https:\\\/\\\/schema.org\",\"@graph\":[{\"@type\":\"WebPage\",\"@id\":\"https:\\\/\\\/www.institutodeengenharia.org.br\\\/site\\\/envie-seu-artigo-para-a-revista-engenharia\\\/\",\"url\":\"https:\\\/\\\/www.institutodeengenharia.org.br\\\/site\\\/envie-seu-artigo-para-a-revista-engenharia\\\/\",\"name\":\"Envie seu artigo para a Revista Engenharia - Instituto de Engenharia\",\"isPartOf\":{\"@id\":\"https:\\\/\\\/www.institutodeengenharia.org.br\\\/site\\\/#website\"},\"datePublished\":\"2019-05-13T17:04:10+00:00\",\"dateModified\":\"2026-03-04T19:43:10+00:00\",\"breadcrumb\":{\"@id\":\"https:\\\/\\\/www.institutodeengenharia.org.br\\\/site\\\/envie-seu-artigo-para-a-revista-engenharia\\\/#breadcrumb\"},\"inLanguage\":\"pt-BR\",\"potentialAction\":[{\"@type\":\"ReadAction\",\"target\":[\"https:\\\/\\\/www.institutodeengenharia.org.br\\\/site\\\/envie-seu-artigo-para-a-revista-engenharia\\\/\"]}]},{\"@type\":\"BreadcrumbList\",\"@id\":\"https:\\\/\\\/www.institutodeengenharia.org.br\\\/site\\\/envie-seu-artigo-para-a-revista-engenharia\\\/#breadcrumb\",\"itemListElement\":[{\"@type\":\"ListItem\",\"position\":1,\"name\":\"In\u00edcio\",\"item\":\"https:\\\/\\\/www.institutodeengenharia.org.br\\\/site\\\/\"},{\"@type\":\"ListItem\",\"position\":2,\"name\":\"Envie seu artigo para a Revista Engenharia\"}]},{\"@type\":\"WebSite\",\"@id\":\"https:\\\/\\\/www.institutodeengenharia.org.br\\\/site\\\/#website\",\"url\":\"https:\\\/\\\/www.institutodeengenharia.org.br\\\/site\\\/\",\"name\":\"Instituto de Engenharia\",\"description\":\"O Instituto de Engenharia promove a Engenharia em benef\u00edcio do desenvolvimento e da qualidade de vida da sociedade.\",\"publisher\":{\"@id\":\"https:\\\/\\\/www.institutodeengenharia.org.br\\\/site\\\/#organization\"},\"potentialAction\":[{\"@type\":\"SearchAction\",\"target\":{\"@type\":\"EntryPoint\",\"urlTemplate\":\"https:\\\/\\\/www.institutodeengenharia.org.br\\\/site\\\/?s={search_term_string}\"},\"query-input\":{\"@type\":\"PropertyValueSpecification\",\"valueRequired\":true,\"valueName\":\"search_term_string\"}}],\"inLanguage\":\"pt-BR\"},{\"@type\":\"Organization\",\"@id\":\"https:\\\/\\\/www.institutodeengenharia.org.br\\\/site\\\/#organization\",\"name\":\"Instituto de Engenharia\",\"url\":\"https:\\\/\\\/www.institutodeengenharia.org.br\\\/site\\\/\",\"logo\":{\"@type\":\"ImageObject\",\"inLanguage\":\"pt-BR\",\"@id\":\"https:\\\/\\\/www.institutodeengenharia.org.br\\\/site\\\/#\\\/schema\\\/logo\\\/image\\\/\",\"url\":\"https:\\\/\\\/www.institutodeengenharia.org.br\\\/site\\\/wp-content\\\/uploads\\\/2019\\\/03\\\/logo-novo-IE2018-1.jpg\",\"contentUrl\":\"https:\\\/\\\/www.institutodeengenharia.org.br\\\/site\\\/wp-content\\\/uploads\\\/2019\\\/03\\\/logo-novo-IE2018-1.jpg\",\"width\":1486,\"height\":1879,\"caption\":\"Instituto de Engenharia\"},\"image\":{\"@id\":\"https:\\\/\\\/www.institutodeengenharia.org.br\\\/site\\\/#\\\/schema\\\/logo\\\/image\\\/\"},\"sameAs\":[\"https:\\\/\\\/www.facebook.com\\\/institutodeengenharia\",\"https:\\\/\\\/x.com\\\/iengenharia\",\"https:\\\/\\\/www.instagram.com\\\/institutodeengenharia\\\/\",\"https:\\\/\\\/www.linkedin.com\\\/company\\\/instituto-de-engenharia\\\/\",\"https:\\\/\\\/www.youtube.com\\\/channel\\\/UCXiCAlsSMe977vamW915HxA\"]}]}<\/script>\n<!-- \/ Yoast SEO plugin. -->","yoast_head_json":{"title":"Envie seu artigo para a Revista Engenharia - Instituto de Engenharia","robots":{"index":"index","follow":"follow","max-snippet":"max-snippet:-1","max-image-preview":"max-image-preview:large","max-video-preview":"max-video-preview:-1"},"canonical":"https:\/\/www.institutodeengenharia.org.br\/site\/envie-seu-artigo-para-a-revista-engenharia\/","og_locale":"pt_BR","og_type":"article","og_title":"Envie seu artigo para a Revista Engenharia - Instituto de Engenharia","og_description":"Publicada desde 1917, a Revista Engenharia teve sua origem como uma publica\u00e7\u00e3o que divulgava estudos e reproduzia os debates t\u00e9cnicos travados nas reuni\u00f5es regulares dos associados. A fidelidade a essa responsabilidade dura at\u00e9 hoje, pois mesmo nos momentos mais dif\u00edceis da Na\u00e7\u00e3o, o Instituto de Engenharia nunca interrompeu a publica\u00e7\u00e3o do peri\u00f3dico. Al\u00e9m de especialista [&hellip;]","og_url":"https:\/\/www.institutodeengenharia.org.br\/site\/envie-seu-artigo-para-a-revista-engenharia\/","og_site_name":"Instituto de Engenharia","article_publisher":"https:\/\/www.facebook.com\/institutodeengenharia","article_modified_time":"2026-03-04T19:43:10+00:00","twitter_card":"summary_large_image","twitter_site":"@iengenharia","twitter_misc":{"Est. tempo de leitura":"4 minutos"},"schema":{"@context":"https:\/\/schema.org","@graph":[{"@type":"WebPage","@id":"https:\/\/www.institutodeengenharia.org.br\/site\/envie-seu-artigo-para-a-revista-engenharia\/","url":"https:\/\/www.institutodeengenharia.org.br\/site\/envie-seu-artigo-para-a-revista-engenharia\/","name":"Envie seu artigo para a Revista Engenharia - Instituto de Engenharia","isPartOf":{"@id":"https:\/\/www.institutodeengenharia.org.br\/site\/#website"},"datePublished":"2019-05-13T17:04:10+00:00","dateModified":"2026-03-04T19:43:10+00:00","breadcrumb":{"@id":"https:\/\/www.institutodeengenharia.org.br\/site\/envie-seu-artigo-para-a-revista-engenharia\/#breadcrumb"},"inLanguage":"pt-BR","potentialAction":[{"@type":"ReadAction","target":["https:\/\/www.institutodeengenharia.org.br\/site\/envie-seu-artigo-para-a-revista-engenharia\/"]}]},{"@type":"BreadcrumbList","@id":"https:\/\/www.institutodeengenharia.org.br\/site\/envie-seu-artigo-para-a-revista-engenharia\/#breadcrumb","itemListElement":[{"@type":"ListItem","position":1,"name":"In\u00edcio","item":"https:\/\/www.institutodeengenharia.org.br\/site\/"},{"@type":"ListItem","position":2,"name":"Envie seu artigo para a Revista Engenharia"}]},{"@type":"WebSite","@id":"https:\/\/www.institutodeengenharia.org.br\/site\/#website","url":"https:\/\/www.institutodeengenharia.org.br\/site\/","name":"Instituto de Engenharia","description":"O Instituto de Engenharia promove a Engenharia em benef\u00edcio do desenvolvimento e da qualidade de vida da sociedade.","publisher":{"@id":"https:\/\/www.institutodeengenharia.org.br\/site\/#organization"},"potentialAction":[{"@type":"SearchAction","target":{"@type":"EntryPoint","urlTemplate":"https:\/\/www.institutodeengenharia.org.br\/site\/?s={search_term_string}"},"query-input":{"@type":"PropertyValueSpecification","valueRequired":true,"valueName":"search_term_string"}}],"inLanguage":"pt-BR"},{"@type":"Organization","@id":"https:\/\/www.institutodeengenharia.org.br\/site\/#organization","name":"Instituto de Engenharia","url":"https:\/\/www.institutodeengenharia.org.br\/site\/","logo":{"@type":"ImageObject","inLanguage":"pt-BR","@id":"https:\/\/www.institutodeengenharia.org.br\/site\/#\/schema\/logo\/image\/","url":"https:\/\/www.institutodeengenharia.org.br\/site\/wp-content\/uploads\/2019\/03\/logo-novo-IE2018-1.jpg","contentUrl":"https:\/\/www.institutodeengenharia.org.br\/site\/wp-content\/uploads\/2019\/03\/logo-novo-IE2018-1.jpg","width":1486,"height":1879,"caption":"Instituto de Engenharia"},"image":{"@id":"https:\/\/www.institutodeengenharia.org.br\/site\/#\/schema\/logo\/image\/"},"sameAs":["https:\/\/www.facebook.com\/institutodeengenharia","https:\/\/x.com\/iengenharia","https:\/\/www.instagram.com\/institutodeengenharia\/","https:\/\/www.linkedin.com\/company\/instituto-de-engenharia\/","https:\/\/www.youtube.com\/channel\/UCXiCAlsSMe977vamW915HxA"]}]}},"_links":{"self":[{"href":"https:\/\/www.institutodeengenharia.org.br\/site\/wp-json\/wp\/v2\/pages\/42473","targetHints":{"allow":["GET"]}}],"collection":[{"href":"https:\/\/www.institutodeengenharia.org.br\/site\/wp-json\/wp\/v2\/pages"}],"about":[{"href":"https:\/\/www.institutodeengenharia.org.br\/site\/wp-json\/wp\/v2\/types\/page"}],"author":[{"embeddable":true,"href":"https:\/\/www.institutodeengenharia.org.br\/site\/wp-json\/wp\/v2\/users\/2"}],"replies":[{"embeddable":true,"href":"https:\/\/www.institutodeengenharia.org.br\/site\/wp-json\/wp\/v2\/comments?post=42473"}],"version-history":[{"count":9,"href":"https:\/\/www.institutodeengenharia.org.br\/site\/wp-json\/wp\/v2\/pages\/42473\/revisions"}],"predecessor-version":[{"id":137385,"href":"https:\/\/www.institutodeengenharia.org.br\/site\/wp-json\/wp\/v2\/pages\/42473\/revisions\/137385"}],"wp:attachment":[{"href":"https:\/\/www.institutodeengenharia.org.br\/site\/wp-json\/wp\/v2\/media?parent=42473"}],"curies":[{"name":"wp","href":"https:\/\/api.w.org\/{rel}","templated":true}]}}