{"id":374,"date":"2017-09-26T15:10:23","date_gmt":"2017-09-26T18:10:23","guid":{"rendered":"https:\/\/www.institutodeengenharia.org.br\/?page_id=374"},"modified":"2024-07-09T12:12:42","modified_gmt":"2024-07-09T15:12:42","slug":"arquivos-tv-engenharia","status":"publish","type":"page","link":"https:\/\/www.institutodeengenharia.org.br\/site\/arquivos-tv-engenharia\/","title":{"rendered":"Arquivos TVEngenharia"},"content":{"rendered":"<div class=\"search-page-search-wrap\">\r\n        <form method=\"get\" class=\"td-search-form-widget\" action=\"\/site\/arquivos-tv-engenharia\/\">\r\n            <div role=\"search\">\r\n                <input class=\"td-widget-search-input\" type=\"text\" value=\"\" name=\"query_video\" id=\"query_video\">\r\n                <input class=\"wpb_button wpb_btn-inverse btn\" type=\"submit\" id=\"searchsubmit\" value=\"Buscar\">\r\n            <\/div>\r\n        <\/form>\r\n    <\/div><ul class='list-tv-engenharia'><li><a href=\/site\/wp-json\/wp\/v2\/pages\/374?codigo_canal=><span><\/span><\/a><\/li><li><a href=\/site\/wp-json\/wp\/v2\/pages\/374?codigo_canal=3510><span>16\/08\/2018 - Intera\u00e7\u00f5es de estruturas de concreto armado com alvenarias e revestimento<\/span><\/a><\/li><li><a href=\/site\/wp-json\/wp\/v2\/pages\/374?codigo_canal=3512><span>11\/09\/2018 - Semin\u00e1rio acidentes prediais - Li\u00e7\u00f5es aprendidas<\/span><\/a><\/li><li><a href=\/site\/wp-json\/wp\/v2\/pages\/374?codigo_canal=3513><span>13\/09\/2018 - Desastres decorrentes de Inc\u00eandios em Edif\u00edcios<\/span><\/a><\/li><li><a href=\/site\/wp-json\/wp\/v2\/pages\/374?codigo_canal=3511><span>30\/08\/2018 - Norma de cargas ABNT NBR 6120 A Evolu\u00e7\u00e3o...<\/span><\/a><\/li><li><a href=\/site\/wp-json\/wp\/v2\/pages\/374?codigo_canal=3509><span>08\/08\/2018 - Seguran\u00e7a contra inc\u00eandio -  Conhe\u00e7a a legisla\u00e7\u00e3o em Firestop<\/span><\/a><\/li><li><a href=\/site\/wp-json\/wp\/v2\/pages\/374?codigo_canal=3506><span>12\/07\/2018 - Homenagem ao Professor Alberto Henriques Teixeira<\/span><\/a><\/li><li><a href=\/site\/wp-json\/wp\/v2\/pages\/374?codigo_canal=3504><span>05\/07\/2018 - Conceitos e Normaliza\u00e7\u00e3o dos Sistemas de Emendas Mec\u00e2nicas...<\/span><\/a><\/li><li><a href=\/site\/wp-json\/wp\/v2\/pages\/374?codigo_canal=3199><span>20\/09\/2016 - Sistema de detec\u00e7\u00e3o de inc\u00eandio wireless...<\/span><\/a><\/li><li><a href=\/site\/wp-json\/wp\/v2\/pages\/374?codigo_canal=3502><span>28\/06\/2018 - Concreto Autocicatrizante<\/span><\/a><\/li><li><a href=\/site\/wp-json\/wp\/v2\/pages\/374?codigo_canal=3500><span>20\/06\/2018 - 1\u00ba Dia da Mentoria a Servi\u00e7o da Engenharia<\/span><\/a><\/li><li><a href=\/site\/wp-json\/wp\/v2\/pages\/374?codigo_canal=3501><span>21\/06\/2018 - O BIM no projeto estrutural<\/span><\/a><\/li><li><a href=\/site\/wp-json\/wp\/v2\/pages\/374?codigo_canal=3498><span>18\/06\/2018 - Ciclo de Debates Elei\u00e7\u00f5es 2018 com Geraldo Alckmin<\/span><\/a><\/li><li><a href=\/site\/wp-json\/wp\/v2\/pages\/374?codigo_canal=3497><span>07\/06\/2018 - Arena ALLIANZ - Um esfor\u00e7o em conjunto<\/span><\/a><\/li><li><a href=\/site\/wp-json\/wp\/v2\/pages\/374?codigo_canal=3496><span>06\/06\/2018 - Fund.Offshore com estacas de gde di\u00e2metro ancoradas em rocha-EEAB Jaguari<\/span><\/a><\/li><li><a href=\/site\/wp-json\/wp\/v2\/pages\/374?codigo_canal=3495><span>24\/05\/2018 - An\u00e1lise Est\u00e1tica da Intera\u00e7\u00e3o Solo-Estrutura em Edif\u00edcios<\/span><\/a><\/li><li><a href=\/site\/wp-json\/wp\/v2\/pages\/374?codigo_canal=3492><span>19\/04\/2018 - Radier simples, armado e protendido<\/span><\/a><\/li><li><a href=\/site\/wp-json\/wp\/v2\/pages\/374?codigo_canal=3458><span>28\/02\/2018 - Apresenta\u00e7\u00e3o da Linha 13 Jade da CPTM - No IE<\/span><\/a><\/li><li><a href=\/site\/wp-json\/wp\/v2\/pages\/374?codigo_canal=3447><span>13\/06\/2017 - Workshop Li\u00e7\u00f5es aprendidas no processo de licenciamento ambiental ...<\/span><\/a><\/li><li><a href=\/site\/wp-json\/wp\/v2\/pages\/374?codigo_canal=3446><span>04\/12\/2017 - Tunnel Day 2017 - Tirantes e Chumbadores para T\u00faneis em Rocha<\/span><\/a><\/li><li><a href=\/site\/wp-json\/wp\/v2\/pages\/374?codigo_canal=3444><span>14\/12\/2017 - Eminente Engenheiro do Ano 2017<\/span><\/a><\/li><li><a href=\/site\/wp-json\/wp\/v2\/pages\/374?codigo_canal=3442><span>29\/11\/2017 - Mentoria<\/span><\/a><\/li><li><a href=\/site\/wp-json\/wp\/v2\/pages\/374?codigo_canal=3435><span>22\/11\/2017 - Firestop para fachadas e peles de vidro<\/span><\/a><\/li><li><a href=\/site\/wp-json\/wp\/v2\/pages\/374?codigo_canal=3434><span>22\/11\/2017 - Firestop para Shafts de hidr\u00e1ulica e prumados<\/span><\/a><\/li><li><a href=\/site\/wp-json\/wp\/v2\/pages\/374?codigo_canal=3433><span>26\/10\/2017 - Gest\u00e3o de Empresas de Projeto - Planejamento de projetos complexos...<\/span><\/a><\/li><li><a href=\/site\/wp-json\/wp\/v2\/pages\/374?codigo_canal=3429><span>16\/11\/2017 - Homenagem ao Professor Augusto Carlos de Vasconcelos<\/span><\/a><\/li><\/ul><div class=\"page-nav td-pb-padding-side\">\r\n        <a href=\"\/site\/wp-json\/wp\/v2\/pages\/374?pagina_id=1\" class=\"first\" title=\"1\">\r\n            <i class=\"td-icon-menu-left\"><\/i><i class=\"td-icon-menu-left\"><\/i>\r\n        <\/a>\r\n\r\n        <a href=\"#\">\r\n            <i class=\"td-icon-menu-left\"><\/i>\r\n        <\/a>        \r\n\r\n        <span class=\"current\">1<\/span>\t\r\n        \r\n        <a href=\"\/site\/wp-json\/wp\/v2\/pages\/374?pagina_id=2\">\r\n            <i class=\"td-icon-menu-right\"><\/i>\r\n        <\/a>\r\n\r\n        <a href=\"\/site\/wp-json\/wp\/v2\/pages\/374?pagina_id=19\" class=\"last\" title=\"19\">\r\n            <i class=\"td-icon-menu-right\"><\/i><i class=\"td-icon-menu-right\"><\/i>\r\n        <\/a>\r\n        \r\n        <span class=\"pages\">P\u00e1gina 1 de 19<\/span>\r\n        <div class=\"clearfix\"><\/div>\r\n    <\/div>\n","protected":false},"excerpt":{"rendered":"","protected":false},"author":1,"featured_media":0,"parent":0,"menu_order":0,"comment_status":"closed","ping_status":"closed","template":"","meta":{"footnotes":""},"class_list":["post-374","page","type-page","status-publish"],"yoast_head":"<!-- This site is optimized with the Yoast SEO plugin v27.2 - https:\/\/yoast.com\/product\/yoast-seo-wordpress\/ -->\n<title>Arquivos TVEngenharia - Instituto de Engenharia<\/title>\n<meta name=\"robots\" content=\"index, follow, max-snippet:-1, max-image-preview:large, max-video-preview:-1\" \/>\n<link rel=\"canonical\" href=\"https:\/\/www.institutodeengenharia.org.br\/site\/arquivos-tv-engenharia\/\" \/>\n<meta property=\"og:locale\" content=\"pt_BR\" \/>\n<meta property=\"og:type\" content=\"article\" \/>\n<meta property=\"og:title\" content=\"Arquivos TVEngenharia - Instituto de Engenharia\" \/>\n<meta property=\"og:url\" content=\"https:\/\/www.institutodeengenharia.org.br\/site\/arquivos-tv-engenharia\/\" \/>\n<meta property=\"og:site_name\" content=\"Instituto de Engenharia\" \/>\n<meta property=\"article:publisher\" content=\"https:\/\/www.facebook.com\/institutodeengenharia\" \/>\n<meta property=\"article:modified_time\" content=\"2024-07-09T15:12:42+00:00\" \/>\n<meta name=\"twitter:card\" content=\"summary_large_image\" \/>\n<meta name=\"twitter:site\" content=\"@iengenharia\" \/>\n<meta name=\"twitter:label1\" content=\"Est. tempo de leitura\" \/>\n\t<meta name=\"twitter:data1\" content=\"1 minuto\" \/>\n<script type=\"application\/ld+json\" class=\"yoast-schema-graph\">{\"@context\":\"https:\/\/schema.org\",\"@graph\":[{\"@type\":\"WebPage\",\"@id\":\"https:\/\/www.institutodeengenharia.org.br\/site\/arquivos-tv-engenharia\/\",\"url\":\"https:\/\/www.institutodeengenharia.org.br\/site\/arquivos-tv-engenharia\/\",\"name\":\"Arquivos TVEngenharia - Instituto de Engenharia\",\"isPartOf\":{\"@id\":\"https:\/\/www.institutodeengenharia.org.br\/site\/#website\"},\"datePublished\":\"2017-09-26T18:10:23+00:00\",\"dateModified\":\"2024-07-09T15:12:42+00:00\",\"breadcrumb\":{\"@id\":\"https:\/\/www.institutodeengenharia.org.br\/site\/arquivos-tv-engenharia\/#breadcrumb\"},\"inLanguage\":\"pt-BR\",\"potentialAction\":[{\"@type\":\"ReadAction\",\"target\":[\"https:\/\/www.institutodeengenharia.org.br\/site\/arquivos-tv-engenharia\/\"]}]},{\"@type\":\"BreadcrumbList\",\"@id\":\"https:\/\/www.institutodeengenharia.org.br\/site\/arquivos-tv-engenharia\/#breadcrumb\",\"itemListElement\":[{\"@type\":\"ListItem\",\"position\":1,\"name\":\"In\u00edcio\",\"item\":\"https:\/\/www.institutodeengenharia.org.br\/site\/\"},{\"@type\":\"ListItem\",\"position\":2,\"name\":\"Arquivos TVEngenharia\"}]},{\"@type\":\"WebSite\",\"@id\":\"https:\/\/www.institutodeengenharia.org.br\/site\/#website\",\"url\":\"https:\/\/www.institutodeengenharia.org.br\/site\/\",\"name\":\"Instituto de Engenharia\",\"description\":\"O Instituto de Engenharia promove a Engenharia em benef\u00edcio do desenvolvimento e da qualidade de vida da sociedade.\",\"publisher\":{\"@id\":\"https:\/\/www.institutodeengenharia.org.br\/site\/#organization\"},\"potentialAction\":[{\"@type\":\"SearchAction\",\"target\":{\"@type\":\"EntryPoint\",\"urlTemplate\":\"https:\/\/www.institutodeengenharia.org.br\/site\/?s={search_term_string}\"},\"query-input\":{\"@type\":\"PropertyValueSpecification\",\"valueRequired\":true,\"valueName\":\"search_term_string\"}}],\"inLanguage\":\"pt-BR\"},{\"@type\":\"Organization\",\"@id\":\"https:\/\/www.institutodeengenharia.org.br\/site\/#organization\",\"name\":\"Instituto de Engenharia\",\"url\":\"https:\/\/www.institutodeengenharia.org.br\/site\/\",\"logo\":{\"@type\":\"ImageObject\",\"inLanguage\":\"pt-BR\",\"@id\":\"https:\/\/www.institutodeengenharia.org.br\/site\/#\/schema\/logo\/image\/\",\"url\":\"https:\/\/www.institutodeengenharia.org.br\/site\/wp-content\/uploads\/2019\/03\/logo-novo-IE2018-1.jpg\",\"contentUrl\":\"https:\/\/www.institutodeengenharia.org.br\/site\/wp-content\/uploads\/2019\/03\/logo-novo-IE2018-1.jpg\",\"width\":1486,\"height\":1879,\"caption\":\"Instituto de Engenharia\"},\"image\":{\"@id\":\"https:\/\/www.institutodeengenharia.org.br\/site\/#\/schema\/logo\/image\/\"},\"sameAs\":[\"https:\/\/www.facebook.com\/institutodeengenharia\",\"https:\/\/x.com\/iengenharia\",\"https:\/\/www.instagram.com\/institutodeengenharia\/\",\"https:\/\/www.linkedin.com\/company\/instituto-de-engenharia\/\",\"https:\/\/www.youtube.com\/channel\/UCXiCAlsSMe977vamW915HxA\"]}]}<\/script>\n<!-- \/ Yoast SEO plugin. -->","yoast_head_json":{"title":"Arquivos TVEngenharia - Instituto de Engenharia","robots":{"index":"index","follow":"follow","max-snippet":"max-snippet:-1","max-image-preview":"max-image-preview:large","max-video-preview":"max-video-preview:-1"},"canonical":"https:\/\/www.institutodeengenharia.org.br\/site\/arquivos-tv-engenharia\/","og_locale":"pt_BR","og_type":"article","og_title":"Arquivos TVEngenharia - Instituto de Engenharia","og_url":"https:\/\/www.institutodeengenharia.org.br\/site\/arquivos-tv-engenharia\/","og_site_name":"Instituto de Engenharia","article_publisher":"https:\/\/www.facebook.com\/institutodeengenharia","article_modified_time":"2024-07-09T15:12:42+00:00","twitter_card":"summary_large_image","twitter_site":"@iengenharia","twitter_misc":{"Est. tempo de leitura":"1 minuto"},"schema":{"@context":"https:\/\/schema.org","@graph":[{"@type":"WebPage","@id":"https:\/\/www.institutodeengenharia.org.br\/site\/arquivos-tv-engenharia\/","url":"https:\/\/www.institutodeengenharia.org.br\/site\/arquivos-tv-engenharia\/","name":"Arquivos TVEngenharia - Instituto de Engenharia","isPartOf":{"@id":"https:\/\/www.institutodeengenharia.org.br\/site\/#website"},"datePublished":"2017-09-26T18:10:23+00:00","dateModified":"2024-07-09T15:12:42+00:00","breadcrumb":{"@id":"https:\/\/www.institutodeengenharia.org.br\/site\/arquivos-tv-engenharia\/#breadcrumb"},"inLanguage":"pt-BR","potentialAction":[{"@type":"ReadAction","target":["https:\/\/www.institutodeengenharia.org.br\/site\/arquivos-tv-engenharia\/"]}]},{"@type":"BreadcrumbList","@id":"https:\/\/www.institutodeengenharia.org.br\/site\/arquivos-tv-engenharia\/#breadcrumb","itemListElement":[{"@type":"ListItem","position":1,"name":"In\u00edcio","item":"https:\/\/www.institutodeengenharia.org.br\/site\/"},{"@type":"ListItem","position":2,"name":"Arquivos TVEngenharia"}]},{"@type":"WebSite","@id":"https:\/\/www.institutodeengenharia.org.br\/site\/#website","url":"https:\/\/www.institutodeengenharia.org.br\/site\/","name":"Instituto de Engenharia","description":"O Instituto de Engenharia promove a Engenharia em benef\u00edcio do desenvolvimento e da qualidade de vida da sociedade.","publisher":{"@id":"https:\/\/www.institutodeengenharia.org.br\/site\/#organization"},"potentialAction":[{"@type":"SearchAction","target":{"@type":"EntryPoint","urlTemplate":"https:\/\/www.institutodeengenharia.org.br\/site\/?s={search_term_string}"},"query-input":{"@type":"PropertyValueSpecification","valueRequired":true,"valueName":"search_term_string"}}],"inLanguage":"pt-BR"},{"@type":"Organization","@id":"https:\/\/www.institutodeengenharia.org.br\/site\/#organization","name":"Instituto de Engenharia","url":"https:\/\/www.institutodeengenharia.org.br\/site\/","logo":{"@type":"ImageObject","inLanguage":"pt-BR","@id":"https:\/\/www.institutodeengenharia.org.br\/site\/#\/schema\/logo\/image\/","url":"https:\/\/www.institutodeengenharia.org.br\/site\/wp-content\/uploads\/2019\/03\/logo-novo-IE2018-1.jpg","contentUrl":"https:\/\/www.institutodeengenharia.org.br\/site\/wp-content\/uploads\/2019\/03\/logo-novo-IE2018-1.jpg","width":1486,"height":1879,"caption":"Instituto de Engenharia"},"image":{"@id":"https:\/\/www.institutodeengenharia.org.br\/site\/#\/schema\/logo\/image\/"},"sameAs":["https:\/\/www.facebook.com\/institutodeengenharia","https:\/\/x.com\/iengenharia","https:\/\/www.instagram.com\/institutodeengenharia\/","https:\/\/www.linkedin.com\/company\/instituto-de-engenharia\/","https:\/\/www.youtube.com\/channel\/UCXiCAlsSMe977vamW915HxA"]}]}},"_links":{"self":[{"href":"https:\/\/www.institutodeengenharia.org.br\/site\/wp-json\/wp\/v2\/pages\/374","targetHints":{"allow":["GET"]}}],"collection":[{"href":"https:\/\/www.institutodeengenharia.org.br\/site\/wp-json\/wp\/v2\/pages"}],"about":[{"href":"https:\/\/www.institutodeengenharia.org.br\/site\/wp-json\/wp\/v2\/types\/page"}],"author":[{"embeddable":true,"href":"https:\/\/www.institutodeengenharia.org.br\/site\/wp-json\/wp\/v2\/users\/1"}],"replies":[{"embeddable":true,"href":"https:\/\/www.institutodeengenharia.org.br\/site\/wp-json\/wp\/v2\/comments?post=374"}],"version-history":[{"count":13,"href":"https:\/\/www.institutodeengenharia.org.br\/site\/wp-json\/wp\/v2\/pages\/374\/revisions"}],"predecessor-version":[{"id":121790,"href":"https:\/\/www.institutodeengenharia.org.br\/site\/wp-json\/wp\/v2\/pages\/374\/revisions\/121790"}],"wp:attachment":[{"href":"https:\/\/www.institutodeengenharia.org.br\/site\/wp-json\/wp\/v2\/media?parent=374"}],"curies":[{"name":"wp","href":"https:\/\/api.w.org\/{rel}","templated":true}]}}