{"id":361,"date":"2017-09-26T09:53:46","date_gmt":"2017-09-26T12:53:46","guid":{"rendered":"https:\/\/www.institutodeengenharia.org.br\/?page_id=361"},"modified":"2025-12-15T15:04:47","modified_gmt":"2025-12-15T18:04:47","slug":"espacos-para-locacao","status":"publish","type":"page","link":"https:\/\/www.institutodeengenharia.org.br\/site\/espacos-para-locacao\/","title":{"rendered":"Espa\u00e7os da Sede"},"content":{"rendered":"<p>A sede do Instituto de Engenharia disp\u00f5e de infraestrutura para a realiza\u00e7\u00e3o de eventos de diversos tipos. Sua localiza\u00e7\u00e3o, pr\u00f3xima ao Parque do Ibirapuera, \u00e9 privilegiada atendendo perfeitamente a todos os pontos da cidade, tendo 1.500m\u00b2. Oferece estacionamento pago, ambientes com ar-condicionado e equipamentos multim\u00eddia para aluguel, restaurante e\u00a0 biblioteca.<\/p>\n<p>Os associados ao Instituto de Engenharia possuem benef\u00edcios em todos esses servi\u00e7os. Tamb\u00e9m, disponibilizamos servi\u00e7os de transmiss\u00e3o on-line (sob consulta) e audit\u00f3rios para loca\u00e7\u00e3o.<\/p>\n<h3 style=\"text-align: center;\"><strong>Confira, a seguir, os espa\u00e7os para loca\u00e7\u00e3o:<\/strong><\/h3>\n<p>O IE oferece o <strong>&#8220;Centro de Conven\u00e7\u00f5es Instituto de Engenharia&#8221;<\/strong>, com 400 metros quadrados de \u00e1rea livre. Seja para confer\u00eancias, festas, workshops ou lan\u00e7amentos, nosso espa\u00e7o \u00e9 perfeito para tornar seu evento memor\u00e1vel.<\/p>\n<p><img loading=\"lazy\" decoding=\"async\" class=\"alignnone wp-image-121846\" src=\"https:\/\/www.institutodeengenharia.org.br\/site\/wp-content\/uploads\/2024\/07\/fotog1.jpg\" alt=\"\" width=\"663\" height=\"441\" srcset=\"https:\/\/www.institutodeengenharia.org.br\/site\/wp-content\/uploads\/2024\/07\/fotog1.jpg 1600w, https:\/\/www.institutodeengenharia.org.br\/site\/wp-content\/uploads\/2024\/07\/fotog1-300x200.jpg 300w, https:\/\/www.institutodeengenharia.org.br\/site\/wp-content\/uploads\/2024\/07\/fotog1-1024x682.jpg 1024w, https:\/\/www.institutodeengenharia.org.br\/site\/wp-content\/uploads\/2024\/07\/fotog1-768x512.jpg 768w, https:\/\/www.institutodeengenharia.org.br\/site\/wp-content\/uploads\/2024\/07\/fotog1-1536x1023.jpg 1536w, https:\/\/www.institutodeengenharia.org.br\/site\/wp-content\/uploads\/2024\/07\/fotog1-630x420.jpg 630w, https:\/\/www.institutodeengenharia.org.br\/site\/wp-content\/uploads\/2024\/07\/fotog1-696x464.jpg 696w, https:\/\/www.institutodeengenharia.org.br\/site\/wp-content\/uploads\/2024\/07\/fotog1-1068x712.jpg 1068w, https:\/\/www.institutodeengenharia.org.br\/site\/wp-content\/uploads\/2024\/07\/fotog1-600x400.jpg 600w\" sizes=\"auto, (max-width: 663px) 100vw, 663px\" \/><\/p>\n<p><img loading=\"lazy\" decoding=\"async\" class=\"alignnone wp-image-115332\" src=\"https:\/\/www.institutodeengenharia.org.br\/site\/wp-content\/uploads\/2023\/05\/SLJ_5500-scaled.jpg\" alt=\"\" width=\"656\" height=\"437\" srcset=\"https:\/\/www.institutodeengenharia.org.br\/site\/wp-content\/uploads\/2023\/05\/SLJ_5500-scaled.jpg 2560w, https:\/\/www.institutodeengenharia.org.br\/site\/wp-content\/uploads\/2023\/05\/SLJ_5500-300x200.jpg 300w, https:\/\/www.institutodeengenharia.org.br\/site\/wp-content\/uploads\/2023\/05\/SLJ_5500-1024x683.jpg 1024w, https:\/\/www.institutodeengenharia.org.br\/site\/wp-content\/uploads\/2023\/05\/SLJ_5500-768x512.jpg 768w, https:\/\/www.institutodeengenharia.org.br\/site\/wp-content\/uploads\/2023\/05\/SLJ_5500-1536x1024.jpg 1536w, https:\/\/www.institutodeengenharia.org.br\/site\/wp-content\/uploads\/2023\/05\/SLJ_5500-2048x1365.jpg 2048w, https:\/\/www.institutodeengenharia.org.br\/site\/wp-content\/uploads\/2023\/05\/SLJ_5500-696x464.jpg 696w, https:\/\/www.institutodeengenharia.org.br\/site\/wp-content\/uploads\/2023\/05\/SLJ_5500-1068x712.jpg 1068w, https:\/\/www.institutodeengenharia.org.br\/site\/wp-content\/uploads\/2023\/05\/SLJ_5500-1920x1280.jpg 1920w, https:\/\/www.institutodeengenharia.org.br\/site\/wp-content\/uploads\/2023\/05\/SLJ_5500-630x420.jpg 630w, https:\/\/www.institutodeengenharia.org.br\/site\/wp-content\/uploads\/2023\/05\/SLJ_5500-600x400.jpg 600w\" sizes=\"auto, (max-width: 656px) 100vw, 656px\" \/><\/p>\n<p style=\"text-align: center;\"><em><strong>Audit\u00f3rio Francisco de Paula Ramos de Azevedo<\/strong>\u00a0<\/em><\/p>\n<p><img loading=\"lazy\" decoding=\"async\" class=\"size-full wp-image-98653 aligncenter\" src=\"https:\/\/www.institutodeengenharia.org.br\/site\/wp-content\/uploads\/2022\/09\/Project-4.jpg\" alt=\"\" width=\"1920\" height=\"1080\" srcset=\"https:\/\/www.institutodeengenharia.org.br\/site\/wp-content\/uploads\/2022\/09\/Project-4.jpg 1920w, https:\/\/www.institutodeengenharia.org.br\/site\/wp-content\/uploads\/2022\/09\/Project-4-300x169.jpg 300w, https:\/\/www.institutodeengenharia.org.br\/site\/wp-content\/uploads\/2022\/09\/Project-4-1024x576.jpg 1024w, https:\/\/www.institutodeengenharia.org.br\/site\/wp-content\/uploads\/2022\/09\/Project-4-768x432.jpg 768w, https:\/\/www.institutodeengenharia.org.br\/site\/wp-content\/uploads\/2022\/09\/Project-4-1536x864.jpg 1536w, https:\/\/www.institutodeengenharia.org.br\/site\/wp-content\/uploads\/2022\/09\/Project-4-696x392.jpg 696w, https:\/\/www.institutodeengenharia.org.br\/site\/wp-content\/uploads\/2022\/09\/Project-4-1068x601.jpg 1068w, https:\/\/www.institutodeengenharia.org.br\/site\/wp-content\/uploads\/2022\/09\/Project-4-747x420.jpg 747w, https:\/\/www.institutodeengenharia.org.br\/site\/wp-content\/uploads\/2022\/09\/Project-4-600x338.jpg 600w\" sizes=\"auto, (max-width: 1920px) 100vw, 1920px\" \/><\/p>\n<p>Capacidade para 172 pessoas, possui cadeiras estofadas, ar-condicionado, espa\u00e7os reservados para cadeirantes e obesos. Equipado com tr\u00eas mesas centrais, p\u00falpito, data-show, sistema wi-fi, sonoriza\u00e7\u00e3o, microfones, tev\u00ea LCD para retorno e interliga\u00e7\u00e3o com o espa\u00e7o do mini-audit\u00f3rio para transmiss\u00e3o simult\u00e2nea e cabine para tradu\u00e7\u00e3o simult\u00e2nea.<\/p>\n<p style=\"text-align: center;\"><em><strong>Audit\u00f3rio Antonio Francisco de Paula Souza<\/strong>\u00a0<\/em><\/p>\n<p><img loading=\"lazy\" decoding=\"async\" class=\"size-full wp-image-98654 aligncenter\" src=\"https:\/\/www.institutodeengenharia.org.br\/site\/wp-content\/uploads\/2022\/09\/Project-5.jpg\" alt=\"\" width=\"1920\" height=\"1080\" srcset=\"https:\/\/www.institutodeengenharia.org.br\/site\/wp-content\/uploads\/2022\/09\/Project-5.jpg 1920w, https:\/\/www.institutodeengenharia.org.br\/site\/wp-content\/uploads\/2022\/09\/Project-5-300x169.jpg 300w, https:\/\/www.institutodeengenharia.org.br\/site\/wp-content\/uploads\/2022\/09\/Project-5-1024x576.jpg 1024w, https:\/\/www.institutodeengenharia.org.br\/site\/wp-content\/uploads\/2022\/09\/Project-5-768x432.jpg 768w, https:\/\/www.institutodeengenharia.org.br\/site\/wp-content\/uploads\/2022\/09\/Project-5-1536x864.jpg 1536w, https:\/\/www.institutodeengenharia.org.br\/site\/wp-content\/uploads\/2022\/09\/Project-5-696x392.jpg 696w, https:\/\/www.institutodeengenharia.org.br\/site\/wp-content\/uploads\/2022\/09\/Project-5-1068x601.jpg 1068w, https:\/\/www.institutodeengenharia.org.br\/site\/wp-content\/uploads\/2022\/09\/Project-5-747x420.jpg 747w, https:\/\/www.institutodeengenharia.org.br\/site\/wp-content\/uploads\/2022\/09\/Project-5-600x338.jpg 600w\" sizes=\"auto, (max-width: 1920px) 100vw, 1920px\" \/><\/p>\n<p>Capacidade para 73 pessoas \u00e9 equipado com tela de proje\u00e7\u00e3o, quadro branco,mesa central, cadeiras universit\u00e1rias, flip-chart, sistema wi-fi , persianas black-out e ar-condicionado.<\/p>\n<p style=\"text-align: center;\"><em><strong>Sala Hyppolito Gustavo Pujol J\u00fanior<\/strong>\u00a0<\/em><\/p>\n<p><img loading=\"lazy\" decoding=\"async\" class=\"size-full wp-image-98655 aligncenter\" src=\"https:\/\/www.institutodeengenharia.org.br\/site\/wp-content\/uploads\/2022\/09\/Project-6.jpg\" alt=\"\" width=\"1920\" height=\"1080\" srcset=\"https:\/\/www.institutodeengenharia.org.br\/site\/wp-content\/uploads\/2022\/09\/Project-6.jpg 1920w, https:\/\/www.institutodeengenharia.org.br\/site\/wp-content\/uploads\/2022\/09\/Project-6-300x169.jpg 300w, https:\/\/www.institutodeengenharia.org.br\/site\/wp-content\/uploads\/2022\/09\/Project-6-1024x576.jpg 1024w, https:\/\/www.institutodeengenharia.org.br\/site\/wp-content\/uploads\/2022\/09\/Project-6-768x432.jpg 768w, https:\/\/www.institutodeengenharia.org.br\/site\/wp-content\/uploads\/2022\/09\/Project-6-1536x864.jpg 1536w, https:\/\/www.institutodeengenharia.org.br\/site\/wp-content\/uploads\/2022\/09\/Project-6-696x392.jpg 696w, https:\/\/www.institutodeengenharia.org.br\/site\/wp-content\/uploads\/2022\/09\/Project-6-1068x601.jpg 1068w, https:\/\/www.institutodeengenharia.org.br\/site\/wp-content\/uploads\/2022\/09\/Project-6-747x420.jpg 747w, https:\/\/www.institutodeengenharia.org.br\/site\/wp-content\/uploads\/2022\/09\/Project-6-600x338.jpg 600w\" sizes=\"auto, (max-width: 1920px) 100vw, 1920px\" \/><\/p>\n<p>Capacidade para 25 pessoas \u00e9 equipada com tela para proje\u00e7\u00e3o, quadro branco, mesa central, cadeiras universit\u00e1rias, flip-chart, sistema wi-fi, persianas blackout e ar condicionado.<\/p>\n<h3 style=\"text-align: center;\"><strong>Espa\u00e7o no IE dispon\u00edvel para loca\u00e7\u00e3o direto com o concession\u00e1rio:<\/strong><\/h3>\n<p style=\"text-align: center;\"><em><strong>Restaurante Red Pepper<\/strong><\/em><\/p>\n<p>Associados ao Instituto de Engenharia possuem 5% de desconto nos pratos. O servi\u00e7o do restaurante funciona de segunda a sexta, das 8h \u00e0s 21h.<\/p>\n<p>Esses benef\u00edcios s\u00e3o frutos da parceria do Instituto de Engenharia com a Arena Ibirapuera.<\/p>\n<h3 style=\"text-align: center;\"><strong>Demais espa\u00e7os n\u00e3o dispon\u00edveis para loca\u00e7\u00e3o:<\/strong><\/h3>\n<p style=\"text-align: center;\"><em><strong>Biblioteca Eng. Antenor Sampaio de Freitas<\/strong><\/em><\/p>\n<p>Al\u00e9m da biblioteca f\u00edsica em nossa sede, tamb\u00e9m temos uma biblioteca virtual para consultas no site do IE. O acervo \u00e9 virtual e para todos, portanto fica dispon\u00edvel 24h. Por\u00e9m, as obras f\u00edsicas s\u00f3 podem ser consultadas na sede do Instituto de Engenharia, e apenas por associados.<\/p>\n<div class=\"td-pb-span8 td-main-content\" role=\"main\">\n<div class=\"td-ss-main-content\">\n<article id=\"post-35199\" class=\"post-35199 post type-post status-publish format-standard has-post-thumbnail category-instituto-de-engenharia tag-destaque\">\n<div class=\"td-post-content tagdiv-type\">\n<div class=\"td-a-rec td-a-rec-id-content_bottom tdi_72 td_block_template_1\"><a href=\"https:\/\/www.institutodeengenharia.org.br\/site\/biblioteca\/\"><em><strong>Para mais informa\u00e7\u00f5es, clique aqui.\u00a0<\/strong><\/em><\/a><\/div>\n<\/div>\n<footer>\n<div class=\"td-post-source-tags\"><\/div>\n<\/footer>\n<\/article>\n<\/div>\n<\/div>\n<p style=\"text-align: center;\"><em><strong>Estacionamento das 7h \u00e0s 22 horas<\/strong><\/em><\/p>\n<p><img loading=\"lazy\" decoding=\"async\" class=\"size-full wp-image-98656 aligncenter\" src=\"https:\/\/www.institutodeengenharia.org.br\/site\/wp-content\/uploads\/2022\/09\/Project-7.jpg\" alt=\"\" width=\"1920\" height=\"1080\" srcset=\"https:\/\/www.institutodeengenharia.org.br\/site\/wp-content\/uploads\/2022\/09\/Project-7.jpg 1920w, https:\/\/www.institutodeengenharia.org.br\/site\/wp-content\/uploads\/2022\/09\/Project-7-300x169.jpg 300w, https:\/\/www.institutodeengenharia.org.br\/site\/wp-content\/uploads\/2022\/09\/Project-7-1024x576.jpg 1024w, https:\/\/www.institutodeengenharia.org.br\/site\/wp-content\/uploads\/2022\/09\/Project-7-768x432.jpg 768w, https:\/\/www.institutodeengenharia.org.br\/site\/wp-content\/uploads\/2022\/09\/Project-7-1536x864.jpg 1536w, https:\/\/www.institutodeengenharia.org.br\/site\/wp-content\/uploads\/2022\/09\/Project-7-696x392.jpg 696w, https:\/\/www.institutodeengenharia.org.br\/site\/wp-content\/uploads\/2022\/09\/Project-7-1068x601.jpg 1068w, https:\/\/www.institutodeengenharia.org.br\/site\/wp-content\/uploads\/2022\/09\/Project-7-747x420.jpg 747w, https:\/\/www.institutodeengenharia.org.br\/site\/wp-content\/uploads\/2022\/09\/Project-7-600x338.jpg 600w\" sizes=\"auto, (max-width: 1920px) 100vw, 1920px\" \/><\/p>\n<p>O estacionamento localizado na sede do Instituto \u00e9 pago, possuindo 250 vagas. Nossos associados possuem desconto no local.<\/p>\n<p style=\"text-align: center;\"><strong><em>Para informa\u00e7\u00f5es, ligue 11. 3466.9291 ou envie um e-mail para: eventos@iengenharia.org.br.<\/em><\/strong><\/p>\n<p>&nbsp;<\/p>\n","protected":false},"excerpt":{"rendered":"<p>A sede do Instituto de Engenharia disp\u00f5e de infraestrutura para a realiza\u00e7\u00e3o de eventos de diversos tipos. Sua localiza\u00e7\u00e3o, pr\u00f3xima ao Parque do Ibirapuera, \u00e9 privilegiada atendendo perfeitamente a todos os pontos da cidade, tendo 1.500m\u00b2. Oferece estacionamento pago, ambientes com ar-condicionado e equipamentos multim\u00eddia para aluguel, restaurante e\u00a0 biblioteca. Os associados ao Instituto de [&hellip;]<\/p>\n","protected":false},"author":1,"featured_media":0,"parent":0,"menu_order":0,"comment_status":"closed","ping_status":"closed","template":"","meta":{"footnotes":""},"class_list":["post-361","page","type-page","status-publish"],"yoast_head":"<!-- This site is optimized with the Yoast SEO plugin v27.5 - https:\/\/yoast.com\/product\/yoast-seo-wordpress\/ -->\n<title>Espa\u00e7os da Sede - Instituto de Engenharia<\/title>\n<meta name=\"robots\" content=\"index, follow, max-snippet:-1, max-image-preview:large, max-video-preview:-1\" \/>\n<link rel=\"canonical\" href=\"https:\/\/www.institutodeengenharia.org.br\/site\/espacos-para-locacao\/\" \/>\n<meta property=\"og:locale\" content=\"pt_BR\" \/>\n<meta property=\"og:type\" content=\"article\" \/>\n<meta property=\"og:title\" content=\"Espa\u00e7os da Sede - Instituto de Engenharia\" \/>\n<meta property=\"og:description\" content=\"A sede do Instituto de Engenharia disp\u00f5e de infraestrutura para a realiza\u00e7\u00e3o de eventos de diversos tipos. Sua localiza\u00e7\u00e3o, pr\u00f3xima ao Parque do Ibirapuera, \u00e9 privilegiada atendendo perfeitamente a todos os pontos da cidade, tendo 1.500m\u00b2. Oferece estacionamento pago, ambientes com ar-condicionado e equipamentos multim\u00eddia para aluguel, restaurante e\u00a0 biblioteca. Os associados ao Instituto de [&hellip;]\" \/>\n<meta property=\"og:url\" content=\"https:\/\/www.institutodeengenharia.org.br\/site\/espacos-para-locacao\/\" \/>\n<meta property=\"og:site_name\" content=\"Instituto de Engenharia\" \/>\n<meta property=\"article:publisher\" content=\"https:\/\/www.facebook.com\/institutodeengenharia\" \/>\n<meta property=\"article:modified_time\" content=\"2025-12-15T18:04:47+00:00\" \/>\n<meta property=\"og:image\" content=\"https:\/\/www.institutodeengenharia.org.br\/site\/wp-content\/uploads\/2024\/07\/fotog1.jpg\" \/>\n\t<meta property=\"og:image:width\" content=\"1600\" \/>\n\t<meta property=\"og:image:height\" content=\"1066\" \/>\n\t<meta property=\"og:image:type\" content=\"image\/jpeg\" \/>\n<meta name=\"twitter:card\" content=\"summary_large_image\" \/>\n<meta name=\"twitter:site\" content=\"@iengenharia\" \/>\n<meta name=\"twitter:label1\" content=\"Est. tempo de leitura\" \/>\n\t<meta name=\"twitter:data1\" content=\"4 minutos\" \/>\n<script type=\"application\/ld+json\" class=\"yoast-schema-graph\">{\"@context\":\"https:\\\/\\\/schema.org\",\"@graph\":[{\"@type\":\"WebPage\",\"@id\":\"https:\\\/\\\/www.institutodeengenharia.org.br\\\/site\\\/espacos-para-locacao\\\/\",\"url\":\"https:\\\/\\\/www.institutodeengenharia.org.br\\\/site\\\/espacos-para-locacao\\\/\",\"name\":\"Espa\u00e7os da Sede - Instituto de Engenharia\",\"isPartOf\":{\"@id\":\"https:\\\/\\\/www.institutodeengenharia.org.br\\\/site\\\/#website\"},\"primaryImageOfPage\":{\"@id\":\"https:\\\/\\\/www.institutodeengenharia.org.br\\\/site\\\/espacos-para-locacao\\\/#primaryimage\"},\"image\":{\"@id\":\"https:\\\/\\\/www.institutodeengenharia.org.br\\\/site\\\/espacos-para-locacao\\\/#primaryimage\"},\"thumbnailUrl\":\"https:\\\/\\\/www.institutodeengenharia.org.br\\\/site\\\/wp-content\\\/uploads\\\/2024\\\/07\\\/fotog1.jpg\",\"datePublished\":\"2017-09-26T12:53:46+00:00\",\"dateModified\":\"2025-12-15T18:04:47+00:00\",\"breadcrumb\":{\"@id\":\"https:\\\/\\\/www.institutodeengenharia.org.br\\\/site\\\/espacos-para-locacao\\\/#breadcrumb\"},\"inLanguage\":\"pt-BR\",\"potentialAction\":[{\"@type\":\"ReadAction\",\"target\":[\"https:\\\/\\\/www.institutodeengenharia.org.br\\\/site\\\/espacos-para-locacao\\\/\"]}]},{\"@type\":\"ImageObject\",\"inLanguage\":\"pt-BR\",\"@id\":\"https:\\\/\\\/www.institutodeengenharia.org.br\\\/site\\\/espacos-para-locacao\\\/#primaryimage\",\"url\":\"https:\\\/\\\/www.institutodeengenharia.org.br\\\/site\\\/wp-content\\\/uploads\\\/2024\\\/07\\\/fotog1.jpg\",\"contentUrl\":\"https:\\\/\\\/www.institutodeengenharia.org.br\\\/site\\\/wp-content\\\/uploads\\\/2024\\\/07\\\/fotog1.jpg\",\"width\":1600,\"height\":1066},{\"@type\":\"BreadcrumbList\",\"@id\":\"https:\\\/\\\/www.institutodeengenharia.org.br\\\/site\\\/espacos-para-locacao\\\/#breadcrumb\",\"itemListElement\":[{\"@type\":\"ListItem\",\"position\":1,\"name\":\"In\u00edcio\",\"item\":\"https:\\\/\\\/www.institutodeengenharia.org.br\\\/site\\\/\"},{\"@type\":\"ListItem\",\"position\":2,\"name\":\"Espa\u00e7os da Sede\"}]},{\"@type\":\"WebSite\",\"@id\":\"https:\\\/\\\/www.institutodeengenharia.org.br\\\/site\\\/#website\",\"url\":\"https:\\\/\\\/www.institutodeengenharia.org.br\\\/site\\\/\",\"name\":\"Instituto de Engenharia\",\"description\":\"O Instituto de Engenharia promove a Engenharia em benef\u00edcio do desenvolvimento e da qualidade de vida da sociedade.\",\"publisher\":{\"@id\":\"https:\\\/\\\/www.institutodeengenharia.org.br\\\/site\\\/#organization\"},\"potentialAction\":[{\"@type\":\"SearchAction\",\"target\":{\"@type\":\"EntryPoint\",\"urlTemplate\":\"https:\\\/\\\/www.institutodeengenharia.org.br\\\/site\\\/?s={search_term_string}\"},\"query-input\":{\"@type\":\"PropertyValueSpecification\",\"valueRequired\":true,\"valueName\":\"search_term_string\"}}],\"inLanguage\":\"pt-BR\"},{\"@type\":\"Organization\",\"@id\":\"https:\\\/\\\/www.institutodeengenharia.org.br\\\/site\\\/#organization\",\"name\":\"Instituto de Engenharia\",\"url\":\"https:\\\/\\\/www.institutodeengenharia.org.br\\\/site\\\/\",\"logo\":{\"@type\":\"ImageObject\",\"inLanguage\":\"pt-BR\",\"@id\":\"https:\\\/\\\/www.institutodeengenharia.org.br\\\/site\\\/#\\\/schema\\\/logo\\\/image\\\/\",\"url\":\"https:\\\/\\\/www.institutodeengenharia.org.br\\\/site\\\/wp-content\\\/uploads\\\/2019\\\/03\\\/logo-novo-IE2018-1.jpg\",\"contentUrl\":\"https:\\\/\\\/www.institutodeengenharia.org.br\\\/site\\\/wp-content\\\/uploads\\\/2019\\\/03\\\/logo-novo-IE2018-1.jpg\",\"width\":1486,\"height\":1879,\"caption\":\"Instituto de Engenharia\"},\"image\":{\"@id\":\"https:\\\/\\\/www.institutodeengenharia.org.br\\\/site\\\/#\\\/schema\\\/logo\\\/image\\\/\"},\"sameAs\":[\"https:\\\/\\\/www.facebook.com\\\/institutodeengenharia\",\"https:\\\/\\\/x.com\\\/iengenharia\",\"https:\\\/\\\/www.instagram.com\\\/institutodeengenharia\\\/\",\"https:\\\/\\\/www.linkedin.com\\\/company\\\/instituto-de-engenharia\\\/\",\"https:\\\/\\\/www.youtube.com\\\/channel\\\/UCXiCAlsSMe977vamW915HxA\"]}]}<\/script>\n<!-- \/ Yoast SEO plugin. -->","yoast_head_json":{"title":"Espa\u00e7os da Sede - Instituto de Engenharia","robots":{"index":"index","follow":"follow","max-snippet":"max-snippet:-1","max-image-preview":"max-image-preview:large","max-video-preview":"max-video-preview:-1"},"canonical":"https:\/\/www.institutodeengenharia.org.br\/site\/espacos-para-locacao\/","og_locale":"pt_BR","og_type":"article","og_title":"Espa\u00e7os da Sede - Instituto de Engenharia","og_description":"A sede do Instituto de Engenharia disp\u00f5e de infraestrutura para a realiza\u00e7\u00e3o de eventos de diversos tipos. Sua localiza\u00e7\u00e3o, pr\u00f3xima ao Parque do Ibirapuera, \u00e9 privilegiada atendendo perfeitamente a todos os pontos da cidade, tendo 1.500m\u00b2. Oferece estacionamento pago, ambientes com ar-condicionado e equipamentos multim\u00eddia para aluguel, restaurante e\u00a0 biblioteca. Os associados ao Instituto de [&hellip;]","og_url":"https:\/\/www.institutodeengenharia.org.br\/site\/espacos-para-locacao\/","og_site_name":"Instituto de Engenharia","article_publisher":"https:\/\/www.facebook.com\/institutodeengenharia","article_modified_time":"2025-12-15T18:04:47+00:00","og_image":[{"width":1600,"height":1066,"url":"https:\/\/www.institutodeengenharia.org.br\/site\/wp-content\/uploads\/2024\/07\/fotog1.jpg","type":"image\/jpeg"}],"twitter_card":"summary_large_image","twitter_site":"@iengenharia","twitter_misc":{"Est. tempo de leitura":"4 minutos"},"schema":{"@context":"https:\/\/schema.org","@graph":[{"@type":"WebPage","@id":"https:\/\/www.institutodeengenharia.org.br\/site\/espacos-para-locacao\/","url":"https:\/\/www.institutodeengenharia.org.br\/site\/espacos-para-locacao\/","name":"Espa\u00e7os da Sede - Instituto de Engenharia","isPartOf":{"@id":"https:\/\/www.institutodeengenharia.org.br\/site\/#website"},"primaryImageOfPage":{"@id":"https:\/\/www.institutodeengenharia.org.br\/site\/espacos-para-locacao\/#primaryimage"},"image":{"@id":"https:\/\/www.institutodeengenharia.org.br\/site\/espacos-para-locacao\/#primaryimage"},"thumbnailUrl":"https:\/\/www.institutodeengenharia.org.br\/site\/wp-content\/uploads\/2024\/07\/fotog1.jpg","datePublished":"2017-09-26T12:53:46+00:00","dateModified":"2025-12-15T18:04:47+00:00","breadcrumb":{"@id":"https:\/\/www.institutodeengenharia.org.br\/site\/espacos-para-locacao\/#breadcrumb"},"inLanguage":"pt-BR","potentialAction":[{"@type":"ReadAction","target":["https:\/\/www.institutodeengenharia.org.br\/site\/espacos-para-locacao\/"]}]},{"@type":"ImageObject","inLanguage":"pt-BR","@id":"https:\/\/www.institutodeengenharia.org.br\/site\/espacos-para-locacao\/#primaryimage","url":"https:\/\/www.institutodeengenharia.org.br\/site\/wp-content\/uploads\/2024\/07\/fotog1.jpg","contentUrl":"https:\/\/www.institutodeengenharia.org.br\/site\/wp-content\/uploads\/2024\/07\/fotog1.jpg","width":1600,"height":1066},{"@type":"BreadcrumbList","@id":"https:\/\/www.institutodeengenharia.org.br\/site\/espacos-para-locacao\/#breadcrumb","itemListElement":[{"@type":"ListItem","position":1,"name":"In\u00edcio","item":"https:\/\/www.institutodeengenharia.org.br\/site\/"},{"@type":"ListItem","position":2,"name":"Espa\u00e7os da Sede"}]},{"@type":"WebSite","@id":"https:\/\/www.institutodeengenharia.org.br\/site\/#website","url":"https:\/\/www.institutodeengenharia.org.br\/site\/","name":"Instituto de Engenharia","description":"O Instituto de Engenharia promove a Engenharia em benef\u00edcio do desenvolvimento e da qualidade de vida da sociedade.","publisher":{"@id":"https:\/\/www.institutodeengenharia.org.br\/site\/#organization"},"potentialAction":[{"@type":"SearchAction","target":{"@type":"EntryPoint","urlTemplate":"https:\/\/www.institutodeengenharia.org.br\/site\/?s={search_term_string}"},"query-input":{"@type":"PropertyValueSpecification","valueRequired":true,"valueName":"search_term_string"}}],"inLanguage":"pt-BR"},{"@type":"Organization","@id":"https:\/\/www.institutodeengenharia.org.br\/site\/#organization","name":"Instituto de Engenharia","url":"https:\/\/www.institutodeengenharia.org.br\/site\/","logo":{"@type":"ImageObject","inLanguage":"pt-BR","@id":"https:\/\/www.institutodeengenharia.org.br\/site\/#\/schema\/logo\/image\/","url":"https:\/\/www.institutodeengenharia.org.br\/site\/wp-content\/uploads\/2019\/03\/logo-novo-IE2018-1.jpg","contentUrl":"https:\/\/www.institutodeengenharia.org.br\/site\/wp-content\/uploads\/2019\/03\/logo-novo-IE2018-1.jpg","width":1486,"height":1879,"caption":"Instituto de Engenharia"},"image":{"@id":"https:\/\/www.institutodeengenharia.org.br\/site\/#\/schema\/logo\/image\/"},"sameAs":["https:\/\/www.facebook.com\/institutodeengenharia","https:\/\/x.com\/iengenharia","https:\/\/www.instagram.com\/institutodeengenharia\/","https:\/\/www.linkedin.com\/company\/instituto-de-engenharia\/","https:\/\/www.youtube.com\/channel\/UCXiCAlsSMe977vamW915HxA"]}]}},"_links":{"self":[{"href":"https:\/\/www.institutodeengenharia.org.br\/site\/wp-json\/wp\/v2\/pages\/361","targetHints":{"allow":["GET"]}}],"collection":[{"href":"https:\/\/www.institutodeengenharia.org.br\/site\/wp-json\/wp\/v2\/pages"}],"about":[{"href":"https:\/\/www.institutodeengenharia.org.br\/site\/wp-json\/wp\/v2\/types\/page"}],"author":[{"embeddable":true,"href":"https:\/\/www.institutodeengenharia.org.br\/site\/wp-json\/wp\/v2\/users\/1"}],"replies":[{"embeddable":true,"href":"https:\/\/www.institutodeengenharia.org.br\/site\/wp-json\/wp\/v2\/comments?post=361"}],"version-history":[{"count":25,"href":"https:\/\/www.institutodeengenharia.org.br\/site\/wp-json\/wp\/v2\/pages\/361\/revisions"}],"predecessor-version":[{"id":135111,"href":"https:\/\/www.institutodeengenharia.org.br\/site\/wp-json\/wp\/v2\/pages\/361\/revisions\/135111"}],"wp:attachment":[{"href":"https:\/\/www.institutodeengenharia.org.br\/site\/wp-json\/wp\/v2\/media?parent=361"}],"curies":[{"name":"wp","href":"https:\/\/api.w.org\/{rel}","templated":true}]}}