{"id":340,"date":"2017-09-26T08:57:39","date_gmt":"2017-09-26T11:57:39","guid":{"rendered":"https:\/\/www.institutodeengenharia.org.br\/?page_id=340"},"modified":"2026-05-12T11:42:55","modified_gmt":"2026-05-12T14:42:55","slug":"mande-seu-e-mail","status":"publish","type":"page","link":"https:\/\/www.institutodeengenharia.org.br\/site\/mande-seu-e-mail\/","title":{"rendered":"Mande seu e-mail"},"content":{"rendered":"<p>Av. Dr. Dante Pazzanese, 120 &#8211; Vila Mariana<br \/>\nCEP: 04012-180 &#8211; S\u00e3o Paulo &#8211; SP<\/p>\n<div class=\"caldera-grid\" id=\"caldera_form_1\" data-cf-ver=\"1.9.7\" data-cf-form-id=\"CF59d21cf8859e6\"><div id=\"caldera_notices_1\" data-spinner=\"https:\/\/www.institutodeengenharia.org.br\/site\/wp-admin\/images\/spinner.gif\"><\/div><form data-instance=\"1\" class=\"CF59d21cf8859e6 caldera_forms_form cfajax-trigger\" method=\"POST\" enctype=\"multipart\/form-data\" id=\"CF59d21cf8859e6_1\" data-form-id=\"CF59d21cf8859e6\" aria-label=\"Mande seu e-mail\" data-target=\"#caldera_notices_1\" data-template=\"#cfajax_CF59d21cf8859e6-tmpl\" data-cfajax=\"CF59d21cf8859e6\" data-load-element=\"_parent\" data-load-class=\"cf_processing\" data-post-disable=\"0\" data-action=\"cf_process_ajax_submit\" data-request=\"https:\/\/www.institutodeengenharia.org.br\/site\/cf-api\/CF59d21cf8859e6\" data-hiderows=\"true\">\r\n<input type=\"hidden\" id=\"_cf_verify_CF59d21cf8859e6\" name=\"_cf_verify\" value=\"d4b08bac87\"  data-nonce-time=\"1778707650\" \/><input type=\"hidden\" name=\"_wp_http_referer\" value=\"\/site\/wp-json\/wp\/v2\/pages\/340\" \/><div id=\"cf2-CF59d21cf8859e6_1\"><\/div><input type=\"hidden\" name=\"_cf_frm_id\" value=\"CF59d21cf8859e6\">\r\n<input type=\"hidden\" name=\"_cf_frm_ct\" value=\"1\">\r\n<input type=\"hidden\" name=\"cfajax\" value=\"CF59d21cf8859e6\">\r\n<input type=\"hidden\" name=\"_cf_cr_pst\" value=\"340\">\r\n<div class=\"hide\" style=\"display:none; overflow:hidden;height:0;width:0;\">\r\n<label>Company<\/label><input type=\"text\" name=\"company\" value=\"\" autocomplete=\"off\">\r\n<\/div><div id=\"CF59d21cf8859e6_1-row-1\"  class=\"row  single\"><div  class=\"col-sm-12  single\"><div data-field-wrapper=\"fld_111619\" class=\"form-group\" id=\"fld_111619_1-wrap\">\r\n\t<label id=\"fld_111619Label\" for=\"fld_111619_1\" class=\"control-label\">Assunto <span aria-hidden=\"true\" role=\"presentation\" class=\"field_required\" style=\"color:#ee0000;\">*<\/span><\/label>\r\n\t<div class=\"\">\r\n\t\t<input   required type=\"text\" data-field=\"fld_111619\" class=\" form-control\" id=\"fld_111619_1\" name=\"fld_111619\" value=\"\" data-type=\"text\" aria-required=\"true\"   aria-labelledby=\"fld_111619Label\" >\t\t\t<\/div>\r\n<\/div>\r\n<div data-field-wrapper=\"fld_8670559\" class=\"form-group\" id=\"fld_8670559_1-wrap\">\r\n\t<label id=\"fld_8670559Label\" for=\"fld_8670559_1\" class=\"control-label\">Nome <span aria-hidden=\"true\" role=\"presentation\" class=\"field_required\" style=\"color:#ee0000;\">*<\/span><\/label>\r\n\t<div class=\"\">\r\n\t\t<input   required type=\"text\" data-field=\"fld_8670559\" class=\" form-control\" id=\"fld_8670559_1\" name=\"fld_8670559\" value=\"\" data-type=\"text\" aria-required=\"true\"   aria-labelledby=\"fld_8670559Label\" >\t\t\t<\/div>\r\n<\/div>\r\n<div data-field-wrapper=\"fld_3199639\" class=\"form-group\" id=\"fld_3199639_1-wrap\">\r\n\t<label id=\"fld_3199639Label\" for=\"fld_3199639_1\" class=\"control-label\">Email <span aria-hidden=\"true\" role=\"presentation\" class=\"field_required\" style=\"color:#ee0000;\">*<\/span><\/label>\r\n\t<div class=\"\">\r\n\t\t<input   required type=\"email\" data-field=\"fld_3199639\" class=\" form-control\" id=\"fld_3199639_1\" name=\"fld_3199639\" value=\"\" data-type=\"email\" aria-required=\"true\"   aria-labelledby=\"fld_3199639Label\" >\t\t\t<\/div>\r\n<\/div>\r\n<div data-field-wrapper=\"fld_4254470\" class=\"form-group\" id=\"fld_4254470_1-wrap\">\r\n\t<label id=\"fld_4254470Label\" for=\"fld_4254470_1\" class=\"control-label\">Pergunta <span aria-hidden=\"true\" role=\"presentation\" class=\"field_required\" style=\"color:#ee0000;\">*<\/span><\/label>\r\n\t<div class=\"\">\r\n\t\t<textarea name=\"fld_4254470\" value=\"\" data-field=\"fld_4254470\" class=\"form-control\" id=\"fld_4254470_1\" rows=\"4\"  required=\"required\"  aria-labelledby=\"fld_4254470Label\" ><\/textarea>\n\t\t\t<\/div>\r\n<\/div>\r\n<div data-field-wrapper=\"fld_7204196\" class=\"form-group\" id=\"fld_7204196_1-wrap\">\r\n<div class=\"\">\r\n\t<input  class=\"btn btn-default\" type=\"submit\" name=\"fld_7204196\" id=\"fld_7204196_1\" value=\"Enviar\" data-field=\"fld_7204196\"  >\n<\/div>\r\n<\/div>\r\n\t<input class=\"button_trigger_1\" type=\"hidden\" name=\"fld_7204196\" id=\"fld_7204196_1_btn\" value=\"\" data-field=\"fld_7204196\"  \/>\n<\/div><\/div><\/form>\r\n<\/div>\r\n\n<p><strong><a href=\"https:\/\/www.institutodeengenharia.org.br\/site\/doacao\/\">CLIQUE<\/a> E FA\u00c7A SUA DOA\u00c7\u00c3O PARA O INSTITUTO DE ENGENHARIA<\/strong><\/p>\n<p>&nbsp;<\/p>\n","protected":false},"excerpt":{"rendered":"<p>Av. Dr. Dante Pazzanese, 120 &#8211; Vila Mariana CEP: 04012-180 &#8211; S\u00e3o Paulo &#8211; SP CLIQUE E FA\u00c7A SUA DOA\u00c7\u00c3O PARA O INSTITUTO DE ENGENHARIA &nbsp;<\/p>\n","protected":false},"author":1,"featured_media":0,"parent":0,"menu_order":0,"comment_status":"closed","ping_status":"closed","template":"","meta":{"footnotes":""},"class_list":["post-340","page","type-page","status-publish"],"yoast_head":"<!-- This site is optimized with the Yoast SEO plugin v27.5 - https:\/\/yoast.com\/product\/yoast-seo-wordpress\/ -->\n<title>Mande seu e-mail - Instituto de Engenharia<\/title>\n<meta name=\"robots\" content=\"index, follow, max-snippet:-1, max-image-preview:large, max-video-preview:-1\" \/>\n<link rel=\"canonical\" href=\"https:\/\/www.institutodeengenharia.org.br\/site\/mande-seu-e-mail\/\" \/>\n<meta property=\"og:locale\" content=\"pt_BR\" \/>\n<meta property=\"og:type\" content=\"article\" \/>\n<meta property=\"og:title\" content=\"Mande seu e-mail - Instituto de Engenharia\" \/>\n<meta property=\"og:description\" content=\"Av. Dr. Dante Pazzanese, 120 &#8211; Vila Mariana CEP: 04012-180 &#8211; S\u00e3o Paulo &#8211; SP CLIQUE E FA\u00c7A SUA DOA\u00c7\u00c3O PARA O INSTITUTO DE ENGENHARIA &nbsp;\" \/>\n<meta property=\"og:url\" content=\"https:\/\/www.institutodeengenharia.org.br\/site\/mande-seu-e-mail\/\" \/>\n<meta property=\"og:site_name\" content=\"Instituto de Engenharia\" \/>\n<meta property=\"article:publisher\" content=\"https:\/\/www.facebook.com\/institutodeengenharia\" \/>\n<meta property=\"article:modified_time\" content=\"2026-05-12T14:42:55+00:00\" \/>\n<meta name=\"twitter:card\" content=\"summary_large_image\" \/>\n<meta name=\"twitter:site\" content=\"@iengenharia\" \/>\n<meta name=\"twitter:label1\" content=\"Est. tempo de leitura\" \/>\n\t<meta name=\"twitter:data1\" content=\"1 minuto\" \/>\n<script type=\"application\/ld+json\" class=\"yoast-schema-graph\">{\"@context\":\"https:\\\/\\\/schema.org\",\"@graph\":[{\"@type\":\"WebPage\",\"@id\":\"https:\\\/\\\/www.institutodeengenharia.org.br\\\/site\\\/mande-seu-e-mail\\\/\",\"url\":\"https:\\\/\\\/www.institutodeengenharia.org.br\\\/site\\\/mande-seu-e-mail\\\/\",\"name\":\"Mande seu e-mail - Instituto de Engenharia\",\"isPartOf\":{\"@id\":\"https:\\\/\\\/www.institutodeengenharia.org.br\\\/site\\\/#website\"},\"datePublished\":\"2017-09-26T11:57:39+00:00\",\"dateModified\":\"2026-05-12T14:42:55+00:00\",\"breadcrumb\":{\"@id\":\"https:\\\/\\\/www.institutodeengenharia.org.br\\\/site\\\/mande-seu-e-mail\\\/#breadcrumb\"},\"inLanguage\":\"pt-BR\",\"potentialAction\":[{\"@type\":\"ReadAction\",\"target\":[\"https:\\\/\\\/www.institutodeengenharia.org.br\\\/site\\\/mande-seu-e-mail\\\/\"]}]},{\"@type\":\"BreadcrumbList\",\"@id\":\"https:\\\/\\\/www.institutodeengenharia.org.br\\\/site\\\/mande-seu-e-mail\\\/#breadcrumb\",\"itemListElement\":[{\"@type\":\"ListItem\",\"position\":1,\"name\":\"In\u00edcio\",\"item\":\"https:\\\/\\\/www.institutodeengenharia.org.br\\\/site\\\/\"},{\"@type\":\"ListItem\",\"position\":2,\"name\":\"Mande seu e-mail\"}]},{\"@type\":\"WebSite\",\"@id\":\"https:\\\/\\\/www.institutodeengenharia.org.br\\\/site\\\/#website\",\"url\":\"https:\\\/\\\/www.institutodeengenharia.org.br\\\/site\\\/\",\"name\":\"Instituto de Engenharia\",\"description\":\"O Instituto de Engenharia promove a Engenharia em benef\u00edcio do desenvolvimento e da qualidade de vida da sociedade.\",\"publisher\":{\"@id\":\"https:\\\/\\\/www.institutodeengenharia.org.br\\\/site\\\/#organization\"},\"potentialAction\":[{\"@type\":\"SearchAction\",\"target\":{\"@type\":\"EntryPoint\",\"urlTemplate\":\"https:\\\/\\\/www.institutodeengenharia.org.br\\\/site\\\/?s={search_term_string}\"},\"query-input\":{\"@type\":\"PropertyValueSpecification\",\"valueRequired\":true,\"valueName\":\"search_term_string\"}}],\"inLanguage\":\"pt-BR\"},{\"@type\":\"Organization\",\"@id\":\"https:\\\/\\\/www.institutodeengenharia.org.br\\\/site\\\/#organization\",\"name\":\"Instituto de Engenharia\",\"url\":\"https:\\\/\\\/www.institutodeengenharia.org.br\\\/site\\\/\",\"logo\":{\"@type\":\"ImageObject\",\"inLanguage\":\"pt-BR\",\"@id\":\"https:\\\/\\\/www.institutodeengenharia.org.br\\\/site\\\/#\\\/schema\\\/logo\\\/image\\\/\",\"url\":\"https:\\\/\\\/www.institutodeengenharia.org.br\\\/site\\\/wp-content\\\/uploads\\\/2019\\\/03\\\/logo-novo-IE2018-1.jpg\",\"contentUrl\":\"https:\\\/\\\/www.institutodeengenharia.org.br\\\/site\\\/wp-content\\\/uploads\\\/2019\\\/03\\\/logo-novo-IE2018-1.jpg\",\"width\":1486,\"height\":1879,\"caption\":\"Instituto de Engenharia\"},\"image\":{\"@id\":\"https:\\\/\\\/www.institutodeengenharia.org.br\\\/site\\\/#\\\/schema\\\/logo\\\/image\\\/\"},\"sameAs\":[\"https:\\\/\\\/www.facebook.com\\\/institutodeengenharia\",\"https:\\\/\\\/x.com\\\/iengenharia\",\"https:\\\/\\\/www.instagram.com\\\/institutodeengenharia\\\/\",\"https:\\\/\\\/www.linkedin.com\\\/company\\\/instituto-de-engenharia\\\/\",\"https:\\\/\\\/www.youtube.com\\\/channel\\\/UCXiCAlsSMe977vamW915HxA\"]}]}<\/script>\n<!-- \/ Yoast SEO plugin. -->","yoast_head_json":{"title":"Mande seu e-mail - Instituto de Engenharia","robots":{"index":"index","follow":"follow","max-snippet":"max-snippet:-1","max-image-preview":"max-image-preview:large","max-video-preview":"max-video-preview:-1"},"canonical":"https:\/\/www.institutodeengenharia.org.br\/site\/mande-seu-e-mail\/","og_locale":"pt_BR","og_type":"article","og_title":"Mande seu e-mail - Instituto de Engenharia","og_description":"Av. Dr. Dante Pazzanese, 120 &#8211; Vila Mariana CEP: 04012-180 &#8211; S\u00e3o Paulo &#8211; SP CLIQUE E FA\u00c7A SUA DOA\u00c7\u00c3O PARA O INSTITUTO DE ENGENHARIA &nbsp;","og_url":"https:\/\/www.institutodeengenharia.org.br\/site\/mande-seu-e-mail\/","og_site_name":"Instituto de Engenharia","article_publisher":"https:\/\/www.facebook.com\/institutodeengenharia","article_modified_time":"2026-05-12T14:42:55+00:00","twitter_card":"summary_large_image","twitter_site":"@iengenharia","twitter_misc":{"Est. tempo de leitura":"1 minuto"},"schema":{"@context":"https:\/\/schema.org","@graph":[{"@type":"WebPage","@id":"https:\/\/www.institutodeengenharia.org.br\/site\/mande-seu-e-mail\/","url":"https:\/\/www.institutodeengenharia.org.br\/site\/mande-seu-e-mail\/","name":"Mande seu e-mail - Instituto de Engenharia","isPartOf":{"@id":"https:\/\/www.institutodeengenharia.org.br\/site\/#website"},"datePublished":"2017-09-26T11:57:39+00:00","dateModified":"2026-05-12T14:42:55+00:00","breadcrumb":{"@id":"https:\/\/www.institutodeengenharia.org.br\/site\/mande-seu-e-mail\/#breadcrumb"},"inLanguage":"pt-BR","potentialAction":[{"@type":"ReadAction","target":["https:\/\/www.institutodeengenharia.org.br\/site\/mande-seu-e-mail\/"]}]},{"@type":"BreadcrumbList","@id":"https:\/\/www.institutodeengenharia.org.br\/site\/mande-seu-e-mail\/#breadcrumb","itemListElement":[{"@type":"ListItem","position":1,"name":"In\u00edcio","item":"https:\/\/www.institutodeengenharia.org.br\/site\/"},{"@type":"ListItem","position":2,"name":"Mande seu e-mail"}]},{"@type":"WebSite","@id":"https:\/\/www.institutodeengenharia.org.br\/site\/#website","url":"https:\/\/www.institutodeengenharia.org.br\/site\/","name":"Instituto de Engenharia","description":"O Instituto de Engenharia promove a Engenharia em benef\u00edcio do desenvolvimento e da qualidade de vida da sociedade.","publisher":{"@id":"https:\/\/www.institutodeengenharia.org.br\/site\/#organization"},"potentialAction":[{"@type":"SearchAction","target":{"@type":"EntryPoint","urlTemplate":"https:\/\/www.institutodeengenharia.org.br\/site\/?s={search_term_string}"},"query-input":{"@type":"PropertyValueSpecification","valueRequired":true,"valueName":"search_term_string"}}],"inLanguage":"pt-BR"},{"@type":"Organization","@id":"https:\/\/www.institutodeengenharia.org.br\/site\/#organization","name":"Instituto de Engenharia","url":"https:\/\/www.institutodeengenharia.org.br\/site\/","logo":{"@type":"ImageObject","inLanguage":"pt-BR","@id":"https:\/\/www.institutodeengenharia.org.br\/site\/#\/schema\/logo\/image\/","url":"https:\/\/www.institutodeengenharia.org.br\/site\/wp-content\/uploads\/2019\/03\/logo-novo-IE2018-1.jpg","contentUrl":"https:\/\/www.institutodeengenharia.org.br\/site\/wp-content\/uploads\/2019\/03\/logo-novo-IE2018-1.jpg","width":1486,"height":1879,"caption":"Instituto de Engenharia"},"image":{"@id":"https:\/\/www.institutodeengenharia.org.br\/site\/#\/schema\/logo\/image\/"},"sameAs":["https:\/\/www.facebook.com\/institutodeengenharia","https:\/\/x.com\/iengenharia","https:\/\/www.instagram.com\/institutodeengenharia\/","https:\/\/www.linkedin.com\/company\/instituto-de-engenharia\/","https:\/\/www.youtube.com\/channel\/UCXiCAlsSMe977vamW915HxA"]}]}},"_links":{"self":[{"href":"https:\/\/www.institutodeengenharia.org.br\/site\/wp-json\/wp\/v2\/pages\/340","targetHints":{"allow":["GET"]}}],"collection":[{"href":"https:\/\/www.institutodeengenharia.org.br\/site\/wp-json\/wp\/v2\/pages"}],"about":[{"href":"https:\/\/www.institutodeengenharia.org.br\/site\/wp-json\/wp\/v2\/types\/page"}],"author":[{"embeddable":true,"href":"https:\/\/www.institutodeengenharia.org.br\/site\/wp-json\/wp\/v2\/users\/1"}],"replies":[{"embeddable":true,"href":"https:\/\/www.institutodeengenharia.org.br\/site\/wp-json\/wp\/v2\/comments?post=340"}],"version-history":[{"count":10,"href":"https:\/\/www.institutodeengenharia.org.br\/site\/wp-json\/wp\/v2\/pages\/340\/revisions"}],"predecessor-version":[{"id":153875,"href":"https:\/\/www.institutodeengenharia.org.br\/site\/wp-json\/wp\/v2\/pages\/340\/revisions\/153875"}],"wp:attachment":[{"href":"https:\/\/www.institutodeengenharia.org.br\/site\/wp-json\/wp\/v2\/media?parent=340"}],"curies":[{"name":"wp","href":"https:\/\/api.w.org\/{rel}","templated":true}]}}