{"id":31516,"date":"2018-03-13T11:41:24","date_gmt":"2018-03-13T14:41:24","guid":{"rendered":"https:\/\/www.institutodeengenharia.org.br\/site\/?page_id=31516"},"modified":"2018-09-27T16:25:30","modified_gmt":"2018-09-27T19:25:30","slug":"bibliotecas-parceiras-do-instituto-de-engenharia","status":"publish","type":"page","link":"https:\/\/www.institutodeengenharia.org.br\/site\/bibliotecas-parceiras-do-instituto-de-engenharia\/","title":{"rendered":"Links para Bibliotecas e sites de interesse"},"content":{"rendered":"<p><a href=\"https:\/\/maua.br\/biblioteca\">Instituto Mau\u00e1 de Tecnologia\u00a0<\/a><\/p>\n<p><a href=\"http:\/\/www.usp.br\/sibi\/\" target=\"_blank\" rel=\"noopener\">USP<\/a>\u00a0&#8211; Universidade de S\u00e3o Paulo<\/p>\n<p><a href=\"http:\/\/www.sbu.unicamp.br\/portal2\/\">UNICAMP<\/a>\u00a0&#8211; Universidade de Campinas<\/p>\n<p><a href=\"http:\/\/portal.biblioteca.unesp.br\/portal\/athena\/\" target=\"_blank\" rel=\"noopener\">UNESP<\/a>\u00a0&#8211; Universidade Estadual Paulista<\/p>\n<p><a href=\"http:\/\/www.mackenzie.br\/bibliotecas.html\" target=\"_blank\" rel=\"noopener\">Universidade Mackenzie<\/a><\/p>\n<p><strong>Sites de Interesse<\/strong><\/p>\n<p><a href=\"http:\/\/www.ibict.br\/\" target=\"_blank\" rel=\"noopener\">IBICT<\/a>\u00a0&#8211; Instituto Brasileiro de Informa\u00e7\u00e3o em Ci\u00eancia e Tecnologia<\/p>\n<p><a href=\"http:\/\/www.cnpq.br\/\" target=\"_blank\" rel=\"noopener\">CNPQ<\/a>\u00a0&#8211; Conselho Nacional de Desenvolvimento Cient\u00edfico e Tecnol\u00f3gico (http:\/\/www.cnpq.br\/)<\/p>\n<p>Funda\u00e7\u00e3o Get\u00falio Vargas (<a href=\"http:\/\/portal.fgv.br\/\" target=\"_blank\" rel=\"noopener\">http:\/\/portal.fgv.br<\/a>\/)<\/p>\n<p><a href=\"http:\/\/www.capes.gov.br\/\" target=\"_blank\" rel=\"noopener\">CAPES<\/a>\u00a0\u2013 Coordena\u00e7\u00e3o de Aperfei\u00e7oamento de Pessoal de N\u00edvel Superior<\/p>\n<p><a href=\"http:\/\/www.ibge.gov.br\/home\/\" target=\"_blank\" rel=\"noopener\">IBGE<\/a>\u00a0\u2013 Instituto Brasileiro de Geografia e Estat\u00edstica<\/p>\n<p><strong>Bibliotecas Digitais\/Virtuais<\/strong><\/p>\n<p>&#8211;\u00a0<a href=\"http:\/\/www.scielo.org\/php\/index.php?lang=en\" target=\"_blank\" rel=\"noopener\">SCIELO<\/a>\u00a0\u2013 Scientific Eletronic Library Online<\/p>\n<p>&#8211; Wikip\u00e9dia, a enciclop\u00e9dia livre (<a href=\"http:\/\/pt.wikipedia.org\/wiki\/Wiki\/\" target=\"_blank\" rel=\"noopener\">http:\/\/pt.wikipedia.org\/wiki\/Wiki\/)<br \/>\n<\/a><br \/>\n&#8211; Dominio P\u00fablico (Minist\u00e9rio da Educa\u00e7\u00e3o) (<a href=\"http:\/\/www.dominiopublico.gov.br\/pesquisa\/PesquisaObraForm.jsp\" target=\"_blank\" rel=\"noopener\">http:\/\/www.dominiopublico.gov.br\/pesquisa\/PesquisaObraForm.jsp<\/a>)<\/p>\n<p>&#8211; Biblioteca Digital Mundial (<a href=\"http:\/\/www.wdl.org\/pt\" target=\"_blank\" rel=\"noopener\">http:\/\/www.wdl.org\/pt<\/a>\/)<\/p>\n<p><strong>Di\u00e1rios Oficiais<br \/>\n<\/strong><br \/>\n&#8211; Di\u00e1rio Oficial da Uni\u00e3o<br \/>\n<a href=\"http:\/\/portal.in.gov.br\/\" target=\"_blank\" rel=\"noopener\">http:\/\/portal.in.gov.br\/<\/a><\/p>\n<p>&#8211; Di\u00e1rio Oficial Estado de S\u00e3o Paulo<br \/>\n<a href=\"http:\/\/www.imprensaoficial.com.br\/PortalIO\/DO\/HomeDO_2_0.aspx#15\/09\/2011\" target=\"_blank\" rel=\"noopener\">http:\/\/www.imprensaoficial.com.br\/PortalIO\/DO\/HomeDO_2_0.aspx#15\/09\/2011<\/a><\/p>\n<p>&nbsp;<\/p>\n<p><strong>Normas T\u00e9cnicas<br \/>\n<\/strong><br \/>\n&#8211; ABNT \u2013 Associa\u00e7\u00e3o Brasileira de Normas T\u00e9cnicas<br \/>\n<a href=\"http:\/\/www.abnt.org.br\/\" target=\"_blank\" rel=\"noopener\">http:\/\/www.abnt.org.br\/<\/a><\/p>\n<p>&#8211; ISO \u2013 International Organization for Standardization<br \/>\n<a href=\"http:\/\/www.iso.org\/iso\/home.html\" target=\"_blank\" rel=\"noopener\">http:\/\/www.iso.org\/iso\/home.html\u00a0<\/a><\/p>\n","protected":false},"excerpt":{"rendered":"<p>Instituto Mau\u00e1 de Tecnologia\u00a0 USP\u00a0&#8211; Universidade de S\u00e3o Paulo UNICAMP\u00a0&#8211; Universidade de Campinas UNESP\u00a0&#8211; Universidade Estadual Paulista Universidade Mackenzie Sites de Interesse IBICT\u00a0&#8211; Instituto Brasileiro de Informa\u00e7\u00e3o em Ci\u00eancia e Tecnologia CNPQ\u00a0&#8211; Conselho Nacional de Desenvolvimento Cient\u00edfico e Tecnol\u00f3gico (http:\/\/www.cnpq.br\/) Funda\u00e7\u00e3o Get\u00falio Vargas (http:\/\/portal.fgv.br\/) CAPES\u00a0\u2013 Coordena\u00e7\u00e3o de Aperfei\u00e7oamento de Pessoal de N\u00edvel Superior IBGE\u00a0\u2013 Instituto [&hellip;]<\/p>\n","protected":false},"author":1,"featured_media":0,"parent":0,"menu_order":0,"comment_status":"closed","ping_status":"closed","template":"","meta":{"footnotes":""},"class_list":["post-31516","page","type-page","status-publish"],"yoast_head":"<!-- This site is optimized with the Yoast SEO plugin v27.2 - https:\/\/yoast.com\/product\/yoast-seo-wordpress\/ -->\n<title>Links para Bibliotecas e sites de interesse - Instituto de Engenharia<\/title>\n<meta name=\"robots\" content=\"index, follow, max-snippet:-1, max-image-preview:large, max-video-preview:-1\" \/>\n<link rel=\"canonical\" href=\"https:\/\/www.institutodeengenharia.org.br\/site\/bibliotecas-parceiras-do-instituto-de-engenharia\/\" \/>\n<meta property=\"og:locale\" content=\"pt_BR\" \/>\n<meta property=\"og:type\" content=\"article\" \/>\n<meta property=\"og:title\" content=\"Links para Bibliotecas e sites de interesse - Instituto de Engenharia\" \/>\n<meta property=\"og:description\" content=\"Instituto Mau\u00e1 de Tecnologia\u00a0 USP\u00a0&#8211; Universidade de S\u00e3o Paulo UNICAMP\u00a0&#8211; Universidade de Campinas UNESP\u00a0&#8211; Universidade Estadual Paulista Universidade Mackenzie Sites de Interesse IBICT\u00a0&#8211; Instituto Brasileiro de Informa\u00e7\u00e3o em Ci\u00eancia e Tecnologia CNPQ\u00a0&#8211; Conselho Nacional de Desenvolvimento Cient\u00edfico e Tecnol\u00f3gico (http:\/\/www.cnpq.br\/) Funda\u00e7\u00e3o Get\u00falio Vargas (http:\/\/portal.fgv.br\/) CAPES\u00a0\u2013 Coordena\u00e7\u00e3o de Aperfei\u00e7oamento de Pessoal de N\u00edvel Superior IBGE\u00a0\u2013 Instituto [&hellip;]\" \/>\n<meta property=\"og:url\" content=\"https:\/\/www.institutodeengenharia.org.br\/site\/bibliotecas-parceiras-do-instituto-de-engenharia\/\" \/>\n<meta property=\"og:site_name\" content=\"Instituto de Engenharia\" \/>\n<meta property=\"article:publisher\" content=\"https:\/\/www.facebook.com\/institutodeengenharia\" \/>\n<meta property=\"article:modified_time\" content=\"2018-09-27T19:25:30+00:00\" \/>\n<meta name=\"twitter:card\" content=\"summary_large_image\" \/>\n<meta name=\"twitter:site\" content=\"@iengenharia\" \/>\n<meta name=\"twitter:label1\" content=\"Est. tempo de leitura\" \/>\n\t<meta name=\"twitter:data1\" content=\"1 minuto\" \/>\n<script type=\"application\/ld+json\" class=\"yoast-schema-graph\">{\"@context\":\"https:\/\/schema.org\",\"@graph\":[{\"@type\":\"WebPage\",\"@id\":\"https:\/\/www.institutodeengenharia.org.br\/site\/bibliotecas-parceiras-do-instituto-de-engenharia\/\",\"url\":\"https:\/\/www.institutodeengenharia.org.br\/site\/bibliotecas-parceiras-do-instituto-de-engenharia\/\",\"name\":\"Links para Bibliotecas e sites de interesse - Instituto de Engenharia\",\"isPartOf\":{\"@id\":\"https:\/\/www.institutodeengenharia.org.br\/site\/#website\"},\"datePublished\":\"2018-03-13T14:41:24+00:00\",\"dateModified\":\"2018-09-27T19:25:30+00:00\",\"breadcrumb\":{\"@id\":\"https:\/\/www.institutodeengenharia.org.br\/site\/bibliotecas-parceiras-do-instituto-de-engenharia\/#breadcrumb\"},\"inLanguage\":\"pt-BR\",\"potentialAction\":[{\"@type\":\"ReadAction\",\"target\":[\"https:\/\/www.institutodeengenharia.org.br\/site\/bibliotecas-parceiras-do-instituto-de-engenharia\/\"]}]},{\"@type\":\"BreadcrumbList\",\"@id\":\"https:\/\/www.institutodeengenharia.org.br\/site\/bibliotecas-parceiras-do-instituto-de-engenharia\/#breadcrumb\",\"itemListElement\":[{\"@type\":\"ListItem\",\"position\":1,\"name\":\"In\u00edcio\",\"item\":\"https:\/\/www.institutodeengenharia.org.br\/site\/\"},{\"@type\":\"ListItem\",\"position\":2,\"name\":\"Links para Bibliotecas e sites de interesse\"}]},{\"@type\":\"WebSite\",\"@id\":\"https:\/\/www.institutodeengenharia.org.br\/site\/#website\",\"url\":\"https:\/\/www.institutodeengenharia.org.br\/site\/\",\"name\":\"Instituto de Engenharia\",\"description\":\"O Instituto de Engenharia promove a Engenharia em benef\u00edcio do desenvolvimento e da qualidade de vida da sociedade.\",\"publisher\":{\"@id\":\"https:\/\/www.institutodeengenharia.org.br\/site\/#organization\"},\"potentialAction\":[{\"@type\":\"SearchAction\",\"target\":{\"@type\":\"EntryPoint\",\"urlTemplate\":\"https:\/\/www.institutodeengenharia.org.br\/site\/?s={search_term_string}\"},\"query-input\":{\"@type\":\"PropertyValueSpecification\",\"valueRequired\":true,\"valueName\":\"search_term_string\"}}],\"inLanguage\":\"pt-BR\"},{\"@type\":\"Organization\",\"@id\":\"https:\/\/www.institutodeengenharia.org.br\/site\/#organization\",\"name\":\"Instituto de Engenharia\",\"url\":\"https:\/\/www.institutodeengenharia.org.br\/site\/\",\"logo\":{\"@type\":\"ImageObject\",\"inLanguage\":\"pt-BR\",\"@id\":\"https:\/\/www.institutodeengenharia.org.br\/site\/#\/schema\/logo\/image\/\",\"url\":\"https:\/\/www.institutodeengenharia.org.br\/site\/wp-content\/uploads\/2019\/03\/logo-novo-IE2018-1.jpg\",\"contentUrl\":\"https:\/\/www.institutodeengenharia.org.br\/site\/wp-content\/uploads\/2019\/03\/logo-novo-IE2018-1.jpg\",\"width\":1486,\"height\":1879,\"caption\":\"Instituto de Engenharia\"},\"image\":{\"@id\":\"https:\/\/www.institutodeengenharia.org.br\/site\/#\/schema\/logo\/image\/\"},\"sameAs\":[\"https:\/\/www.facebook.com\/institutodeengenharia\",\"https:\/\/x.com\/iengenharia\",\"https:\/\/www.instagram.com\/institutodeengenharia\/\",\"https:\/\/www.linkedin.com\/company\/instituto-de-engenharia\/\",\"https:\/\/www.youtube.com\/channel\/UCXiCAlsSMe977vamW915HxA\"]}]}<\/script>\n<!-- \/ Yoast SEO plugin. -->","yoast_head_json":{"title":"Links para Bibliotecas e sites de interesse - Instituto de Engenharia","robots":{"index":"index","follow":"follow","max-snippet":"max-snippet:-1","max-image-preview":"max-image-preview:large","max-video-preview":"max-video-preview:-1"},"canonical":"https:\/\/www.institutodeengenharia.org.br\/site\/bibliotecas-parceiras-do-instituto-de-engenharia\/","og_locale":"pt_BR","og_type":"article","og_title":"Links para Bibliotecas e sites de interesse - Instituto de Engenharia","og_description":"Instituto Mau\u00e1 de Tecnologia\u00a0 USP\u00a0&#8211; Universidade de S\u00e3o Paulo UNICAMP\u00a0&#8211; Universidade de Campinas UNESP\u00a0&#8211; Universidade Estadual Paulista Universidade Mackenzie Sites de Interesse IBICT\u00a0&#8211; Instituto Brasileiro de Informa\u00e7\u00e3o em Ci\u00eancia e Tecnologia CNPQ\u00a0&#8211; Conselho Nacional de Desenvolvimento Cient\u00edfico e Tecnol\u00f3gico (http:\/\/www.cnpq.br\/) Funda\u00e7\u00e3o Get\u00falio Vargas (http:\/\/portal.fgv.br\/) CAPES\u00a0\u2013 Coordena\u00e7\u00e3o de Aperfei\u00e7oamento de Pessoal de N\u00edvel Superior IBGE\u00a0\u2013 Instituto [&hellip;]","og_url":"https:\/\/www.institutodeengenharia.org.br\/site\/bibliotecas-parceiras-do-instituto-de-engenharia\/","og_site_name":"Instituto de Engenharia","article_publisher":"https:\/\/www.facebook.com\/institutodeengenharia","article_modified_time":"2018-09-27T19:25:30+00:00","twitter_card":"summary_large_image","twitter_site":"@iengenharia","twitter_misc":{"Est. tempo de leitura":"1 minuto"},"schema":{"@context":"https:\/\/schema.org","@graph":[{"@type":"WebPage","@id":"https:\/\/www.institutodeengenharia.org.br\/site\/bibliotecas-parceiras-do-instituto-de-engenharia\/","url":"https:\/\/www.institutodeengenharia.org.br\/site\/bibliotecas-parceiras-do-instituto-de-engenharia\/","name":"Links para Bibliotecas e sites de interesse - Instituto de Engenharia","isPartOf":{"@id":"https:\/\/www.institutodeengenharia.org.br\/site\/#website"},"datePublished":"2018-03-13T14:41:24+00:00","dateModified":"2018-09-27T19:25:30+00:00","breadcrumb":{"@id":"https:\/\/www.institutodeengenharia.org.br\/site\/bibliotecas-parceiras-do-instituto-de-engenharia\/#breadcrumb"},"inLanguage":"pt-BR","potentialAction":[{"@type":"ReadAction","target":["https:\/\/www.institutodeengenharia.org.br\/site\/bibliotecas-parceiras-do-instituto-de-engenharia\/"]}]},{"@type":"BreadcrumbList","@id":"https:\/\/www.institutodeengenharia.org.br\/site\/bibliotecas-parceiras-do-instituto-de-engenharia\/#breadcrumb","itemListElement":[{"@type":"ListItem","position":1,"name":"In\u00edcio","item":"https:\/\/www.institutodeengenharia.org.br\/site\/"},{"@type":"ListItem","position":2,"name":"Links para Bibliotecas e sites de interesse"}]},{"@type":"WebSite","@id":"https:\/\/www.institutodeengenharia.org.br\/site\/#website","url":"https:\/\/www.institutodeengenharia.org.br\/site\/","name":"Instituto de Engenharia","description":"O Instituto de Engenharia promove a Engenharia em benef\u00edcio do desenvolvimento e da qualidade de vida da sociedade.","publisher":{"@id":"https:\/\/www.institutodeengenharia.org.br\/site\/#organization"},"potentialAction":[{"@type":"SearchAction","target":{"@type":"EntryPoint","urlTemplate":"https:\/\/www.institutodeengenharia.org.br\/site\/?s={search_term_string}"},"query-input":{"@type":"PropertyValueSpecification","valueRequired":true,"valueName":"search_term_string"}}],"inLanguage":"pt-BR"},{"@type":"Organization","@id":"https:\/\/www.institutodeengenharia.org.br\/site\/#organization","name":"Instituto de Engenharia","url":"https:\/\/www.institutodeengenharia.org.br\/site\/","logo":{"@type":"ImageObject","inLanguage":"pt-BR","@id":"https:\/\/www.institutodeengenharia.org.br\/site\/#\/schema\/logo\/image\/","url":"https:\/\/www.institutodeengenharia.org.br\/site\/wp-content\/uploads\/2019\/03\/logo-novo-IE2018-1.jpg","contentUrl":"https:\/\/www.institutodeengenharia.org.br\/site\/wp-content\/uploads\/2019\/03\/logo-novo-IE2018-1.jpg","width":1486,"height":1879,"caption":"Instituto de Engenharia"},"image":{"@id":"https:\/\/www.institutodeengenharia.org.br\/site\/#\/schema\/logo\/image\/"},"sameAs":["https:\/\/www.facebook.com\/institutodeengenharia","https:\/\/x.com\/iengenharia","https:\/\/www.instagram.com\/institutodeengenharia\/","https:\/\/www.linkedin.com\/company\/instituto-de-engenharia\/","https:\/\/www.youtube.com\/channel\/UCXiCAlsSMe977vamW915HxA"]}]}},"_links":{"self":[{"href":"https:\/\/www.institutodeengenharia.org.br\/site\/wp-json\/wp\/v2\/pages\/31516","targetHints":{"allow":["GET"]}}],"collection":[{"href":"https:\/\/www.institutodeengenharia.org.br\/site\/wp-json\/wp\/v2\/pages"}],"about":[{"href":"https:\/\/www.institutodeengenharia.org.br\/site\/wp-json\/wp\/v2\/types\/page"}],"author":[{"embeddable":true,"href":"https:\/\/www.institutodeengenharia.org.br\/site\/wp-json\/wp\/v2\/users\/1"}],"replies":[{"embeddable":true,"href":"https:\/\/www.institutodeengenharia.org.br\/site\/wp-json\/wp\/v2\/comments?post=31516"}],"version-history":[{"count":7,"href":"https:\/\/www.institutodeengenharia.org.br\/site\/wp-json\/wp\/v2\/pages\/31516\/revisions"}],"predecessor-version":[{"id":31520,"href":"https:\/\/www.institutodeengenharia.org.br\/site\/wp-json\/wp\/v2\/pages\/31516\/revisions\/31520"}],"wp:attachment":[{"href":"https:\/\/www.institutodeengenharia.org.br\/site\/wp-json\/wp\/v2\/media?parent=31516"}],"curies":[{"name":"wp","href":"https:\/\/api.w.org\/{rel}","templated":true}]}}