{"id":314,"date":"2017-09-22T16:11:14","date_gmt":"2017-09-22T19:11:14","guid":{"rendered":"https:\/\/www.institutodeengenharia.org.br\/?page_id=314"},"modified":"2017-09-22T16:11:14","modified_gmt":"2017-09-22T19:11:14","slug":"codigo-de-etica-do-associado","status":"publish","type":"page","link":"https:\/\/www.institutodeengenharia.org.br\/site\/codigo-de-etica-do-associado\/","title":{"rendered":"C\u00f3digo de \u00c9tica do Associado"},"content":{"rendered":"<p><strong>Conhe\u00e7a o C\u00f3digo de \u00c9tica do Associado do Instituto de Engenharia &#8211; Aprovado em 28 de janeiro de 2013<\/strong><\/p>\n<p>O presente C\u00f3digo de \u00c9tica, previsto nos Estatutos em vigor, foi aprovado pelo Conselho Deliberativo na 1745\u00aa Reuni\u00e3o Ordin\u00e1ria de 28 de Janeiro de 2.013 e estabelece as normas de conduta a serem observadas por todos os associados, para que possam ostentar condignamente a condi\u00e7\u00e3o de membros do Instituto de Engenharia.<\/p>\n<p>CAP\u00cdTULO I &#8211; DIRETRIZES DE CONDUTA PROFISSIONAL<\/p>\n<p>Art.1\u00ba &#8211; Considerar a profiss\u00e3o como alto t\u00edtulo de honra, utilizando ci\u00eancia, experi\u00eancia e consci\u00eancia a fim de promover o bem estar da Sociedade.<\/p>\n<p>Art. 2\u00ba &#8211; O profissional deve sempre compatibilizar custos e qualidade de projetos, obras e servi\u00e7os sob sua responsabilidade.<\/p>\n<p>Art. 3\u00ba &#8211; O profissional deve adotar provid\u00eancias contra a utiliza\u00e7\u00e3o fraudulenta do resultado do seu trabalho e n\u00e3o colaborar na fabrica\u00e7\u00e3o, venda ou difus\u00e3o de qualquer projeto e ou produto que venha causar preju\u00edzos para a comunidade.<\/p>\n<p>Art. 4\u00ba &#8211; Nas solu\u00e7\u00f5es t\u00e9cnicas que propuser ou adotar, o profissional deve sempre respeitar as normas e exig\u00eancias de seguran\u00e7a dos trabalhadores, dos usu\u00e1rios e do p\u00fablico em geral e respeitar as normas legais e regulamentos pertinentes para prote\u00e7\u00e3o do meio ambiente e dos recursos naturais.<\/p>\n<p>Art. 5\u00ba &#8211; Quando no exerc\u00edcio da fun\u00e7\u00e3o p\u00fablica ou privada o profissional n\u00e3o dever\u00e1 participar, ou elaborar para terceiros, trabalhos t\u00e9cnicos remunerados que estejam sujeitos \u00e0 aprova\u00e7\u00e3o pela entidade onde estiver prestando seus servi\u00e7os.<\/p>\n<p>Art. 6\u00ba &#8211; O profissional, nas rela\u00e7\u00f5es de trabalho com outros profissionais, dever\u00e1 atuar sempre com boa f\u00e9 e lealdade.<\/p>\n<p>Art. 7\u00ba &#8211; O profissional n\u00e3o dever\u00e1 prejudicar, direta ou indiretamente, a reputa\u00e7\u00e3o profissional e as atividades profissionais de seus cong\u00eaneres.<\/p>\n<p>Art. 8\u00ba &#8211; O profissional deve empenhar-se para que n\u00e3o sejam menosprezados os trabalhos t\u00e9cnicos de outros, devendo apreci\u00e1-los e critic\u00e1-los com esp\u00edrito elevado e linguagem adequada, restrita aos seus aspectos t\u00e9cnicos.<\/p>\n<p>Art. 9\u00ba &#8211; O profissional deve concorrer com os demais com lealdade na obten\u00e7\u00e3o de trabalhos ou emprego.<\/p>\n<p>Art. 10 &#8211; O profissional deve recusar substituir outro colega quando as raz\u00f5es dessa substitui\u00e7\u00e3o n\u00e3o forem plenamente justific\u00e1veis, devendo faz\u00ea-lo sempre com o conhecimento da pessoa substitu\u00edda.<\/p>\n<p>Art. 11 &#8211; O profissional deve recusar proceder \u00e0 revis\u00e3o, altera\u00e7\u00e3o ou complementa\u00e7\u00e3o dos trabalhos de outro colega sem o pr\u00e9vio conhecimento deste, exceto quando haja recusa do antecessor em complement\u00e1-lo.<\/p>\n<p>Art. 12 &#8211; O profissional deve manter conduta p\u00fablica que n\u00e3o possa afetar o bom nome do Instituto de Engenharia.<\/p>\n<p>Art. 13 &#8211; Sem preju\u00edzo da aplica\u00e7\u00e3o individual de qualquer dos itens anteriores deste C\u00f3digo, quando em grupo, na elabora\u00e7\u00e3o de concep\u00e7\u00f5es, projetos, constru\u00e7\u00f5es e a\u00e7\u00f5es de qualquer natureza, o engenheiro far\u00e1 uso do alcance da melhor solu\u00e7\u00e3o aplic\u00e1vel.<\/p>\n<p>CAP\u00cdTULO II &#8211; DIRETRIZES DE CONDUTA ASSOCIATIVA E INSTITUCIONAL<\/p>\n<p>Art. 14 &#8211; Conhecer e cumprir com os deveres dos Estatutos do Instituto de Engenharia, assim como de sua Miss\u00e3o.<\/p>\n<p>Art. 15 &#8211; Prestigiar e zelar pela reputa\u00e7\u00e3o do Instituto de Engenharia buscando participar da forma\u00e7\u00e3o de opini\u00f5es representativas dos associados.<\/p>\n<p>Art. 16 &#8211; Procurar participar dos processos eleitorais dos \u00f3rg\u00e3os de dire\u00e7\u00e3o do Instituto de Engenharia, e respeitar as decis\u00f5es dos \u00f3rg\u00e3os diretivos e de colegas eleitos, quando ocorrerem no correto exerc\u00edcio de suas fun\u00e7\u00f5es e encargos, consoante as normas estatut\u00e1rias e regimentais.<\/p>\n<p>Art. 17 &#8211; N\u00e3o utilizar o nome do Instituto de Engenharia com vistas a obter benef\u00edcios pessoais.<\/p>\n<p>Art. 18 &#8211; Respeitar as regulamenta\u00e7\u00f5es de funcionamento da entidade, sobretudo quanto ao relacionamento com o p\u00fablico externo, impedindo o uso inadequado do logotipo, dos pap\u00e9is timbrados do Instituto de Engenharia e jamais se utilizar do cadastro dos associados para divulgar assuntos pessoais.<\/p>\n<p>Art. 19 &#8211; Em pronunciamentos p\u00fablicos, sempre sujeitos \u00e0 hierarquia de representa\u00e7\u00e3o oficial da institui\u00e7\u00e3o, utilizar apenas e t\u00e3o somente opini\u00f5es consagradas em documentos, publica\u00e7\u00f5es e atas dos \u00f3rg\u00e3os diretivos do Instituto de Engenharia.<\/p>\n<p>Art. 20 &#8211; Em conex\u00e3o com a diretriz anterior, quando o associado emitir sua opini\u00e3o pessoal, enfatizar esta condi\u00e7\u00e3o de individualidade.<\/p>\n<p>Art. 21 &#8211; Comportar-se sempre com respeito e urbanidade, propiciando o bem estar de visitantes e colegas.<\/p>\n<p>Art. 22 &#8211; Em conex\u00e3o com a diretriz anterior, procurar ser direto em suas manifesta\u00e7\u00f5es a respeito de colegas, sobretudo se estes estiverem no exerc\u00edcio de cargos da institui\u00e7\u00e3o, evitando insinua\u00e7\u00f5es, ironias e ila\u00e7\u00f5es, em prol da verdade daquilo em que se pronunciar.<\/p>\n<p>Art. 23 &#8211; Apoiar a\u00e7\u00f5es conjuntas com outras entidades de classe e entidades de ensino de engenharia.<\/p>\n<p>CAP\u00cdTULO III &#8211; DAS INFRA\u00c7\u00d5ES AO C\u00d3DIGO<\/p>\n<p>Art. 24 &#8211; Proceder-se-\u00e1 de acordo as disposi\u00e7\u00f5es regimentais vigentes do Instituto de Engenharia no tratamento de ocorr\u00eancia de infra\u00e7\u00f5es capituladas nos artigos deste C\u00f3digo. <\/p>\n","protected":false},"excerpt":{"rendered":"<p>Conhe\u00e7a o C\u00f3digo de \u00c9tica do Associado do Instituto de Engenharia &#8211; Aprovado em 28 de janeiro de 2013 O presente C\u00f3digo de \u00c9tica, previsto nos Estatutos em vigor, foi aprovado pelo Conselho Deliberativo na 1745\u00aa Reuni\u00e3o Ordin\u00e1ria de 28 de Janeiro de 2.013 e estabelece as normas de conduta a serem observadas por todos [&hellip;]<\/p>\n","protected":false},"author":1,"featured_media":0,"parent":0,"menu_order":0,"comment_status":"closed","ping_status":"closed","template":"","meta":{"footnotes":""},"class_list":["post-314","page","type-page","status-publish"],"yoast_head":"<!-- This site is optimized with the Yoast SEO plugin v27.2 - https:\/\/yoast.com\/product\/yoast-seo-wordpress\/ -->\n<title>C\u00f3digo de \u00c9tica do Associado - Instituto de Engenharia<\/title>\n<meta name=\"robots\" content=\"index, follow, max-snippet:-1, max-image-preview:large, max-video-preview:-1\" \/>\n<link rel=\"canonical\" href=\"https:\/\/www.institutodeengenharia.org.br\/site\/codigo-de-etica-do-associado\/\" \/>\n<meta property=\"og:locale\" content=\"pt_BR\" \/>\n<meta property=\"og:type\" content=\"article\" \/>\n<meta property=\"og:title\" content=\"C\u00f3digo de \u00c9tica do Associado - Instituto de Engenharia\" \/>\n<meta property=\"og:description\" content=\"Conhe\u00e7a o C\u00f3digo de \u00c9tica do Associado do Instituto de Engenharia &#8211; Aprovado em 28 de janeiro de 2013 O presente C\u00f3digo de \u00c9tica, previsto nos Estatutos em vigor, foi aprovado pelo Conselho Deliberativo na 1745\u00aa Reuni\u00e3o Ordin\u00e1ria de 28 de Janeiro de 2.013 e estabelece as normas de conduta a serem observadas por todos [&hellip;]\" \/>\n<meta property=\"og:url\" content=\"https:\/\/www.institutodeengenharia.org.br\/site\/codigo-de-etica-do-associado\/\" \/>\n<meta property=\"og:site_name\" content=\"Instituto de Engenharia\" \/>\n<meta property=\"article:publisher\" content=\"https:\/\/www.facebook.com\/institutodeengenharia\" \/>\n<meta name=\"twitter:card\" content=\"summary_large_image\" \/>\n<meta name=\"twitter:site\" content=\"@iengenharia\" \/>\n<meta name=\"twitter:label1\" content=\"Est. tempo de leitura\" \/>\n\t<meta name=\"twitter:data1\" content=\"4 minutos\" \/>\n<script type=\"application\/ld+json\" class=\"yoast-schema-graph\">{\"@context\":\"https:\/\/schema.org\",\"@graph\":[{\"@type\":\"WebPage\",\"@id\":\"https:\/\/www.institutodeengenharia.org.br\/site\/codigo-de-etica-do-associado\/\",\"url\":\"https:\/\/www.institutodeengenharia.org.br\/site\/codigo-de-etica-do-associado\/\",\"name\":\"C\u00f3digo de \u00c9tica do Associado - Instituto de Engenharia\",\"isPartOf\":{\"@id\":\"https:\/\/www.institutodeengenharia.org.br\/site\/#website\"},\"datePublished\":\"2017-09-22T19:11:14+00:00\",\"breadcrumb\":{\"@id\":\"https:\/\/www.institutodeengenharia.org.br\/site\/codigo-de-etica-do-associado\/#breadcrumb\"},\"inLanguage\":\"pt-BR\",\"potentialAction\":[{\"@type\":\"ReadAction\",\"target\":[\"https:\/\/www.institutodeengenharia.org.br\/site\/codigo-de-etica-do-associado\/\"]}]},{\"@type\":\"BreadcrumbList\",\"@id\":\"https:\/\/www.institutodeengenharia.org.br\/site\/codigo-de-etica-do-associado\/#breadcrumb\",\"itemListElement\":[{\"@type\":\"ListItem\",\"position\":1,\"name\":\"In\u00edcio\",\"item\":\"https:\/\/www.institutodeengenharia.org.br\/site\/\"},{\"@type\":\"ListItem\",\"position\":2,\"name\":\"C\u00f3digo de \u00c9tica do Associado\"}]},{\"@type\":\"WebSite\",\"@id\":\"https:\/\/www.institutodeengenharia.org.br\/site\/#website\",\"url\":\"https:\/\/www.institutodeengenharia.org.br\/site\/\",\"name\":\"Instituto de Engenharia\",\"description\":\"O Instituto de Engenharia promove a Engenharia em benef\u00edcio do desenvolvimento e da qualidade de vida da sociedade.\",\"publisher\":{\"@id\":\"https:\/\/www.institutodeengenharia.org.br\/site\/#organization\"},\"potentialAction\":[{\"@type\":\"SearchAction\",\"target\":{\"@type\":\"EntryPoint\",\"urlTemplate\":\"https:\/\/www.institutodeengenharia.org.br\/site\/?s={search_term_string}\"},\"query-input\":{\"@type\":\"PropertyValueSpecification\",\"valueRequired\":true,\"valueName\":\"search_term_string\"}}],\"inLanguage\":\"pt-BR\"},{\"@type\":\"Organization\",\"@id\":\"https:\/\/www.institutodeengenharia.org.br\/site\/#organization\",\"name\":\"Instituto de Engenharia\",\"url\":\"https:\/\/www.institutodeengenharia.org.br\/site\/\",\"logo\":{\"@type\":\"ImageObject\",\"inLanguage\":\"pt-BR\",\"@id\":\"https:\/\/www.institutodeengenharia.org.br\/site\/#\/schema\/logo\/image\/\",\"url\":\"https:\/\/www.institutodeengenharia.org.br\/site\/wp-content\/uploads\/2019\/03\/logo-novo-IE2018-1.jpg\",\"contentUrl\":\"https:\/\/www.institutodeengenharia.org.br\/site\/wp-content\/uploads\/2019\/03\/logo-novo-IE2018-1.jpg\",\"width\":1486,\"height\":1879,\"caption\":\"Instituto de Engenharia\"},\"image\":{\"@id\":\"https:\/\/www.institutodeengenharia.org.br\/site\/#\/schema\/logo\/image\/\"},\"sameAs\":[\"https:\/\/www.facebook.com\/institutodeengenharia\",\"https:\/\/x.com\/iengenharia\",\"https:\/\/www.instagram.com\/institutodeengenharia\/\",\"https:\/\/www.linkedin.com\/company\/instituto-de-engenharia\/\",\"https:\/\/www.youtube.com\/channel\/UCXiCAlsSMe977vamW915HxA\"]}]}<\/script>\n<!-- \/ Yoast SEO plugin. -->","yoast_head_json":{"title":"C\u00f3digo de \u00c9tica do Associado - Instituto de Engenharia","robots":{"index":"index","follow":"follow","max-snippet":"max-snippet:-1","max-image-preview":"max-image-preview:large","max-video-preview":"max-video-preview:-1"},"canonical":"https:\/\/www.institutodeengenharia.org.br\/site\/codigo-de-etica-do-associado\/","og_locale":"pt_BR","og_type":"article","og_title":"C\u00f3digo de \u00c9tica do Associado - Instituto de Engenharia","og_description":"Conhe\u00e7a o C\u00f3digo de \u00c9tica do Associado do Instituto de Engenharia &#8211; Aprovado em 28 de janeiro de 2013 O presente C\u00f3digo de \u00c9tica, previsto nos Estatutos em vigor, foi aprovado pelo Conselho Deliberativo na 1745\u00aa Reuni\u00e3o Ordin\u00e1ria de 28 de Janeiro de 2.013 e estabelece as normas de conduta a serem observadas por todos [&hellip;]","og_url":"https:\/\/www.institutodeengenharia.org.br\/site\/codigo-de-etica-do-associado\/","og_site_name":"Instituto de Engenharia","article_publisher":"https:\/\/www.facebook.com\/institutodeengenharia","twitter_card":"summary_large_image","twitter_site":"@iengenharia","twitter_misc":{"Est. tempo de leitura":"4 minutos"},"schema":{"@context":"https:\/\/schema.org","@graph":[{"@type":"WebPage","@id":"https:\/\/www.institutodeengenharia.org.br\/site\/codigo-de-etica-do-associado\/","url":"https:\/\/www.institutodeengenharia.org.br\/site\/codigo-de-etica-do-associado\/","name":"C\u00f3digo de \u00c9tica do Associado - Instituto de Engenharia","isPartOf":{"@id":"https:\/\/www.institutodeengenharia.org.br\/site\/#website"},"datePublished":"2017-09-22T19:11:14+00:00","breadcrumb":{"@id":"https:\/\/www.institutodeengenharia.org.br\/site\/codigo-de-etica-do-associado\/#breadcrumb"},"inLanguage":"pt-BR","potentialAction":[{"@type":"ReadAction","target":["https:\/\/www.institutodeengenharia.org.br\/site\/codigo-de-etica-do-associado\/"]}]},{"@type":"BreadcrumbList","@id":"https:\/\/www.institutodeengenharia.org.br\/site\/codigo-de-etica-do-associado\/#breadcrumb","itemListElement":[{"@type":"ListItem","position":1,"name":"In\u00edcio","item":"https:\/\/www.institutodeengenharia.org.br\/site\/"},{"@type":"ListItem","position":2,"name":"C\u00f3digo de \u00c9tica do Associado"}]},{"@type":"WebSite","@id":"https:\/\/www.institutodeengenharia.org.br\/site\/#website","url":"https:\/\/www.institutodeengenharia.org.br\/site\/","name":"Instituto de Engenharia","description":"O Instituto de Engenharia promove a Engenharia em benef\u00edcio do desenvolvimento e da qualidade de vida da sociedade.","publisher":{"@id":"https:\/\/www.institutodeengenharia.org.br\/site\/#organization"},"potentialAction":[{"@type":"SearchAction","target":{"@type":"EntryPoint","urlTemplate":"https:\/\/www.institutodeengenharia.org.br\/site\/?s={search_term_string}"},"query-input":{"@type":"PropertyValueSpecification","valueRequired":true,"valueName":"search_term_string"}}],"inLanguage":"pt-BR"},{"@type":"Organization","@id":"https:\/\/www.institutodeengenharia.org.br\/site\/#organization","name":"Instituto de Engenharia","url":"https:\/\/www.institutodeengenharia.org.br\/site\/","logo":{"@type":"ImageObject","inLanguage":"pt-BR","@id":"https:\/\/www.institutodeengenharia.org.br\/site\/#\/schema\/logo\/image\/","url":"https:\/\/www.institutodeengenharia.org.br\/site\/wp-content\/uploads\/2019\/03\/logo-novo-IE2018-1.jpg","contentUrl":"https:\/\/www.institutodeengenharia.org.br\/site\/wp-content\/uploads\/2019\/03\/logo-novo-IE2018-1.jpg","width":1486,"height":1879,"caption":"Instituto de Engenharia"},"image":{"@id":"https:\/\/www.institutodeengenharia.org.br\/site\/#\/schema\/logo\/image\/"},"sameAs":["https:\/\/www.facebook.com\/institutodeengenharia","https:\/\/x.com\/iengenharia","https:\/\/www.instagram.com\/institutodeengenharia\/","https:\/\/www.linkedin.com\/company\/instituto-de-engenharia\/","https:\/\/www.youtube.com\/channel\/UCXiCAlsSMe977vamW915HxA"]}]}},"_links":{"self":[{"href":"https:\/\/www.institutodeengenharia.org.br\/site\/wp-json\/wp\/v2\/pages\/314","targetHints":{"allow":["GET"]}}],"collection":[{"href":"https:\/\/www.institutodeengenharia.org.br\/site\/wp-json\/wp\/v2\/pages"}],"about":[{"href":"https:\/\/www.institutodeengenharia.org.br\/site\/wp-json\/wp\/v2\/types\/page"}],"author":[{"embeddable":true,"href":"https:\/\/www.institutodeengenharia.org.br\/site\/wp-json\/wp\/v2\/users\/1"}],"replies":[{"embeddable":true,"href":"https:\/\/www.institutodeengenharia.org.br\/site\/wp-json\/wp\/v2\/comments?post=314"}],"version-history":[{"count":1,"href":"https:\/\/www.institutodeengenharia.org.br\/site\/wp-json\/wp\/v2\/pages\/314\/revisions"}],"predecessor-version":[{"id":315,"href":"https:\/\/www.institutodeengenharia.org.br\/site\/wp-json\/wp\/v2\/pages\/314\/revisions\/315"}],"wp:attachment":[{"href":"https:\/\/www.institutodeengenharia.org.br\/site\/wp-json\/wp\/v2\/media?parent=314"}],"curies":[{"name":"wp","href":"https:\/\/api.w.org\/{rel}","templated":true}]}}