{"id":306,"date":"2017-09-22T16:04:32","date_gmt":"2017-09-22T19:04:32","guid":{"rendered":"https:\/\/www.institutodeengenharia.org.br\/?page_id=306"},"modified":"2018-01-12T15:05:31","modified_gmt":"2018-01-12T17:05:31","slug":"acampamento-dos-engenheiros","status":"publish","type":"page","link":"https:\/\/www.institutodeengenharia.org.br\/site\/acampamento-dos-engenheiros\/","title":{"rendered":"Acampamento dos Engenheiros"},"content":{"rendered":"<p><img loading=\"lazy\" decoding=\"async\" class=\"aligncenter size-medium wp-image-308\" src=\"https:\/\/www.institutodeengenharia.org.br\/site\/wp-content\/uploads\/2017\/09\/acampamento-ie-1-300x225.jpg\" alt=\"\" width=\"500\" height=\"225\" \/><\/p>\n<p>Instituto<br \/>\nAcampamento dos Engenheiros<\/p>\n<p><img loading=\"lazy\" decoding=\"async\" class=\"aligncenter size-medium wp-image-307\" src=\"https:\/\/www.institutodeengenharia.org.br\/site\/wp-content\/uploads\/2017\/09\/acampamento-ie-2.JPG-300x225.jpg\" alt=\"\" width=\"500\" height=\"225\" \/><\/p>\n<p>Com o objetivo de proporcionar lazer e integra\u00e7\u00e3o aos seus associados, o Instituto de Engenharia possui uma \u00e1rea de lazer de 25 alqueires, com 502.000 m\u00b2 de \u00e1rea total e 6.280 m\u00b2 de \u00e1rea constru\u00edda, \u00e0s margens da Represa Billings, no ABC Paulista.<\/p>\n<p>Quando foi idealizado por associados ao Instituto de Engenharia, nos anos de 1930, o conceito do \u201cAcampamento dos Engenheiros\u201d era literalmente o de um camping, com um estoque de barracas avulsas que seriam cedidas aos associados e suas fam\u00edlias.<\/p>\n<p>Sua localiza\u00e7\u00e3o, \u00e0s margens da represa Billings, dificultava o acesso, especialmente nos per\u00edodos mais chuvosos. As entradas para a regi\u00e3o eram prec\u00e1rias, e o espa\u00e7o de lazer dos engenheiros acabou sendo subutilizado por muitos anos. Com o desenvolvimento do sistema vi\u00e1rio de S\u00e3o Paulo e o crescimento da ind\u00fastria automobil\u00edstica, a situa\u00e7\u00e3o mudou. A Billings \u201cpassou\u201d a ficar perto e os engenheiros come\u00e7aram a demandar a moderniza\u00e7\u00e3o do Acampamento.<\/p>\n<p>Realizou-se um concurso para o projeto da reforma, vencido pelo arquiteto Rubens Camargo Monteiro.<br \/>\nAs obras foram realizadas ao longo de 1961 remodelando inicialmente, as antigas instala\u00e7\u00f5es e construindo novas.<\/p>\n<p>Hoje, ela conta com dois campos de futebol, oito quadras de t\u00eanis, uma quadra poliesportiva, uma de futebol de sal\u00e3o, duas piscinas (adultos e crian\u00e7as), h\u00edpica com baia e picadeiros, trilhas, espa\u00e7o n\u00e1utico, sal\u00e3o de jogos, ber\u00e7\u00e1rio, vesti\u00e1rios, churrasqueiras, sal\u00e3o de festa e restaurante. Tudo isso em meio a muito verde, com a vegeta\u00e7\u00e3o da Mata Atl\u00e2ntica preservada e com alta relev\u00e2ncia ambiental.<\/p>\n<p>A \u00e1rea tamb\u00e9m oferece uma agenda de tradicionais festas e eventos esportivos.<\/p>\n<p>Todo profissional com n\u00edvel superior completo, em qualquer atividade, pode se associar ao Instituto de Engenharia e, consequentemente, ao clube.<\/p>\n<p>Para isso, basta clicar no link abaixo, conferir a documenta\u00e7\u00e3o e as condi\u00e7\u00f5es necess\u00e1rias e preencher o formul\u00e1rio. Voc\u00ea tamb\u00e9m pode mandar um e-mail para secretaria@iengenharia.org.br, com a mensagem Eu quero me associar ao Instituto de Engenharia.<\/p>\n<p>D\u00favidas sobre como se ASSOCIAR, ligue (11) 3466.9230\/31. Clique aqui e associe-se ao Instituto de Engenharia<\/p>\n<p>D\u00favidas sobre o FUNCIONAMENTO do Acampamento dos Engenheiros, ligue 11. 4358.1257.<\/p>\n<p>Como chegar<br \/>\nEstrada do Alvarenga, Km 25.5, no bairro Eldorado, S\u00e3o Bernardo do Campo<br \/>\nFone &#8211; 11.4358.1257<\/p>\n<p>Acesse o Blog com fotos hist\u00f3ricas do acampamento dos engenheiros, mantido pelo Engenheiro Nelson Padalino<\/p>\n","protected":false},"excerpt":{"rendered":"<p>Instituto Acampamento dos Engenheiros Com o objetivo de proporcionar lazer e integra\u00e7\u00e3o aos seus associados, o Instituto de Engenharia possui uma \u00e1rea de lazer de 25 alqueires, com 502.000 m\u00b2 de \u00e1rea total e 6.280 m\u00b2 de \u00e1rea constru\u00edda, \u00e0s margens da Represa Billings, no ABC Paulista. Quando foi idealizado por associados ao Instituto de [&hellip;]<\/p>\n","protected":false},"author":1,"featured_media":0,"parent":0,"menu_order":0,"comment_status":"closed","ping_status":"closed","template":"","meta":{"footnotes":""},"class_list":["post-306","page","type-page","status-publish"],"yoast_head":"<!-- This site is optimized with the Yoast SEO plugin v27.2 - https:\/\/yoast.com\/product\/yoast-seo-wordpress\/ -->\n<title>Acampamento dos Engenheiros - Instituto de Engenharia<\/title>\n<meta name=\"robots\" content=\"index, follow, max-snippet:-1, max-image-preview:large, max-video-preview:-1\" \/>\n<link rel=\"canonical\" href=\"https:\/\/www.institutodeengenharia.org.br\/site\/acampamento-dos-engenheiros\/\" \/>\n<meta property=\"og:locale\" content=\"pt_BR\" \/>\n<meta property=\"og:type\" content=\"article\" \/>\n<meta property=\"og:title\" content=\"Acampamento dos Engenheiros - Instituto de Engenharia\" \/>\n<meta property=\"og:description\" content=\"Instituto Acampamento dos Engenheiros Com o objetivo de proporcionar lazer e integra\u00e7\u00e3o aos seus associados, o Instituto de Engenharia possui uma \u00e1rea de lazer de 25 alqueires, com 502.000 m\u00b2 de \u00e1rea total e 6.280 m\u00b2 de \u00e1rea constru\u00edda, \u00e0s margens da Represa Billings, no ABC Paulista. Quando foi idealizado por associados ao Instituto de [&hellip;]\" \/>\n<meta property=\"og:url\" content=\"https:\/\/www.institutodeengenharia.org.br\/site\/acampamento-dos-engenheiros\/\" \/>\n<meta property=\"og:site_name\" content=\"Instituto de Engenharia\" \/>\n<meta property=\"article:publisher\" content=\"https:\/\/www.facebook.com\/institutodeengenharia\" \/>\n<meta property=\"article:modified_time\" content=\"2018-01-12T17:05:31+00:00\" \/>\n<meta property=\"og:image\" content=\"https:\/\/www.institutodeengenharia.org.br\/site\/wp-content\/uploads\/2017\/09\/acampamento-ie-1-300x225.jpg\" \/>\n<meta name=\"twitter:card\" content=\"summary_large_image\" \/>\n<meta name=\"twitter:site\" content=\"@iengenharia\" \/>\n<meta name=\"twitter:label1\" content=\"Est. tempo de leitura\" \/>\n\t<meta name=\"twitter:data1\" content=\"2 minutos\" \/>\n<script type=\"application\/ld+json\" class=\"yoast-schema-graph\">{\"@context\":\"https:\/\/schema.org\",\"@graph\":[{\"@type\":\"WebPage\",\"@id\":\"https:\/\/www.institutodeengenharia.org.br\/site\/acampamento-dos-engenheiros\/\",\"url\":\"https:\/\/www.institutodeengenharia.org.br\/site\/acampamento-dos-engenheiros\/\",\"name\":\"Acampamento dos Engenheiros - Instituto de Engenharia\",\"isPartOf\":{\"@id\":\"https:\/\/www.institutodeengenharia.org.br\/site\/#website\"},\"primaryImageOfPage\":{\"@id\":\"https:\/\/www.institutodeengenharia.org.br\/site\/acampamento-dos-engenheiros\/#primaryimage\"},\"image\":{\"@id\":\"https:\/\/www.institutodeengenharia.org.br\/site\/acampamento-dos-engenheiros\/#primaryimage\"},\"thumbnailUrl\":\"https:\/\/www.institutodeengenharia.org.br\/site\/wp-content\/uploads\/2017\/09\/acampamento-ie-1-300x225.jpg\",\"datePublished\":\"2017-09-22T19:04:32+00:00\",\"dateModified\":\"2018-01-12T17:05:31+00:00\",\"breadcrumb\":{\"@id\":\"https:\/\/www.institutodeengenharia.org.br\/site\/acampamento-dos-engenheiros\/#breadcrumb\"},\"inLanguage\":\"pt-BR\",\"potentialAction\":[{\"@type\":\"ReadAction\",\"target\":[\"https:\/\/www.institutodeengenharia.org.br\/site\/acampamento-dos-engenheiros\/\"]}]},{\"@type\":\"ImageObject\",\"inLanguage\":\"pt-BR\",\"@id\":\"https:\/\/www.institutodeengenharia.org.br\/site\/acampamento-dos-engenheiros\/#primaryimage\",\"url\":\"https:\/\/www.institutodeengenharia.org.br\/site\/wp-content\/uploads\/2017\/09\/acampamento-ie-1-300x225.jpg\",\"contentUrl\":\"https:\/\/www.institutodeengenharia.org.br\/site\/wp-content\/uploads\/2017\/09\/acampamento-ie-1-300x225.jpg\"},{\"@type\":\"BreadcrumbList\",\"@id\":\"https:\/\/www.institutodeengenharia.org.br\/site\/acampamento-dos-engenheiros\/#breadcrumb\",\"itemListElement\":[{\"@type\":\"ListItem\",\"position\":1,\"name\":\"In\u00edcio\",\"item\":\"https:\/\/www.institutodeengenharia.org.br\/site\/\"},{\"@type\":\"ListItem\",\"position\":2,\"name\":\"Acampamento dos Engenheiros\"}]},{\"@type\":\"WebSite\",\"@id\":\"https:\/\/www.institutodeengenharia.org.br\/site\/#website\",\"url\":\"https:\/\/www.institutodeengenharia.org.br\/site\/\",\"name\":\"Instituto de Engenharia\",\"description\":\"O Instituto de Engenharia promove a Engenharia em benef\u00edcio do desenvolvimento e da qualidade de vida da sociedade.\",\"publisher\":{\"@id\":\"https:\/\/www.institutodeengenharia.org.br\/site\/#organization\"},\"potentialAction\":[{\"@type\":\"SearchAction\",\"target\":{\"@type\":\"EntryPoint\",\"urlTemplate\":\"https:\/\/www.institutodeengenharia.org.br\/site\/?s={search_term_string}\"},\"query-input\":{\"@type\":\"PropertyValueSpecification\",\"valueRequired\":true,\"valueName\":\"search_term_string\"}}],\"inLanguage\":\"pt-BR\"},{\"@type\":\"Organization\",\"@id\":\"https:\/\/www.institutodeengenharia.org.br\/site\/#organization\",\"name\":\"Instituto de Engenharia\",\"url\":\"https:\/\/www.institutodeengenharia.org.br\/site\/\",\"logo\":{\"@type\":\"ImageObject\",\"inLanguage\":\"pt-BR\",\"@id\":\"https:\/\/www.institutodeengenharia.org.br\/site\/#\/schema\/logo\/image\/\",\"url\":\"https:\/\/www.institutodeengenharia.org.br\/site\/wp-content\/uploads\/2019\/03\/logo-novo-IE2018-1.jpg\",\"contentUrl\":\"https:\/\/www.institutodeengenharia.org.br\/site\/wp-content\/uploads\/2019\/03\/logo-novo-IE2018-1.jpg\",\"width\":1486,\"height\":1879,\"caption\":\"Instituto de Engenharia\"},\"image\":{\"@id\":\"https:\/\/www.institutodeengenharia.org.br\/site\/#\/schema\/logo\/image\/\"},\"sameAs\":[\"https:\/\/www.facebook.com\/institutodeengenharia\",\"https:\/\/x.com\/iengenharia\",\"https:\/\/www.instagram.com\/institutodeengenharia\/\",\"https:\/\/www.linkedin.com\/company\/instituto-de-engenharia\/\",\"https:\/\/www.youtube.com\/channel\/UCXiCAlsSMe977vamW915HxA\"]}]}<\/script>\n<!-- \/ Yoast SEO plugin. -->","yoast_head_json":{"title":"Acampamento dos Engenheiros - Instituto de Engenharia","robots":{"index":"index","follow":"follow","max-snippet":"max-snippet:-1","max-image-preview":"max-image-preview:large","max-video-preview":"max-video-preview:-1"},"canonical":"https:\/\/www.institutodeengenharia.org.br\/site\/acampamento-dos-engenheiros\/","og_locale":"pt_BR","og_type":"article","og_title":"Acampamento dos Engenheiros - Instituto de Engenharia","og_description":"Instituto Acampamento dos Engenheiros Com o objetivo de proporcionar lazer e integra\u00e7\u00e3o aos seus associados, o Instituto de Engenharia possui uma \u00e1rea de lazer de 25 alqueires, com 502.000 m\u00b2 de \u00e1rea total e 6.280 m\u00b2 de \u00e1rea constru\u00edda, \u00e0s margens da Represa Billings, no ABC Paulista. Quando foi idealizado por associados ao Instituto de [&hellip;]","og_url":"https:\/\/www.institutodeengenharia.org.br\/site\/acampamento-dos-engenheiros\/","og_site_name":"Instituto de Engenharia","article_publisher":"https:\/\/www.facebook.com\/institutodeengenharia","article_modified_time":"2018-01-12T17:05:31+00:00","og_image":[{"url":"https:\/\/www.institutodeengenharia.org.br\/site\/wp-content\/uploads\/2017\/09\/acampamento-ie-1-300x225.jpg","type":"","width":"","height":""}],"twitter_card":"summary_large_image","twitter_site":"@iengenharia","twitter_misc":{"Est. tempo de leitura":"2 minutos"},"schema":{"@context":"https:\/\/schema.org","@graph":[{"@type":"WebPage","@id":"https:\/\/www.institutodeengenharia.org.br\/site\/acampamento-dos-engenheiros\/","url":"https:\/\/www.institutodeengenharia.org.br\/site\/acampamento-dos-engenheiros\/","name":"Acampamento dos Engenheiros - Instituto de Engenharia","isPartOf":{"@id":"https:\/\/www.institutodeengenharia.org.br\/site\/#website"},"primaryImageOfPage":{"@id":"https:\/\/www.institutodeengenharia.org.br\/site\/acampamento-dos-engenheiros\/#primaryimage"},"image":{"@id":"https:\/\/www.institutodeengenharia.org.br\/site\/acampamento-dos-engenheiros\/#primaryimage"},"thumbnailUrl":"https:\/\/www.institutodeengenharia.org.br\/site\/wp-content\/uploads\/2017\/09\/acampamento-ie-1-300x225.jpg","datePublished":"2017-09-22T19:04:32+00:00","dateModified":"2018-01-12T17:05:31+00:00","breadcrumb":{"@id":"https:\/\/www.institutodeengenharia.org.br\/site\/acampamento-dos-engenheiros\/#breadcrumb"},"inLanguage":"pt-BR","potentialAction":[{"@type":"ReadAction","target":["https:\/\/www.institutodeengenharia.org.br\/site\/acampamento-dos-engenheiros\/"]}]},{"@type":"ImageObject","inLanguage":"pt-BR","@id":"https:\/\/www.institutodeengenharia.org.br\/site\/acampamento-dos-engenheiros\/#primaryimage","url":"https:\/\/www.institutodeengenharia.org.br\/site\/wp-content\/uploads\/2017\/09\/acampamento-ie-1-300x225.jpg","contentUrl":"https:\/\/www.institutodeengenharia.org.br\/site\/wp-content\/uploads\/2017\/09\/acampamento-ie-1-300x225.jpg"},{"@type":"BreadcrumbList","@id":"https:\/\/www.institutodeengenharia.org.br\/site\/acampamento-dos-engenheiros\/#breadcrumb","itemListElement":[{"@type":"ListItem","position":1,"name":"In\u00edcio","item":"https:\/\/www.institutodeengenharia.org.br\/site\/"},{"@type":"ListItem","position":2,"name":"Acampamento dos Engenheiros"}]},{"@type":"WebSite","@id":"https:\/\/www.institutodeengenharia.org.br\/site\/#website","url":"https:\/\/www.institutodeengenharia.org.br\/site\/","name":"Instituto de Engenharia","description":"O Instituto de Engenharia promove a Engenharia em benef\u00edcio do desenvolvimento e da qualidade de vida da sociedade.","publisher":{"@id":"https:\/\/www.institutodeengenharia.org.br\/site\/#organization"},"potentialAction":[{"@type":"SearchAction","target":{"@type":"EntryPoint","urlTemplate":"https:\/\/www.institutodeengenharia.org.br\/site\/?s={search_term_string}"},"query-input":{"@type":"PropertyValueSpecification","valueRequired":true,"valueName":"search_term_string"}}],"inLanguage":"pt-BR"},{"@type":"Organization","@id":"https:\/\/www.institutodeengenharia.org.br\/site\/#organization","name":"Instituto de Engenharia","url":"https:\/\/www.institutodeengenharia.org.br\/site\/","logo":{"@type":"ImageObject","inLanguage":"pt-BR","@id":"https:\/\/www.institutodeengenharia.org.br\/site\/#\/schema\/logo\/image\/","url":"https:\/\/www.institutodeengenharia.org.br\/site\/wp-content\/uploads\/2019\/03\/logo-novo-IE2018-1.jpg","contentUrl":"https:\/\/www.institutodeengenharia.org.br\/site\/wp-content\/uploads\/2019\/03\/logo-novo-IE2018-1.jpg","width":1486,"height":1879,"caption":"Instituto de Engenharia"},"image":{"@id":"https:\/\/www.institutodeengenharia.org.br\/site\/#\/schema\/logo\/image\/"},"sameAs":["https:\/\/www.facebook.com\/institutodeengenharia","https:\/\/x.com\/iengenharia","https:\/\/www.instagram.com\/institutodeengenharia\/","https:\/\/www.linkedin.com\/company\/instituto-de-engenharia\/","https:\/\/www.youtube.com\/channel\/UCXiCAlsSMe977vamW915HxA"]}]}},"_links":{"self":[{"href":"https:\/\/www.institutodeengenharia.org.br\/site\/wp-json\/wp\/v2\/pages\/306","targetHints":{"allow":["GET"]}}],"collection":[{"href":"https:\/\/www.institutodeengenharia.org.br\/site\/wp-json\/wp\/v2\/pages"}],"about":[{"href":"https:\/\/www.institutodeengenharia.org.br\/site\/wp-json\/wp\/v2\/types\/page"}],"author":[{"embeddable":true,"href":"https:\/\/www.institutodeengenharia.org.br\/site\/wp-json\/wp\/v2\/users\/1"}],"replies":[{"embeddable":true,"href":"https:\/\/www.institutodeengenharia.org.br\/site\/wp-json\/wp\/v2\/comments?post=306"}],"version-history":[{"count":4,"href":"https:\/\/www.institutodeengenharia.org.br\/site\/wp-json\/wp\/v2\/pages\/306\/revisions"}],"predecessor-version":[{"id":28560,"href":"https:\/\/www.institutodeengenharia.org.br\/site\/wp-json\/wp\/v2\/pages\/306\/revisions\/28560"}],"wp:attachment":[{"href":"https:\/\/www.institutodeengenharia.org.br\/site\/wp-json\/wp\/v2\/media?parent=306"}],"curies":[{"name":"wp","href":"https:\/\/api.w.org\/{rel}","templated":true}]}}