{"id":289,"date":"2017-09-22T15:34:47","date_gmt":"2017-09-22T18:34:47","guid":{"rendered":"https:\/\/www.institutodeengenharia.org.br\/?page_id=289"},"modified":"2023-08-31T11:26:17","modified_gmt":"2023-08-31T14:26:17","slug":"associe-se","status":"publish","type":"page","link":"https:\/\/www.institutodeengenharia.org.br\/site\/associe-se\/","title":{"rendered":"Por que se tornar associado"},"content":{"rendered":"<p>&nbsp;<\/p>\n<p style=\"text-align: center;\"><a href=\"https:\/\/www.institutodeengenharia.org.br\/home\/#pricing\"><img loading=\"lazy\" decoding=\"async\" class=\"alignnone wp-image-64426\" src=\"https:\/\/www.institutodeengenharia.org.br\/site\/wp-content\/uploads\/2019\/11\/associe-se-300x117.jpg\" alt=\"\" width=\"190\" height=\"74\" srcset=\"https:\/\/www.institutodeengenharia.org.br\/site\/wp-content\/uploads\/2019\/11\/associe-se-300x117.jpg 300w, https:\/\/www.institutodeengenharia.org.br\/site\/wp-content\/uploads\/2019\/11\/associe-se.jpg 409w\" sizes=\"auto, (max-width: 190px) 100vw, 190px\" \/><\/a><\/p>\n<div class=\"br1-botao-associar\" style=\"width: 150px;\"><\/div>\n<p>Fundado em 1916, o INSTITUTO DE ENGENHARIA tem como miss\u00e3o promover a Engenharia em benef\u00edcio do desenvolvimento e da qualidade de vida da sociedade brasileira, estabelecendo o elo necess\u00e1rio entre a Ci\u00eancia e a Experi\u00eancia e fornecendo uma ponte s\u00f3lida para viabilizar o crescimento sustentado do Pa\u00eds.<\/p>\n<p><strong>Venha fazer parte do Instituto de Engenharia e desfrute de valiosos benef\u00edcios<\/strong><\/p>\n<p>\u2022 Network &#8211; o Instituto de Engenharia coloca voc\u00ea em contato com os melhores profissionais, entidades e informa\u00e7\u00f5es de todas as \u00e1reas da Engenharia, locais e internacionais.<\/p>\n<p>\u2022 Construa o seu acervo profissional, avance na carreira, amplie sua rede de relacionamentos e fa\u00e7a a diferen\u00e7a envolvendo-se e participando. Como? Associe-se ao Instituto de Engenharia<\/p>\n<p>\u2022 Participe gratuitamente das atividades de qualquer dos <a href=\"https:\/\/www.institutodeengenharia.org.br\/site\/divisoes-tecnicas\/\">10 Departamentos T\u00e9cnicos do Instituto e de suas 32 Divis\u00f5es T\u00e9cnicas<\/a> especializadas.<\/p>\n<p>\u2022 Mantenha-se atualizado com educa\u00e7\u00e3o continuada e assist\u00eancia aos <a href=\"https:\/\/www.institutodeengenharia.org.br\/site\/cursos\/\">cursos<\/a> de reciclagem, semin\u00e1rios, confer\u00eancias, simp\u00f3sios e <a href=\"https:\/\/www.institutodeengenharia.org.br\/site\/agenda\/geral\/\">eventos<\/a> realizados periodicamente pelo Instituto de Engenharia.<\/p>\n<p>\u2022 Receba assinatura da Revista Engenharia, publica\u00e7\u00e3o t\u00e9cnica bimensal do IE &#8211; uma das melhores do Pa\u00eds &#8211; que tamb\u00e9m \u00e9 requisitada e arquivada na Biblioteca do Congresso nos EUA.<\/p>\n<p>\u2022 Enrique\u00e7a o seu curr\u00edculo e a sua visibilidade profissional: escreva um artigo e publique na Revista Engenharia.<\/p>\n<p>\u2022 Inscreva seu trabalho e concorra \u00e0 premia\u00e7\u00e3o dos melhores trabalhos t\u00e9cnicos. O pr\u00eamio \u00e9 concedido na ocasi\u00e3o da comemora\u00e7\u00e3o do Dia do Engenheiro.<\/p>\n<p>\u2022 Utilize as <a href=\"https:\/\/www.institutodeengenharia.org.br\/site\/espacos-para-locacao\/\">instala\u00e7\u00f5es<\/a> da sede do Instituto, que disp\u00f5e de audit\u00f3rios, salas de aula, biblioteca, restaurante, estacionamento para 200 carros &#8211; em localiza\u00e7\u00e3o privilegiada &#8211; pr\u00f3xima ao Parque Ibirapuera, para congressos, cursos e outros eventos, com tarifas preferenciais para associados.<\/p>\n<p>\u2022 Venha resolver suas controv\u00e9rsias empresariais utilizando a <a href=\"https:\/\/www.cma-ie.org.br\/\">C\u00e2mara de Media\u00e7\u00e3o e Arbitragem do Instituto de Engenharia &#8211; CMA-IE<\/a>. Fundada em 1999, \u00e9 a \u00fanica C\u00e2mara especializada na solu\u00e7\u00e3o de conflitos no \u00e2mbito da Engenharia e tem o objetivo de atender \u00e0s novas exig\u00eancias legais e processuais dentro da realidade brasileira. \u00c9 focada na isen\u00e7\u00e3o, efic\u00e1cia nos resultados, confidencialidade, economia processual e flexibilidade.<\/p>\n<p style=\"text-align: center;\">Ficamos \u00e0 Av. Dr. Dante Pazzanese, 120, no bairro de Vila Mariana, em S\u00e3o Paulo. Informa\u00e7\u00f5es para associa\u00e7\u00e3o &#8211;\u00a0 secretaria@iengenharia.org.br &#8211; 11. 3466.9230.<\/p>\n<p>&nbsp;<\/p>\n","protected":false},"excerpt":{"rendered":"<p>&nbsp; Fundado em 1916, o INSTITUTO DE ENGENHARIA tem como miss\u00e3o promover a Engenharia em benef\u00edcio do desenvolvimento e da qualidade de vida da sociedade brasileira, estabelecendo o elo necess\u00e1rio entre a Ci\u00eancia e a Experi\u00eancia e fornecendo uma ponte s\u00f3lida para viabilizar o crescimento sustentado do Pa\u00eds. Venha fazer parte do Instituto de Engenharia [&hellip;]<\/p>\n","protected":false},"author":1,"featured_media":0,"parent":0,"menu_order":0,"comment_status":"closed","ping_status":"closed","template":"","meta":{"footnotes":""},"class_list":["post-289","page","type-page","status-publish"],"yoast_head":"<!-- This site is optimized with the Yoast SEO plugin v27.2 - https:\/\/yoast.com\/product\/yoast-seo-wordpress\/ -->\n<title>Por que se tornar associado - Instituto de Engenharia<\/title>\n<meta name=\"robots\" content=\"index, follow, max-snippet:-1, max-image-preview:large, max-video-preview:-1\" \/>\n<link rel=\"canonical\" href=\"https:\/\/www.institutodeengenharia.org.br\/site\/associe-se\/\" \/>\n<meta property=\"og:locale\" content=\"pt_BR\" \/>\n<meta property=\"og:type\" content=\"article\" \/>\n<meta property=\"og:title\" content=\"Por que se tornar associado - Instituto de Engenharia\" \/>\n<meta property=\"og:description\" content=\"&nbsp; Fundado em 1916, o INSTITUTO DE ENGENHARIA tem como miss\u00e3o promover a Engenharia em benef\u00edcio do desenvolvimento e da qualidade de vida da sociedade brasileira, estabelecendo o elo necess\u00e1rio entre a Ci\u00eancia e a Experi\u00eancia e fornecendo uma ponte s\u00f3lida para viabilizar o crescimento sustentado do Pa\u00eds. Venha fazer parte do Instituto de Engenharia [&hellip;]\" \/>\n<meta property=\"og:url\" content=\"https:\/\/www.institutodeengenharia.org.br\/site\/associe-se\/\" \/>\n<meta property=\"og:site_name\" content=\"Instituto de Engenharia\" \/>\n<meta property=\"article:publisher\" content=\"https:\/\/www.facebook.com\/institutodeengenharia\" \/>\n<meta property=\"article:modified_time\" content=\"2023-08-31T14:26:17+00:00\" \/>\n<meta property=\"og:image\" content=\"https:\/\/www.institutodeengenharia.org.br\/site\/wp-content\/uploads\/2019\/11\/associe-se-300x117.jpg\" \/>\n<meta name=\"twitter:card\" content=\"summary_large_image\" \/>\n<meta name=\"twitter:site\" content=\"@iengenharia\" \/>\n<meta name=\"twitter:label1\" content=\"Est. tempo de leitura\" \/>\n\t<meta name=\"twitter:data1\" content=\"3 minutos\" \/>\n<script type=\"application\/ld+json\" class=\"yoast-schema-graph\">{\"@context\":\"https:\/\/schema.org\",\"@graph\":[{\"@type\":\"WebPage\",\"@id\":\"https:\/\/www.institutodeengenharia.org.br\/site\/associe-se\/\",\"url\":\"https:\/\/www.institutodeengenharia.org.br\/site\/associe-se\/\",\"name\":\"Por que se tornar associado - Instituto de Engenharia\",\"isPartOf\":{\"@id\":\"https:\/\/www.institutodeengenharia.org.br\/site\/#website\"},\"primaryImageOfPage\":{\"@id\":\"https:\/\/www.institutodeengenharia.org.br\/site\/associe-se\/#primaryimage\"},\"image\":{\"@id\":\"https:\/\/www.institutodeengenharia.org.br\/site\/associe-se\/#primaryimage\"},\"thumbnailUrl\":\"https:\/\/www.institutodeengenharia.org.br\/site\/wp-content\/uploads\/2019\/11\/associe-se-300x117.jpg\",\"datePublished\":\"2017-09-22T18:34:47+00:00\",\"dateModified\":\"2023-08-31T14:26:17+00:00\",\"breadcrumb\":{\"@id\":\"https:\/\/www.institutodeengenharia.org.br\/site\/associe-se\/#breadcrumb\"},\"inLanguage\":\"pt-BR\",\"potentialAction\":[{\"@type\":\"ReadAction\",\"target\":[\"https:\/\/www.institutodeengenharia.org.br\/site\/associe-se\/\"]}]},{\"@type\":\"ImageObject\",\"inLanguage\":\"pt-BR\",\"@id\":\"https:\/\/www.institutodeengenharia.org.br\/site\/associe-se\/#primaryimage\",\"url\":\"https:\/\/www.institutodeengenharia.org.br\/site\/wp-content\/uploads\/2019\/11\/associe-se.jpg\",\"contentUrl\":\"https:\/\/www.institutodeengenharia.org.br\/site\/wp-content\/uploads\/2019\/11\/associe-se.jpg\",\"width\":409,\"height\":159},{\"@type\":\"BreadcrumbList\",\"@id\":\"https:\/\/www.institutodeengenharia.org.br\/site\/associe-se\/#breadcrumb\",\"itemListElement\":[{\"@type\":\"ListItem\",\"position\":1,\"name\":\"In\u00edcio\",\"item\":\"https:\/\/www.institutodeengenharia.org.br\/site\/\"},{\"@type\":\"ListItem\",\"position\":2,\"name\":\"Por que se tornar associado\"}]},{\"@type\":\"WebSite\",\"@id\":\"https:\/\/www.institutodeengenharia.org.br\/site\/#website\",\"url\":\"https:\/\/www.institutodeengenharia.org.br\/site\/\",\"name\":\"Instituto de Engenharia\",\"description\":\"O Instituto de Engenharia promove a Engenharia em benef\u00edcio do desenvolvimento e da qualidade de vida da sociedade.\",\"publisher\":{\"@id\":\"https:\/\/www.institutodeengenharia.org.br\/site\/#organization\"},\"potentialAction\":[{\"@type\":\"SearchAction\",\"target\":{\"@type\":\"EntryPoint\",\"urlTemplate\":\"https:\/\/www.institutodeengenharia.org.br\/site\/?s={search_term_string}\"},\"query-input\":{\"@type\":\"PropertyValueSpecification\",\"valueRequired\":true,\"valueName\":\"search_term_string\"}}],\"inLanguage\":\"pt-BR\"},{\"@type\":\"Organization\",\"@id\":\"https:\/\/www.institutodeengenharia.org.br\/site\/#organization\",\"name\":\"Instituto de Engenharia\",\"url\":\"https:\/\/www.institutodeengenharia.org.br\/site\/\",\"logo\":{\"@type\":\"ImageObject\",\"inLanguage\":\"pt-BR\",\"@id\":\"https:\/\/www.institutodeengenharia.org.br\/site\/#\/schema\/logo\/image\/\",\"url\":\"https:\/\/www.institutodeengenharia.org.br\/site\/wp-content\/uploads\/2019\/03\/logo-novo-IE2018-1.jpg\",\"contentUrl\":\"https:\/\/www.institutodeengenharia.org.br\/site\/wp-content\/uploads\/2019\/03\/logo-novo-IE2018-1.jpg\",\"width\":1486,\"height\":1879,\"caption\":\"Instituto de Engenharia\"},\"image\":{\"@id\":\"https:\/\/www.institutodeengenharia.org.br\/site\/#\/schema\/logo\/image\/\"},\"sameAs\":[\"https:\/\/www.facebook.com\/institutodeengenharia\",\"https:\/\/x.com\/iengenharia\",\"https:\/\/www.instagram.com\/institutodeengenharia\/\",\"https:\/\/www.linkedin.com\/company\/instituto-de-engenharia\/\",\"https:\/\/www.youtube.com\/channel\/UCXiCAlsSMe977vamW915HxA\"]}]}<\/script>\n<!-- \/ Yoast SEO plugin. -->","yoast_head_json":{"title":"Por que se tornar associado - Instituto de Engenharia","robots":{"index":"index","follow":"follow","max-snippet":"max-snippet:-1","max-image-preview":"max-image-preview:large","max-video-preview":"max-video-preview:-1"},"canonical":"https:\/\/www.institutodeengenharia.org.br\/site\/associe-se\/","og_locale":"pt_BR","og_type":"article","og_title":"Por que se tornar associado - Instituto de Engenharia","og_description":"&nbsp; Fundado em 1916, o INSTITUTO DE ENGENHARIA tem como miss\u00e3o promover a Engenharia em benef\u00edcio do desenvolvimento e da qualidade de vida da sociedade brasileira, estabelecendo o elo necess\u00e1rio entre a Ci\u00eancia e a Experi\u00eancia e fornecendo uma ponte s\u00f3lida para viabilizar o crescimento sustentado do Pa\u00eds. Venha fazer parte do Instituto de Engenharia [&hellip;]","og_url":"https:\/\/www.institutodeengenharia.org.br\/site\/associe-se\/","og_site_name":"Instituto de Engenharia","article_publisher":"https:\/\/www.facebook.com\/institutodeengenharia","article_modified_time":"2023-08-31T14:26:17+00:00","og_image":[{"url":"https:\/\/www.institutodeengenharia.org.br\/site\/wp-content\/uploads\/2019\/11\/associe-se-300x117.jpg","type":"","width":"","height":""}],"twitter_card":"summary_large_image","twitter_site":"@iengenharia","twitter_misc":{"Est. tempo de leitura":"3 minutos"},"schema":{"@context":"https:\/\/schema.org","@graph":[{"@type":"WebPage","@id":"https:\/\/www.institutodeengenharia.org.br\/site\/associe-se\/","url":"https:\/\/www.institutodeengenharia.org.br\/site\/associe-se\/","name":"Por que se tornar associado - Instituto de Engenharia","isPartOf":{"@id":"https:\/\/www.institutodeengenharia.org.br\/site\/#website"},"primaryImageOfPage":{"@id":"https:\/\/www.institutodeengenharia.org.br\/site\/associe-se\/#primaryimage"},"image":{"@id":"https:\/\/www.institutodeengenharia.org.br\/site\/associe-se\/#primaryimage"},"thumbnailUrl":"https:\/\/www.institutodeengenharia.org.br\/site\/wp-content\/uploads\/2019\/11\/associe-se-300x117.jpg","datePublished":"2017-09-22T18:34:47+00:00","dateModified":"2023-08-31T14:26:17+00:00","breadcrumb":{"@id":"https:\/\/www.institutodeengenharia.org.br\/site\/associe-se\/#breadcrumb"},"inLanguage":"pt-BR","potentialAction":[{"@type":"ReadAction","target":["https:\/\/www.institutodeengenharia.org.br\/site\/associe-se\/"]}]},{"@type":"ImageObject","inLanguage":"pt-BR","@id":"https:\/\/www.institutodeengenharia.org.br\/site\/associe-se\/#primaryimage","url":"https:\/\/www.institutodeengenharia.org.br\/site\/wp-content\/uploads\/2019\/11\/associe-se.jpg","contentUrl":"https:\/\/www.institutodeengenharia.org.br\/site\/wp-content\/uploads\/2019\/11\/associe-se.jpg","width":409,"height":159},{"@type":"BreadcrumbList","@id":"https:\/\/www.institutodeengenharia.org.br\/site\/associe-se\/#breadcrumb","itemListElement":[{"@type":"ListItem","position":1,"name":"In\u00edcio","item":"https:\/\/www.institutodeengenharia.org.br\/site\/"},{"@type":"ListItem","position":2,"name":"Por que se tornar associado"}]},{"@type":"WebSite","@id":"https:\/\/www.institutodeengenharia.org.br\/site\/#website","url":"https:\/\/www.institutodeengenharia.org.br\/site\/","name":"Instituto de Engenharia","description":"O Instituto de Engenharia promove a Engenharia em benef\u00edcio do desenvolvimento e da qualidade de vida da sociedade.","publisher":{"@id":"https:\/\/www.institutodeengenharia.org.br\/site\/#organization"},"potentialAction":[{"@type":"SearchAction","target":{"@type":"EntryPoint","urlTemplate":"https:\/\/www.institutodeengenharia.org.br\/site\/?s={search_term_string}"},"query-input":{"@type":"PropertyValueSpecification","valueRequired":true,"valueName":"search_term_string"}}],"inLanguage":"pt-BR"},{"@type":"Organization","@id":"https:\/\/www.institutodeengenharia.org.br\/site\/#organization","name":"Instituto de Engenharia","url":"https:\/\/www.institutodeengenharia.org.br\/site\/","logo":{"@type":"ImageObject","inLanguage":"pt-BR","@id":"https:\/\/www.institutodeengenharia.org.br\/site\/#\/schema\/logo\/image\/","url":"https:\/\/www.institutodeengenharia.org.br\/site\/wp-content\/uploads\/2019\/03\/logo-novo-IE2018-1.jpg","contentUrl":"https:\/\/www.institutodeengenharia.org.br\/site\/wp-content\/uploads\/2019\/03\/logo-novo-IE2018-1.jpg","width":1486,"height":1879,"caption":"Instituto de Engenharia"},"image":{"@id":"https:\/\/www.institutodeengenharia.org.br\/site\/#\/schema\/logo\/image\/"},"sameAs":["https:\/\/www.facebook.com\/institutodeengenharia","https:\/\/x.com\/iengenharia","https:\/\/www.instagram.com\/institutodeengenharia\/","https:\/\/www.linkedin.com\/company\/instituto-de-engenharia\/","https:\/\/www.youtube.com\/channel\/UCXiCAlsSMe977vamW915HxA"]}]}},"_links":{"self":[{"href":"https:\/\/www.institutodeengenharia.org.br\/site\/wp-json\/wp\/v2\/pages\/289","targetHints":{"allow":["GET"]}}],"collection":[{"href":"https:\/\/www.institutodeengenharia.org.br\/site\/wp-json\/wp\/v2\/pages"}],"about":[{"href":"https:\/\/www.institutodeengenharia.org.br\/site\/wp-json\/wp\/v2\/types\/page"}],"author":[{"embeddable":true,"href":"https:\/\/www.institutodeengenharia.org.br\/site\/wp-json\/wp\/v2\/users\/1"}],"replies":[{"embeddable":true,"href":"https:\/\/www.institutodeengenharia.org.br\/site\/wp-json\/wp\/v2\/comments?post=289"}],"version-history":[{"count":31,"href":"https:\/\/www.institutodeengenharia.org.br\/site\/wp-json\/wp\/v2\/pages\/289\/revisions"}],"predecessor-version":[{"id":111691,"href":"https:\/\/www.institutodeengenharia.org.br\/site\/wp-json\/wp\/v2\/pages\/289\/revisions\/111691"}],"wp:attachment":[{"href":"https:\/\/www.institutodeengenharia.org.br\/site\/wp-json\/wp\/v2\/media?parent=289"}],"curies":[{"name":"wp","href":"https:\/\/api.w.org\/{rel}","templated":true}]}}