{"id":281,"date":"2026-04-27T11:21:49","date_gmt":"2026-04-27T14:21:49","guid":{"rendered":"https:\/\/www.institutodeengenharia.org.br\/?page_id=281"},"modified":"2026-04-27T15:17:31","modified_gmt":"2026-04-27T18:17:31","slug":"conselho-consultivo","status":"publish","type":"page","link":"https:\/\/www.institutodeengenharia.org.br\/site\/conselho-consultivo\/","title":{"rendered":"Conselho Consultivo"},"content":{"rendered":"<p><span data-teams=\"true\"><strong>Presidente do Conselho Consultivo<\/strong> &#8211;<strong> Alfredo Savelli<\/strong><br \/>\n<strong>Vice-presidente do Conselho Consultivo &#8211; Paulo Ferreira<\/strong><br \/>\n<strong>Secret\u00e1rio &#8211; Jo\u00e3o Ernesto Figueiredo<\/strong><\/span><\/p>\n<p>Alfredo Mario Savelli<br \/>\nAm\u00e2ndio Martins<br \/>\nAndr\u00e9 S. Gertsenchtein<br \/>\nAntonio Galv\u00e3o A. de Abreu<br \/>\nArlindo Virgilio Machado Moura<br \/>\nAurea Vendramin<br \/>\nCamil Eid<br \/>\nCarlos Antonio Rossi Rosa<br \/>\nCarlos Pereira de Magalh\u00e3es Neto<br \/>\nCl\u00e1udio Amaury Dall\u2019acqua<br \/>\nCl\u00e1udio Arisa<br \/>\nConstanzio Facci Ticeu<br \/>\nD\u00e9bora Sanches de A. Marinello<br \/>\nDirceu Carlos da Silva<br \/>\nDouglas Couto<br \/>\nEdemar de Souza Amorim<br \/>\nEdson Jos\u00e9 Machado<br \/>\nEduardo Ferreira Lafraia<br \/>\nElcio Kazuaki Niwa<br \/>\nElias Silva<br \/>\nEnio Gazolla da Costa<br \/>\nEny Kaori Uono Sanchez<br \/>\nEttore Jos\u00e9 Bottura<br \/>\nFelipe Geribello Ferreira Cabral<br \/>\nFl\u00e1via Bartkevicius Cruz<br \/>\nFrancisco A. N. Christovam<br \/>\nGeorge Paulus Pereira Dias<br \/>\nIvan Metran Whately<br \/>\nJer\u00f4nimo Cabral Pereira Fagundes Neto<br \/>\nJo\u00e3o Antonio Machado Neto<br \/>\nJo\u00e3o Ernesto Figueiredo<br \/>\nJoel Bueno Junior<br \/>\nJos\u00e9 Eduardo Frasc\u00e1 Poyares Jardim<br \/>\nJos\u00e9 Eduardo Wanderley de A. Cavalcanti<br \/>\nJos\u00e9 Jaime Sznelwar<br \/>\nJos\u00e9 Manoel de Aguirre Neto<br \/>\nJos\u00e9 Ol\u00edmpio Dias de Faria<br \/>\nJos\u00e9 Pereira Monteiro<br \/>\nJos\u00e9 Roberto Bernasconi<br \/>\nLawrence Chung Koo<br \/>\nLourival Jesus Abr\u00e3o<br \/>\nLuiz Felipe Proost de Souza<br \/>\nLuiz Fernando Portella<br \/>\nMa\u00e7ahico Tisaka<br \/>\nMarcel Mendes<br \/>\nMarcelo Rozenberg<br \/>\nMarcelo Stachow Machado da Silva<br \/>\nMarcos Moliterno<br \/>\nMarcos Monteiro<br \/>\nMassimo Andrea Giavina Bianchi<br \/>\nMiriana Pereira Marques<br \/>\nNat\u00e1lia Linhares<br \/>\nNelson Aidar<br \/>\nNeuza Maria Trauzzola<br \/>\nOd\u00e9cio Braga De Louredo Filho<br \/>\nOsiris Monteiro Blanco<br \/>\nOzires Silva<br \/>\nPaulo Ferreira<br \/>\nPaulo Setubal Neto<br \/>\nPerm\u00ednio Alves M. Amorim Neto<br \/>\nRicardo Kenzo Motomatsu<br \/>\nRoberto Bartolomeu Berkes<br \/>\nRoberto Kochen<br \/>\nRoberto Massaru Watanabe<br \/>\nRui Arruda Camargo<br \/>\nSergio Luiz de Azevedo Resende<br \/>\nSonia Regina Freitas<br \/>\nStella Marys Della Flora<br \/>\nTomaz Eduardo N. Carvalho<br \/>\nTunehiro Uono<br \/>\nValter Boulos<br \/>\nVicente Abate<br \/>\nVictor Brecheret Filho<\/p>\n","protected":false},"excerpt":{"rendered":"<p>Presidente do Conselho Consultivo &#8211; Alfredo Savelli Vice-presidente do Conselho Consultivo &#8211; Paulo Ferreira Secret\u00e1rio &#8211; Jo\u00e3o Ernesto Figueiredo Alfredo Mario Savelli Am\u00e2ndio Martins Andr\u00e9 S. Gertsenchtein Antonio Galv\u00e3o A. de Abreu Arlindo Virgilio Machado Moura Aurea Vendramin Camil Eid Carlos Antonio Rossi Rosa Carlos Pereira de Magalh\u00e3es Neto Cl\u00e1udio Amaury Dall\u2019acqua Cl\u00e1udio Arisa Constanzio [&hellip;]<\/p>\n","protected":false},"author":1,"featured_media":0,"parent":0,"menu_order":0,"comment_status":"closed","ping_status":"closed","template":"","meta":{"footnotes":""},"class_list":["post-281","page","type-page","status-publish"],"yoast_head":"<!-- This site is optimized with the Yoast SEO plugin v27.2 - https:\/\/yoast.com\/product\/yoast-seo-wordpress\/ -->\n<title>Conselho Consultivo - Instituto de Engenharia<\/title>\n<meta name=\"robots\" content=\"index, follow, max-snippet:-1, max-image-preview:large, max-video-preview:-1\" \/>\n<link rel=\"canonical\" href=\"https:\/\/www.institutodeengenharia.org.br\/site\/conselho-consultivo\/\" \/>\n<meta property=\"og:locale\" content=\"pt_BR\" \/>\n<meta property=\"og:type\" content=\"article\" \/>\n<meta property=\"og:title\" content=\"Conselho Consultivo - Instituto de Engenharia\" \/>\n<meta property=\"og:description\" content=\"Presidente do Conselho Consultivo &#8211; Alfredo Savelli Vice-presidente do Conselho Consultivo &#8211; Paulo Ferreira Secret\u00e1rio &#8211; Jo\u00e3o Ernesto Figueiredo Alfredo Mario Savelli Am\u00e2ndio Martins Andr\u00e9 S. Gertsenchtein Antonio Galv\u00e3o A. de Abreu Arlindo Virgilio Machado Moura Aurea Vendramin Camil Eid Carlos Antonio Rossi Rosa Carlos Pereira de Magalh\u00e3es Neto Cl\u00e1udio Amaury Dall\u2019acqua Cl\u00e1udio Arisa Constanzio [&hellip;]\" \/>\n<meta property=\"og:url\" content=\"https:\/\/www.institutodeengenharia.org.br\/site\/conselho-consultivo\/\" \/>\n<meta property=\"og:site_name\" content=\"Instituto de Engenharia\" \/>\n<meta property=\"article:publisher\" content=\"https:\/\/www.facebook.com\/institutodeengenharia\" \/>\n<meta property=\"article:modified_time\" content=\"2026-04-27T18:17:31+00:00\" \/>\n<meta name=\"twitter:card\" content=\"summary_large_image\" \/>\n<meta name=\"twitter:site\" content=\"@iengenharia\" \/>\n<meta name=\"twitter:label1\" content=\"Est. tempo de leitura\" \/>\n\t<meta name=\"twitter:data1\" content=\"2 minutos\" \/>\n<script type=\"application\/ld+json\" class=\"yoast-schema-graph\">{\"@context\":\"https:\/\/schema.org\",\"@graph\":[{\"@type\":\"WebPage\",\"@id\":\"https:\/\/www.institutodeengenharia.org.br\/site\/conselho-consultivo\/\",\"url\":\"https:\/\/www.institutodeengenharia.org.br\/site\/conselho-consultivo\/\",\"name\":\"Conselho Consultivo - Instituto de Engenharia\",\"isPartOf\":{\"@id\":\"https:\/\/www.institutodeengenharia.org.br\/site\/#website\"},\"datePublished\":\"2026-04-27T14:21:49+00:00\",\"dateModified\":\"2026-04-27T18:17:31+00:00\",\"breadcrumb\":{\"@id\":\"https:\/\/www.institutodeengenharia.org.br\/site\/conselho-consultivo\/#breadcrumb\"},\"inLanguage\":\"pt-BR\",\"potentialAction\":[{\"@type\":\"ReadAction\",\"target\":[\"https:\/\/www.institutodeengenharia.org.br\/site\/conselho-consultivo\/\"]}]},{\"@type\":\"BreadcrumbList\",\"@id\":\"https:\/\/www.institutodeengenharia.org.br\/site\/conselho-consultivo\/#breadcrumb\",\"itemListElement\":[{\"@type\":\"ListItem\",\"position\":1,\"name\":\"In\u00edcio\",\"item\":\"https:\/\/www.institutodeengenharia.org.br\/site\/\"},{\"@type\":\"ListItem\",\"position\":2,\"name\":\"Conselho Consultivo\"}]},{\"@type\":\"WebSite\",\"@id\":\"https:\/\/www.institutodeengenharia.org.br\/site\/#website\",\"url\":\"https:\/\/www.institutodeengenharia.org.br\/site\/\",\"name\":\"Instituto de Engenharia\",\"description\":\"O Instituto de Engenharia promove a Engenharia em benef\u00edcio do desenvolvimento e da qualidade de vida da sociedade.\",\"publisher\":{\"@id\":\"https:\/\/www.institutodeengenharia.org.br\/site\/#organization\"},\"potentialAction\":[{\"@type\":\"SearchAction\",\"target\":{\"@type\":\"EntryPoint\",\"urlTemplate\":\"https:\/\/www.institutodeengenharia.org.br\/site\/?s={search_term_string}\"},\"query-input\":{\"@type\":\"PropertyValueSpecification\",\"valueRequired\":true,\"valueName\":\"search_term_string\"}}],\"inLanguage\":\"pt-BR\"},{\"@type\":\"Organization\",\"@id\":\"https:\/\/www.institutodeengenharia.org.br\/site\/#organization\",\"name\":\"Instituto de Engenharia\",\"url\":\"https:\/\/www.institutodeengenharia.org.br\/site\/\",\"logo\":{\"@type\":\"ImageObject\",\"inLanguage\":\"pt-BR\",\"@id\":\"https:\/\/www.institutodeengenharia.org.br\/site\/#\/schema\/logo\/image\/\",\"url\":\"https:\/\/www.institutodeengenharia.org.br\/site\/wp-content\/uploads\/2019\/03\/logo-novo-IE2018-1.jpg\",\"contentUrl\":\"https:\/\/www.institutodeengenharia.org.br\/site\/wp-content\/uploads\/2019\/03\/logo-novo-IE2018-1.jpg\",\"width\":1486,\"height\":1879,\"caption\":\"Instituto de Engenharia\"},\"image\":{\"@id\":\"https:\/\/www.institutodeengenharia.org.br\/site\/#\/schema\/logo\/image\/\"},\"sameAs\":[\"https:\/\/www.facebook.com\/institutodeengenharia\",\"https:\/\/x.com\/iengenharia\",\"https:\/\/www.instagram.com\/institutodeengenharia\/\",\"https:\/\/www.linkedin.com\/company\/instituto-de-engenharia\/\",\"https:\/\/www.youtube.com\/channel\/UCXiCAlsSMe977vamW915HxA\"]}]}<\/script>\n<!-- \/ Yoast SEO plugin. -->","yoast_head_json":{"title":"Conselho Consultivo - Instituto de Engenharia","robots":{"index":"index","follow":"follow","max-snippet":"max-snippet:-1","max-image-preview":"max-image-preview:large","max-video-preview":"max-video-preview:-1"},"canonical":"https:\/\/www.institutodeengenharia.org.br\/site\/conselho-consultivo\/","og_locale":"pt_BR","og_type":"article","og_title":"Conselho Consultivo - Instituto de Engenharia","og_description":"Presidente do Conselho Consultivo &#8211; Alfredo Savelli Vice-presidente do Conselho Consultivo &#8211; Paulo Ferreira Secret\u00e1rio &#8211; Jo\u00e3o Ernesto Figueiredo Alfredo Mario Savelli Am\u00e2ndio Martins Andr\u00e9 S. Gertsenchtein Antonio Galv\u00e3o A. de Abreu Arlindo Virgilio Machado Moura Aurea Vendramin Camil Eid Carlos Antonio Rossi Rosa Carlos Pereira de Magalh\u00e3es Neto Cl\u00e1udio Amaury Dall\u2019acqua Cl\u00e1udio Arisa Constanzio [&hellip;]","og_url":"https:\/\/www.institutodeengenharia.org.br\/site\/conselho-consultivo\/","og_site_name":"Instituto de Engenharia","article_publisher":"https:\/\/www.facebook.com\/institutodeengenharia","article_modified_time":"2026-04-27T18:17:31+00:00","twitter_card":"summary_large_image","twitter_site":"@iengenharia","twitter_misc":{"Est. tempo de leitura":"2 minutos"},"schema":{"@context":"https:\/\/schema.org","@graph":[{"@type":"WebPage","@id":"https:\/\/www.institutodeengenharia.org.br\/site\/conselho-consultivo\/","url":"https:\/\/www.institutodeengenharia.org.br\/site\/conselho-consultivo\/","name":"Conselho Consultivo - Instituto de Engenharia","isPartOf":{"@id":"https:\/\/www.institutodeengenharia.org.br\/site\/#website"},"datePublished":"2026-04-27T14:21:49+00:00","dateModified":"2026-04-27T18:17:31+00:00","breadcrumb":{"@id":"https:\/\/www.institutodeengenharia.org.br\/site\/conselho-consultivo\/#breadcrumb"},"inLanguage":"pt-BR","potentialAction":[{"@type":"ReadAction","target":["https:\/\/www.institutodeengenharia.org.br\/site\/conselho-consultivo\/"]}]},{"@type":"BreadcrumbList","@id":"https:\/\/www.institutodeengenharia.org.br\/site\/conselho-consultivo\/#breadcrumb","itemListElement":[{"@type":"ListItem","position":1,"name":"In\u00edcio","item":"https:\/\/www.institutodeengenharia.org.br\/site\/"},{"@type":"ListItem","position":2,"name":"Conselho Consultivo"}]},{"@type":"WebSite","@id":"https:\/\/www.institutodeengenharia.org.br\/site\/#website","url":"https:\/\/www.institutodeengenharia.org.br\/site\/","name":"Instituto de Engenharia","description":"O Instituto de Engenharia promove a Engenharia em benef\u00edcio do desenvolvimento e da qualidade de vida da sociedade.","publisher":{"@id":"https:\/\/www.institutodeengenharia.org.br\/site\/#organization"},"potentialAction":[{"@type":"SearchAction","target":{"@type":"EntryPoint","urlTemplate":"https:\/\/www.institutodeengenharia.org.br\/site\/?s={search_term_string}"},"query-input":{"@type":"PropertyValueSpecification","valueRequired":true,"valueName":"search_term_string"}}],"inLanguage":"pt-BR"},{"@type":"Organization","@id":"https:\/\/www.institutodeengenharia.org.br\/site\/#organization","name":"Instituto de Engenharia","url":"https:\/\/www.institutodeengenharia.org.br\/site\/","logo":{"@type":"ImageObject","inLanguage":"pt-BR","@id":"https:\/\/www.institutodeengenharia.org.br\/site\/#\/schema\/logo\/image\/","url":"https:\/\/www.institutodeengenharia.org.br\/site\/wp-content\/uploads\/2019\/03\/logo-novo-IE2018-1.jpg","contentUrl":"https:\/\/www.institutodeengenharia.org.br\/site\/wp-content\/uploads\/2019\/03\/logo-novo-IE2018-1.jpg","width":1486,"height":1879,"caption":"Instituto de Engenharia"},"image":{"@id":"https:\/\/www.institutodeengenharia.org.br\/site\/#\/schema\/logo\/image\/"},"sameAs":["https:\/\/www.facebook.com\/institutodeengenharia","https:\/\/x.com\/iengenharia","https:\/\/www.instagram.com\/institutodeengenharia\/","https:\/\/www.linkedin.com\/company\/instituto-de-engenharia\/","https:\/\/www.youtube.com\/channel\/UCXiCAlsSMe977vamW915HxA"]}]}},"_links":{"self":[{"href":"https:\/\/www.institutodeengenharia.org.br\/site\/wp-json\/wp\/v2\/pages\/281","targetHints":{"allow":["GET"]}}],"collection":[{"href":"https:\/\/www.institutodeengenharia.org.br\/site\/wp-json\/wp\/v2\/pages"}],"about":[{"href":"https:\/\/www.institutodeengenharia.org.br\/site\/wp-json\/wp\/v2\/types\/page"}],"author":[{"embeddable":true,"href":"https:\/\/www.institutodeengenharia.org.br\/site\/wp-json\/wp\/v2\/users\/1"}],"replies":[{"embeddable":true,"href":"https:\/\/www.institutodeengenharia.org.br\/site\/wp-json\/wp\/v2\/comments?post=281"}],"version-history":[{"count":25,"href":"https:\/\/www.institutodeengenharia.org.br\/site\/wp-json\/wp\/v2\/pages\/281\/revisions"}],"predecessor-version":[{"id":153523,"href":"https:\/\/www.institutodeengenharia.org.br\/site\/wp-json\/wp\/v2\/pages\/281\/revisions\/153523"}],"wp:attachment":[{"href":"https:\/\/www.institutodeengenharia.org.br\/site\/wp-json\/wp\/v2\/media?parent=281"}],"curies":[{"name":"wp","href":"https:\/\/api.w.org\/{rel}","templated":true}]}}