{"id":279,"date":"2026-03-27T12:20:53","date_gmt":"2026-03-27T15:20:53","guid":{"rendered":"https:\/\/www.institutodeengenharia.org.br\/?page_id=279"},"modified":"2026-04-17T11:06:46","modified_gmt":"2026-04-17T14:06:46","slug":"conselho-deliberativo","status":"publish","type":"page","link":"https:\/\/www.institutodeengenharia.org.br\/site\/conselho-deliberativo\/","title":{"rendered":"Conselho Deliberativo"},"content":{"rendered":"<p>ORG\u00c3O DIRIGENTE CONSELHO DELIBERATIVO<\/p>\n<p>S\u00e3o \u00d3rg\u00e3os Dirigentes do Instituto de Engenharia, em ordem hier\u00e1rquica, as seguintes inst\u00e2ncias administrativas:<\/p>\n<p><strong>Assembleia Geral<\/strong> \u2013 \u00c9 uma reuni\u00e3o dos s\u00f3cios-titulares convocados para discutir e deliberar temas de interesse delimitados pelos objetivos que constam no Estatuto do Instituto de Engenharia. \u00c9 a inst\u00e2ncia de maior grau hier\u00e1rquico do Instituto.<\/p>\n<p><strong>Conselho Consultivo<\/strong> \u2013 \u00c9 o guardi\u00e3o do patrim\u00f4nio e do Estatuto do Instituto de Engenharia. \u00c9 composto pelos ex-presidentes, ex-vice-presidentes, ex-diretores Gerais do Acampamento dos Engenheiros, ex-conselheiros do Conselho Deliberativo cujo mandato vigorou nos dois \u00faltimos anos, e ex-diretores da Diretoria Executiva que exerceram seus mandatos tamb\u00e9m nos dois \u00faltimos anos.<\/p>\n<p><strong>Conselho Deliberativo<\/strong> \u2013 Formado por 30 conselheiros eleitos diretamente pelos associados, pelo presidente do Instituto, que tamb\u00e9m \u00e9 presidente desse Conselho, e pelos quatro vice-presidentes que n\u00e3o t\u00eam direito a voto. \u00c9 a inst\u00e2ncia que define as a\u00e7\u00f5es a serem tomadas pela Diretoria Executiva do Instituto. Todo ano s\u00e3o renovados, por meio de elei\u00e7\u00f5es, 15 de seus membros.<\/p>\n<p><strong>Diretoria Executiva<\/strong> \u2013 \u00c9 o \u00f3rg\u00e3o que executa as pol\u00edticas emanadas pelo Conselho Deliberativo e executa todas as quest\u00f5es administrativas da associa\u00e7\u00e3o. \u00c9 composta por seu presidente, quatro vice-presidentes, dois diretores-secret\u00e1rios e dois diretores-Financeiros.<\/p>\n<p>Especificamente o Conselho Deliberativo possui 16 importantes atribui\u00e7\u00f5es regidas pelo Estatuto dentre as quais podermos citar:<\/p>\n<p>\u2022 Manifestar-se, atrav\u00e9s do seu presidente, por qualquer meio de comunica\u00e7\u00e3o, em nome do Instituto de Engenharia, sobre assunto de interesse p\u00fablico;<br \/>\n\u2022 Encaminhar proposta de reforma do Estatuto ao Conselho Consultivo;<br \/>\n\u2022 Aprovar e apresentar \u00e0 Assembleia Geral o relat\u00f3rio e a presta\u00e7\u00e3o das contas do exerc\u00edcio findo, com parecer do Conselho Fiscal;<br \/>\n\u2022 Aprovar o or\u00e7amento do ano social entrante;<br \/>\n\u2022 Decidir sobre as contribui\u00e7\u00f5es associativas;<br \/>\n\u2022 Decidir sobre as penalidades a serem impostas aos associados ou ao membro eleito no exerc\u00edcio do cargo em \u00f3rg\u00e3o dirigente do Instituto, na conformidade dos dispositivos do Estatuto;<br \/>\n\u2022 Fiscalizar os neg\u00f3cios do Instituto de Engenharia;<br \/>\n\u2022 Zelar pela observ\u00e2ncia do Estatuto e cumprir as decis\u00f5es da Assembleia Geral e do Conselho Consultivo;<br \/>\n\u2022 Por maioria absoluta de seus membros, convocar Assembleia Geral.<\/p>\n<p>\u00c9 devido a essas atribui\u00e7\u00f5es designadas pelo Estatuto que aquilatamos a verdadeira import\u00e2ncia dessa inst\u00e2ncia administrativa do Instituto de Engenharia.<\/p>\n<p>Os conselheiros do Deliberativo s\u00e3o representantes diretos de todos os s\u00f3cios, principalmente daqueles que o elegeram, o que justifica a cria\u00e7\u00e3o de um canal de comunica\u00e7\u00e3o eficiente dos Conselheiros com os s\u00f3cios e vice-versa para que efetivamente exer\u00e7am essa representa\u00e7\u00e3o.<\/p>\n<div id=\"cabecalho-content\"><\/div>\n<p><strong>Membros do\u00a0<\/strong><strong>Conselho Deliberativo<\/strong><\/p>\n<p><strong>Presidente:\u00a0<\/strong>Jos\u00e9 Eduardo Frasc\u00e1 Poyares Jardim<br \/>\n<strong>Secret\u00e1rio<\/strong> &#8211; Vinicius Silva Caruso<\/p>\n<p>Adalberto Febeliano da Costa Filho<br \/>\nAlfredo Petrilli Junior<br \/>\nAlu\u00edzio Guimar\u00e3es Cupertino<br \/>\nAm\u00e2ndio Martins<br \/>\nAngelo Sebasti\u00e3o Zanini<br \/>\nAurea Vendramin<br \/>\nCarlos Pereira de Magalh\u00e3es Neto<br \/>\nDebora Sanches de A. Marinello<br \/>\nDouglas Couto<br \/>\nEdson Jos\u00e9 Machado<br \/>\nFlavia Bartkevicius Cruz<br \/>\nFrancisco A. N. Christovam<br \/>\nGeorge Paulus Pereira Dias<br \/>\nHenrique Dias de Faria<br \/>\nJo\u00e3o Ricardo B. Lafraia<br \/>\nJos\u00e9 Manoel de Aguirre Neto<br \/>\nLuiz Felipe Proost de Souza<br \/>\nMarcelo Stachow Machado da Silva<br \/>\nMarcos Moliterno<br \/>\nMarcos Monteiro<br \/>\nMassimo Andrea Giavina Bianchi<br \/>\nNat\u00e1lia Linhares<br \/>\nOsiris Monteiro Blanco<br \/>\nRenato de Almeida Pimentel Mendes<br \/>\nRoberto Kochen<br \/>\nRoberto Massaru Watanabe<br \/>\nStella Marys Della Flora<br \/>\nValter Boulos<br \/>\nVernon Richard Kohl<br \/>\nVinicius Silva Caruso<\/p>\n","protected":false},"excerpt":{"rendered":"<p>ORG\u00c3O DIRIGENTE CONSELHO DELIBERATIVO S\u00e3o \u00d3rg\u00e3os Dirigentes do Instituto de Engenharia, em ordem hier\u00e1rquica, as seguintes inst\u00e2ncias administrativas: Assembleia Geral \u2013 \u00c9 uma reuni\u00e3o dos s\u00f3cios-titulares convocados para discutir e deliberar temas de interesse delimitados pelos objetivos que constam no Estatuto do Instituto de Engenharia. \u00c9 a inst\u00e2ncia de maior grau hier\u00e1rquico do Instituto. Conselho [&hellip;]<\/p>\n","protected":false},"author":1,"featured_media":0,"parent":0,"menu_order":0,"comment_status":"closed","ping_status":"closed","template":"","meta":{"footnotes":""},"class_list":["post-279","page","type-page","status-publish"],"yoast_head":"<!-- This site is optimized with the Yoast SEO plugin v27.5 - https:\/\/yoast.com\/product\/yoast-seo-wordpress\/ -->\n<title>Conselho Deliberativo - Instituto de Engenharia<\/title>\n<meta name=\"robots\" content=\"index, follow, max-snippet:-1, max-image-preview:large, max-video-preview:-1\" \/>\n<link rel=\"canonical\" href=\"https:\/\/www.institutodeengenharia.org.br\/site\/conselho-deliberativo\/\" \/>\n<meta property=\"og:locale\" content=\"pt_BR\" \/>\n<meta property=\"og:type\" content=\"article\" \/>\n<meta property=\"og:title\" content=\"Conselho Deliberativo - Instituto de Engenharia\" \/>\n<meta property=\"og:description\" content=\"ORG\u00c3O DIRIGENTE CONSELHO DELIBERATIVO S\u00e3o \u00d3rg\u00e3os Dirigentes do Instituto de Engenharia, em ordem hier\u00e1rquica, as seguintes inst\u00e2ncias administrativas: Assembleia Geral \u2013 \u00c9 uma reuni\u00e3o dos s\u00f3cios-titulares convocados para discutir e deliberar temas de interesse delimitados pelos objetivos que constam no Estatuto do Instituto de Engenharia. \u00c9 a inst\u00e2ncia de maior grau hier\u00e1rquico do Instituto. Conselho [&hellip;]\" \/>\n<meta property=\"og:url\" content=\"https:\/\/www.institutodeengenharia.org.br\/site\/conselho-deliberativo\/\" \/>\n<meta property=\"og:site_name\" content=\"Instituto de Engenharia\" \/>\n<meta property=\"article:publisher\" content=\"https:\/\/www.facebook.com\/institutodeengenharia\" \/>\n<meta property=\"article:modified_time\" content=\"2026-04-17T14:06:46+00:00\" \/>\n<meta name=\"twitter:card\" content=\"summary_large_image\" \/>\n<meta name=\"twitter:site\" content=\"@iengenharia\" \/>\n<meta name=\"twitter:label1\" content=\"Est. tempo de leitura\" \/>\n\t<meta name=\"twitter:data1\" content=\"3 minutos\" \/>\n<script type=\"application\/ld+json\" class=\"yoast-schema-graph\">{\"@context\":\"https:\\\/\\\/schema.org\",\"@graph\":[{\"@type\":\"WebPage\",\"@id\":\"https:\\\/\\\/www.institutodeengenharia.org.br\\\/site\\\/conselho-deliberativo\\\/\",\"url\":\"https:\\\/\\\/www.institutodeengenharia.org.br\\\/site\\\/conselho-deliberativo\\\/\",\"name\":\"Conselho Deliberativo - Instituto de Engenharia\",\"isPartOf\":{\"@id\":\"https:\\\/\\\/www.institutodeengenharia.org.br\\\/site\\\/#website\"},\"datePublished\":\"2026-03-27T15:20:53+00:00\",\"dateModified\":\"2026-04-17T14:06:46+00:00\",\"breadcrumb\":{\"@id\":\"https:\\\/\\\/www.institutodeengenharia.org.br\\\/site\\\/conselho-deliberativo\\\/#breadcrumb\"},\"inLanguage\":\"pt-BR\",\"potentialAction\":[{\"@type\":\"ReadAction\",\"target\":[\"https:\\\/\\\/www.institutodeengenharia.org.br\\\/site\\\/conselho-deliberativo\\\/\"]}]},{\"@type\":\"BreadcrumbList\",\"@id\":\"https:\\\/\\\/www.institutodeengenharia.org.br\\\/site\\\/conselho-deliberativo\\\/#breadcrumb\",\"itemListElement\":[{\"@type\":\"ListItem\",\"position\":1,\"name\":\"In\u00edcio\",\"item\":\"https:\\\/\\\/www.institutodeengenharia.org.br\\\/site\\\/\"},{\"@type\":\"ListItem\",\"position\":2,\"name\":\"Conselho Deliberativo\"}]},{\"@type\":\"WebSite\",\"@id\":\"https:\\\/\\\/www.institutodeengenharia.org.br\\\/site\\\/#website\",\"url\":\"https:\\\/\\\/www.institutodeengenharia.org.br\\\/site\\\/\",\"name\":\"Instituto de Engenharia\",\"description\":\"O Instituto de Engenharia promove a Engenharia em benef\u00edcio do desenvolvimento e da qualidade de vida da sociedade.\",\"publisher\":{\"@id\":\"https:\\\/\\\/www.institutodeengenharia.org.br\\\/site\\\/#organization\"},\"potentialAction\":[{\"@type\":\"SearchAction\",\"target\":{\"@type\":\"EntryPoint\",\"urlTemplate\":\"https:\\\/\\\/www.institutodeengenharia.org.br\\\/site\\\/?s={search_term_string}\"},\"query-input\":{\"@type\":\"PropertyValueSpecification\",\"valueRequired\":true,\"valueName\":\"search_term_string\"}}],\"inLanguage\":\"pt-BR\"},{\"@type\":\"Organization\",\"@id\":\"https:\\\/\\\/www.institutodeengenharia.org.br\\\/site\\\/#organization\",\"name\":\"Instituto de Engenharia\",\"url\":\"https:\\\/\\\/www.institutodeengenharia.org.br\\\/site\\\/\",\"logo\":{\"@type\":\"ImageObject\",\"inLanguage\":\"pt-BR\",\"@id\":\"https:\\\/\\\/www.institutodeengenharia.org.br\\\/site\\\/#\\\/schema\\\/logo\\\/image\\\/\",\"url\":\"https:\\\/\\\/www.institutodeengenharia.org.br\\\/site\\\/wp-content\\\/uploads\\\/2019\\\/03\\\/logo-novo-IE2018-1.jpg\",\"contentUrl\":\"https:\\\/\\\/www.institutodeengenharia.org.br\\\/site\\\/wp-content\\\/uploads\\\/2019\\\/03\\\/logo-novo-IE2018-1.jpg\",\"width\":1486,\"height\":1879,\"caption\":\"Instituto de Engenharia\"},\"image\":{\"@id\":\"https:\\\/\\\/www.institutodeengenharia.org.br\\\/site\\\/#\\\/schema\\\/logo\\\/image\\\/\"},\"sameAs\":[\"https:\\\/\\\/www.facebook.com\\\/institutodeengenharia\",\"https:\\\/\\\/x.com\\\/iengenharia\",\"https:\\\/\\\/www.instagram.com\\\/institutodeengenharia\\\/\",\"https:\\\/\\\/www.linkedin.com\\\/company\\\/instituto-de-engenharia\\\/\",\"https:\\\/\\\/www.youtube.com\\\/channel\\\/UCXiCAlsSMe977vamW915HxA\"]}]}<\/script>\n<!-- \/ Yoast SEO plugin. -->","yoast_head_json":{"title":"Conselho Deliberativo - Instituto de Engenharia","robots":{"index":"index","follow":"follow","max-snippet":"max-snippet:-1","max-image-preview":"max-image-preview:large","max-video-preview":"max-video-preview:-1"},"canonical":"https:\/\/www.institutodeengenharia.org.br\/site\/conselho-deliberativo\/","og_locale":"pt_BR","og_type":"article","og_title":"Conselho Deliberativo - Instituto de Engenharia","og_description":"ORG\u00c3O DIRIGENTE CONSELHO DELIBERATIVO S\u00e3o \u00d3rg\u00e3os Dirigentes do Instituto de Engenharia, em ordem hier\u00e1rquica, as seguintes inst\u00e2ncias administrativas: Assembleia Geral \u2013 \u00c9 uma reuni\u00e3o dos s\u00f3cios-titulares convocados para discutir e deliberar temas de interesse delimitados pelos objetivos que constam no Estatuto do Instituto de Engenharia. \u00c9 a inst\u00e2ncia de maior grau hier\u00e1rquico do Instituto. Conselho [&hellip;]","og_url":"https:\/\/www.institutodeengenharia.org.br\/site\/conselho-deliberativo\/","og_site_name":"Instituto de Engenharia","article_publisher":"https:\/\/www.facebook.com\/institutodeengenharia","article_modified_time":"2026-04-17T14:06:46+00:00","twitter_card":"summary_large_image","twitter_site":"@iengenharia","twitter_misc":{"Est. tempo de leitura":"3 minutos"},"schema":{"@context":"https:\/\/schema.org","@graph":[{"@type":"WebPage","@id":"https:\/\/www.institutodeengenharia.org.br\/site\/conselho-deliberativo\/","url":"https:\/\/www.institutodeengenharia.org.br\/site\/conselho-deliberativo\/","name":"Conselho Deliberativo - Instituto de Engenharia","isPartOf":{"@id":"https:\/\/www.institutodeengenharia.org.br\/site\/#website"},"datePublished":"2026-03-27T15:20:53+00:00","dateModified":"2026-04-17T14:06:46+00:00","breadcrumb":{"@id":"https:\/\/www.institutodeengenharia.org.br\/site\/conselho-deliberativo\/#breadcrumb"},"inLanguage":"pt-BR","potentialAction":[{"@type":"ReadAction","target":["https:\/\/www.institutodeengenharia.org.br\/site\/conselho-deliberativo\/"]}]},{"@type":"BreadcrumbList","@id":"https:\/\/www.institutodeengenharia.org.br\/site\/conselho-deliberativo\/#breadcrumb","itemListElement":[{"@type":"ListItem","position":1,"name":"In\u00edcio","item":"https:\/\/www.institutodeengenharia.org.br\/site\/"},{"@type":"ListItem","position":2,"name":"Conselho Deliberativo"}]},{"@type":"WebSite","@id":"https:\/\/www.institutodeengenharia.org.br\/site\/#website","url":"https:\/\/www.institutodeengenharia.org.br\/site\/","name":"Instituto de Engenharia","description":"O Instituto de Engenharia promove a Engenharia em benef\u00edcio do desenvolvimento e da qualidade de vida da sociedade.","publisher":{"@id":"https:\/\/www.institutodeengenharia.org.br\/site\/#organization"},"potentialAction":[{"@type":"SearchAction","target":{"@type":"EntryPoint","urlTemplate":"https:\/\/www.institutodeengenharia.org.br\/site\/?s={search_term_string}"},"query-input":{"@type":"PropertyValueSpecification","valueRequired":true,"valueName":"search_term_string"}}],"inLanguage":"pt-BR"},{"@type":"Organization","@id":"https:\/\/www.institutodeengenharia.org.br\/site\/#organization","name":"Instituto de Engenharia","url":"https:\/\/www.institutodeengenharia.org.br\/site\/","logo":{"@type":"ImageObject","inLanguage":"pt-BR","@id":"https:\/\/www.institutodeengenharia.org.br\/site\/#\/schema\/logo\/image\/","url":"https:\/\/www.institutodeengenharia.org.br\/site\/wp-content\/uploads\/2019\/03\/logo-novo-IE2018-1.jpg","contentUrl":"https:\/\/www.institutodeengenharia.org.br\/site\/wp-content\/uploads\/2019\/03\/logo-novo-IE2018-1.jpg","width":1486,"height":1879,"caption":"Instituto de Engenharia"},"image":{"@id":"https:\/\/www.institutodeengenharia.org.br\/site\/#\/schema\/logo\/image\/"},"sameAs":["https:\/\/www.facebook.com\/institutodeengenharia","https:\/\/x.com\/iengenharia","https:\/\/www.instagram.com\/institutodeengenharia\/","https:\/\/www.linkedin.com\/company\/instituto-de-engenharia\/","https:\/\/www.youtube.com\/channel\/UCXiCAlsSMe977vamW915HxA"]}]}},"_links":{"self":[{"href":"https:\/\/www.institutodeengenharia.org.br\/site\/wp-json\/wp\/v2\/pages\/279","targetHints":{"allow":["GET"]}}],"collection":[{"href":"https:\/\/www.institutodeengenharia.org.br\/site\/wp-json\/wp\/v2\/pages"}],"about":[{"href":"https:\/\/www.institutodeengenharia.org.br\/site\/wp-json\/wp\/v2\/types\/page"}],"author":[{"embeddable":true,"href":"https:\/\/www.institutodeengenharia.org.br\/site\/wp-json\/wp\/v2\/users\/1"}],"replies":[{"embeddable":true,"href":"https:\/\/www.institutodeengenharia.org.br\/site\/wp-json\/wp\/v2\/comments?post=279"}],"version-history":[{"count":27,"href":"https:\/\/www.institutodeengenharia.org.br\/site\/wp-json\/wp\/v2\/pages\/279\/revisions"}],"predecessor-version":[{"id":153377,"href":"https:\/\/www.institutodeengenharia.org.br\/site\/wp-json\/wp\/v2\/pages\/279\/revisions\/153377"}],"wp:attachment":[{"href":"https:\/\/www.institutodeengenharia.org.br\/site\/wp-json\/wp\/v2\/media?parent=279"}],"curies":[{"name":"wp","href":"https:\/\/api.w.org\/{rel}","templated":true}]}}