{"id":268,"date":"2017-09-22T14:35:08","date_gmt":"2017-09-22T17:35:08","guid":{"rendered":"https:\/\/www.institutodeengenharia.org.br\/?page_id=268"},"modified":"2021-03-30T12:11:36","modified_gmt":"2021-03-30T15:11:36","slug":"sobre-o-instituto","status":"publish","type":"page","link":"https:\/\/www.institutodeengenharia.org.br\/site\/sobre-o-instituto\/","title":{"rendered":"Sobre o Instituto"},"content":{"rendered":"<p>O Instituto de Engenharia \u00e9 uma sociedade civil sem fins lucrativos com mais de 100 anos de tradi\u00e7\u00e3o, credibilidade e comprometimento com o desenvolvimento do Brasil.<\/p>\n<p>Re\u00fane profissionais, engenheiros e n\u00e3o-engenheiros, que atuam no mercado da Engenharia, firmando-se como a\u00a0 principal organiza\u00e7\u00e3o que representa o setor com isen\u00e7\u00e3o.<\/p>\n<p>O Instituto de Engenharia realiza estudos e debates tem\u00e1ticos para direcionar o desenvolvimento do Pa\u00eds em \u00e1reas estrat\u00e9gicas como Energia, Mobilidade, Log\u00edstica, Infraestrutura, Tecnologia e Agroneg\u00f3cios.<\/p>\n<p>Com foco na educa\u00e7\u00e3o continuada, a organiza\u00e7\u00e3o realiza a\u00e7\u00f5es como semin\u00e1rios, cursos e palestras, al\u00e9m de visitas t\u00e9cnicas e publica\u00e7\u00f5es de conte\u00fado para promover a troca de informa\u00e7\u00f5es e o <em>networking<\/em> entre os profissionais do setor, bem como a valoriza\u00e7\u00e3o da Engenharia e dos avan\u00e7os cient\u00edficos e tecnol\u00f3gicos do Pa\u00eds.<\/p>\n<p><strong>Corpo T\u00e9cnico<\/strong><br \/>\nConstitu\u00eddo por um quadro associativo e <a href=\"https:\/\/www.institutodeengenharia.org.br\/site\/oportunidadesdevoluntariado\/\">volunt\u00e1rio<\/a>\u00a0especializado, que conta tamb\u00e9m com\u00a0<a href=\"https:\/\/www.institutodeengenharia.org.br\/site\/divisoes-tecnicas\/\">34 Divis\u00f5es T\u00e9cnicas<\/a>, o Instituto de Engenharia promove diversos <a href=\"https:\/\/www.institutodeengenharia.org.br\/site\/2019\/03\/19\/conheca-os-projetos-do-instituto-de-engenharia\/\">projetos<\/a> com o compromisso de estimular a Engenharia em benef\u00edcio do desenvolvimento e da qualidade de vida da sociedade.<\/p>\n<p><strong>Meios de comunica\u00e7\u00e3o<\/strong><br \/>\nSem fronteiras geogr\u00e1ficas, v\u00e1rias palestras e semin\u00e1rios podem ser assistidos ao vivo pela <a href=\"https:\/\/www.institutodeengenharia.org.br\/site\/nova-tv-engenharia\/\">TVEngenharia<\/a>, por associados e n\u00e3o associados, por este site e pelas redes sociais.<\/p>\n<p>A participa\u00e7\u00e3o nos eventos n\u00e3o se restringe apenas aos engenheiros. Profissionais de n\u00edvel superior em geral e estudantes de Engenharia tamb\u00e9m podem usufruir dessa troca de conhecimentos.<\/p>\n<p>Para ficar informado sobre todas as nossas atividades, receba as <a href=\"https:\/\/www.institutodeengenharia.org.br\/site\/newsletters\/\">newsletters <\/a>semanais, <a href=\"https:\/\/www.facebook.com\/institutodeengenharia\">siga-nos nas redes<\/a>, leia o <a href=\"https:\/\/www.institutodeengenharia.org.br\/site\/category\/jornal-do-instituto\/\">Jornal<\/a> e a <a href=\"https:\/\/www.institutodeengenharia.org.br\/site\/category\/revista-engenharia\/\">Revista Engenharia<\/a>, do Instituto de Engenharia, e acompanhe esse site. O conhecimento sempre est\u00e1 a um clique de voc\u00ea!<\/p>\n<p><strong>Fa\u00e7a parte voc\u00ea tamb\u00e9m!<\/strong><\/p>\n<p>O Instituto de Engenharia tem as <a href=\"https:\/\/www.institutodeengenharia.org.br\/site\/oportunidadesdevoluntariado\/\">portas abertas<\/a> para todos, profissionais e estudantes de Engenharia e cidad\u00e3os que t\u00eam um objetivo em comum: <a href=\"https:\/\/www.institutodeengenharia.org.br\/site\/associe-se\/#\">exercer a cidadania<\/a> para desenvolver um trabalho de alta qualidade e construir juntos um Pa\u00eds melhor.<\/p>\n","protected":false},"excerpt":{"rendered":"<p>O Instituto de Engenharia \u00e9 uma sociedade civil sem fins lucrativos com mais de 100 anos de tradi\u00e7\u00e3o, credibilidade e comprometimento com o desenvolvimento do Brasil. Re\u00fane profissionais, engenheiros e n\u00e3o-engenheiros, que atuam no mercado da Engenharia, firmando-se como a\u00a0 principal organiza\u00e7\u00e3o que representa o setor com isen\u00e7\u00e3o. O Instituto de Engenharia realiza estudos e [&hellip;]<\/p>\n","protected":false},"author":1,"featured_media":0,"parent":0,"menu_order":0,"comment_status":"closed","ping_status":"closed","template":"","meta":{"footnotes":""},"class_list":["post-268","page","type-page","status-publish"],"yoast_head":"<!-- This site is optimized with the Yoast SEO plugin v27.5 - https:\/\/yoast.com\/product\/yoast-seo-wordpress\/ -->\n<title>Sobre o Instituto - Instituto de Engenharia<\/title>\n<meta name=\"robots\" content=\"index, follow, max-snippet:-1, max-image-preview:large, max-video-preview:-1\" \/>\n<link rel=\"canonical\" href=\"https:\/\/www.institutodeengenharia.org.br\/site\/sobre-o-instituto\/\" \/>\n<meta property=\"og:locale\" content=\"pt_BR\" \/>\n<meta property=\"og:type\" content=\"article\" \/>\n<meta property=\"og:title\" content=\"Sobre o Instituto - Instituto de Engenharia\" \/>\n<meta property=\"og:description\" content=\"O Instituto de Engenharia \u00e9 uma sociedade civil sem fins lucrativos com mais de 100 anos de tradi\u00e7\u00e3o, credibilidade e comprometimento com o desenvolvimento do Brasil. Re\u00fane profissionais, engenheiros e n\u00e3o-engenheiros, que atuam no mercado da Engenharia, firmando-se como a\u00a0 principal organiza\u00e7\u00e3o que representa o setor com isen\u00e7\u00e3o. O Instituto de Engenharia realiza estudos e [&hellip;]\" \/>\n<meta property=\"og:url\" content=\"https:\/\/www.institutodeengenharia.org.br\/site\/sobre-o-instituto\/\" \/>\n<meta property=\"og:site_name\" content=\"Instituto de Engenharia\" \/>\n<meta property=\"article:publisher\" content=\"https:\/\/www.facebook.com\/institutodeengenharia\" \/>\n<meta property=\"article:modified_time\" content=\"2021-03-30T15:11:36+00:00\" \/>\n<meta name=\"twitter:card\" content=\"summary_large_image\" \/>\n<meta name=\"twitter:site\" content=\"@iengenharia\" \/>\n<meta name=\"twitter:label1\" content=\"Est. tempo de leitura\" \/>\n\t<meta name=\"twitter:data1\" content=\"2 minutos\" \/>\n<script type=\"application\/ld+json\" class=\"yoast-schema-graph\">{\"@context\":\"https:\\\/\\\/schema.org\",\"@graph\":[{\"@type\":\"WebPage\",\"@id\":\"https:\\\/\\\/www.institutodeengenharia.org.br\\\/site\\\/sobre-o-instituto\\\/\",\"url\":\"https:\\\/\\\/www.institutodeengenharia.org.br\\\/site\\\/sobre-o-instituto\\\/\",\"name\":\"Sobre o Instituto - Instituto de Engenharia\",\"isPartOf\":{\"@id\":\"https:\\\/\\\/www.institutodeengenharia.org.br\\\/site\\\/#website\"},\"datePublished\":\"2017-09-22T17:35:08+00:00\",\"dateModified\":\"2021-03-30T15:11:36+00:00\",\"breadcrumb\":{\"@id\":\"https:\\\/\\\/www.institutodeengenharia.org.br\\\/site\\\/sobre-o-instituto\\\/#breadcrumb\"},\"inLanguage\":\"pt-BR\",\"potentialAction\":[{\"@type\":\"ReadAction\",\"target\":[\"https:\\\/\\\/www.institutodeengenharia.org.br\\\/site\\\/sobre-o-instituto\\\/\"]}]},{\"@type\":\"BreadcrumbList\",\"@id\":\"https:\\\/\\\/www.institutodeengenharia.org.br\\\/site\\\/sobre-o-instituto\\\/#breadcrumb\",\"itemListElement\":[{\"@type\":\"ListItem\",\"position\":1,\"name\":\"In\u00edcio\",\"item\":\"https:\\\/\\\/www.institutodeengenharia.org.br\\\/site\\\/\"},{\"@type\":\"ListItem\",\"position\":2,\"name\":\"Sobre o Instituto\"}]},{\"@type\":\"WebSite\",\"@id\":\"https:\\\/\\\/www.institutodeengenharia.org.br\\\/site\\\/#website\",\"url\":\"https:\\\/\\\/www.institutodeengenharia.org.br\\\/site\\\/\",\"name\":\"Instituto de Engenharia\",\"description\":\"O Instituto de Engenharia promove a Engenharia em benef\u00edcio do desenvolvimento e da qualidade de vida da sociedade.\",\"publisher\":{\"@id\":\"https:\\\/\\\/www.institutodeengenharia.org.br\\\/site\\\/#organization\"},\"potentialAction\":[{\"@type\":\"SearchAction\",\"target\":{\"@type\":\"EntryPoint\",\"urlTemplate\":\"https:\\\/\\\/www.institutodeengenharia.org.br\\\/site\\\/?s={search_term_string}\"},\"query-input\":{\"@type\":\"PropertyValueSpecification\",\"valueRequired\":true,\"valueName\":\"search_term_string\"}}],\"inLanguage\":\"pt-BR\"},{\"@type\":\"Organization\",\"@id\":\"https:\\\/\\\/www.institutodeengenharia.org.br\\\/site\\\/#organization\",\"name\":\"Instituto de Engenharia\",\"url\":\"https:\\\/\\\/www.institutodeengenharia.org.br\\\/site\\\/\",\"logo\":{\"@type\":\"ImageObject\",\"inLanguage\":\"pt-BR\",\"@id\":\"https:\\\/\\\/www.institutodeengenharia.org.br\\\/site\\\/#\\\/schema\\\/logo\\\/image\\\/\",\"url\":\"https:\\\/\\\/www.institutodeengenharia.org.br\\\/site\\\/wp-content\\\/uploads\\\/2019\\\/03\\\/logo-novo-IE2018-1.jpg\",\"contentUrl\":\"https:\\\/\\\/www.institutodeengenharia.org.br\\\/site\\\/wp-content\\\/uploads\\\/2019\\\/03\\\/logo-novo-IE2018-1.jpg\",\"width\":1486,\"height\":1879,\"caption\":\"Instituto de Engenharia\"},\"image\":{\"@id\":\"https:\\\/\\\/www.institutodeengenharia.org.br\\\/site\\\/#\\\/schema\\\/logo\\\/image\\\/\"},\"sameAs\":[\"https:\\\/\\\/www.facebook.com\\\/institutodeengenharia\",\"https:\\\/\\\/x.com\\\/iengenharia\",\"https:\\\/\\\/www.instagram.com\\\/institutodeengenharia\\\/\",\"https:\\\/\\\/www.linkedin.com\\\/company\\\/instituto-de-engenharia\\\/\",\"https:\\\/\\\/www.youtube.com\\\/channel\\\/UCXiCAlsSMe977vamW915HxA\"]}]}<\/script>\n<!-- \/ Yoast SEO plugin. -->","yoast_head_json":{"title":"Sobre o Instituto - Instituto de Engenharia","robots":{"index":"index","follow":"follow","max-snippet":"max-snippet:-1","max-image-preview":"max-image-preview:large","max-video-preview":"max-video-preview:-1"},"canonical":"https:\/\/www.institutodeengenharia.org.br\/site\/sobre-o-instituto\/","og_locale":"pt_BR","og_type":"article","og_title":"Sobre o Instituto - Instituto de Engenharia","og_description":"O Instituto de Engenharia \u00e9 uma sociedade civil sem fins lucrativos com mais de 100 anos de tradi\u00e7\u00e3o, credibilidade e comprometimento com o desenvolvimento do Brasil. Re\u00fane profissionais, engenheiros e n\u00e3o-engenheiros, que atuam no mercado da Engenharia, firmando-se como a\u00a0 principal organiza\u00e7\u00e3o que representa o setor com isen\u00e7\u00e3o. O Instituto de Engenharia realiza estudos e [&hellip;]","og_url":"https:\/\/www.institutodeengenharia.org.br\/site\/sobre-o-instituto\/","og_site_name":"Instituto de Engenharia","article_publisher":"https:\/\/www.facebook.com\/institutodeengenharia","article_modified_time":"2021-03-30T15:11:36+00:00","twitter_card":"summary_large_image","twitter_site":"@iengenharia","twitter_misc":{"Est. tempo de leitura":"2 minutos"},"schema":{"@context":"https:\/\/schema.org","@graph":[{"@type":"WebPage","@id":"https:\/\/www.institutodeengenharia.org.br\/site\/sobre-o-instituto\/","url":"https:\/\/www.institutodeengenharia.org.br\/site\/sobre-o-instituto\/","name":"Sobre o Instituto - Instituto de Engenharia","isPartOf":{"@id":"https:\/\/www.institutodeengenharia.org.br\/site\/#website"},"datePublished":"2017-09-22T17:35:08+00:00","dateModified":"2021-03-30T15:11:36+00:00","breadcrumb":{"@id":"https:\/\/www.institutodeengenharia.org.br\/site\/sobre-o-instituto\/#breadcrumb"},"inLanguage":"pt-BR","potentialAction":[{"@type":"ReadAction","target":["https:\/\/www.institutodeengenharia.org.br\/site\/sobre-o-instituto\/"]}]},{"@type":"BreadcrumbList","@id":"https:\/\/www.institutodeengenharia.org.br\/site\/sobre-o-instituto\/#breadcrumb","itemListElement":[{"@type":"ListItem","position":1,"name":"In\u00edcio","item":"https:\/\/www.institutodeengenharia.org.br\/site\/"},{"@type":"ListItem","position":2,"name":"Sobre o Instituto"}]},{"@type":"WebSite","@id":"https:\/\/www.institutodeengenharia.org.br\/site\/#website","url":"https:\/\/www.institutodeengenharia.org.br\/site\/","name":"Instituto de Engenharia","description":"O Instituto de Engenharia promove a Engenharia em benef\u00edcio do desenvolvimento e da qualidade de vida da sociedade.","publisher":{"@id":"https:\/\/www.institutodeengenharia.org.br\/site\/#organization"},"potentialAction":[{"@type":"SearchAction","target":{"@type":"EntryPoint","urlTemplate":"https:\/\/www.institutodeengenharia.org.br\/site\/?s={search_term_string}"},"query-input":{"@type":"PropertyValueSpecification","valueRequired":true,"valueName":"search_term_string"}}],"inLanguage":"pt-BR"},{"@type":"Organization","@id":"https:\/\/www.institutodeengenharia.org.br\/site\/#organization","name":"Instituto de Engenharia","url":"https:\/\/www.institutodeengenharia.org.br\/site\/","logo":{"@type":"ImageObject","inLanguage":"pt-BR","@id":"https:\/\/www.institutodeengenharia.org.br\/site\/#\/schema\/logo\/image\/","url":"https:\/\/www.institutodeengenharia.org.br\/site\/wp-content\/uploads\/2019\/03\/logo-novo-IE2018-1.jpg","contentUrl":"https:\/\/www.institutodeengenharia.org.br\/site\/wp-content\/uploads\/2019\/03\/logo-novo-IE2018-1.jpg","width":1486,"height":1879,"caption":"Instituto de Engenharia"},"image":{"@id":"https:\/\/www.institutodeengenharia.org.br\/site\/#\/schema\/logo\/image\/"},"sameAs":["https:\/\/www.facebook.com\/institutodeengenharia","https:\/\/x.com\/iengenharia","https:\/\/www.instagram.com\/institutodeengenharia\/","https:\/\/www.linkedin.com\/company\/instituto-de-engenharia\/","https:\/\/www.youtube.com\/channel\/UCXiCAlsSMe977vamW915HxA"]}]}},"_links":{"self":[{"href":"https:\/\/www.institutodeengenharia.org.br\/site\/wp-json\/wp\/v2\/pages\/268","targetHints":{"allow":["GET"]}}],"collection":[{"href":"https:\/\/www.institutodeengenharia.org.br\/site\/wp-json\/wp\/v2\/pages"}],"about":[{"href":"https:\/\/www.institutodeengenharia.org.br\/site\/wp-json\/wp\/v2\/types\/page"}],"author":[{"embeddable":true,"href":"https:\/\/www.institutodeengenharia.org.br\/site\/wp-json\/wp\/v2\/users\/1"}],"replies":[{"embeddable":true,"href":"https:\/\/www.institutodeengenharia.org.br\/site\/wp-json\/wp\/v2\/comments?post=268"}],"version-history":[{"count":8,"href":"https:\/\/www.institutodeengenharia.org.br\/site\/wp-json\/wp\/v2\/pages\/268\/revisions"}],"predecessor-version":[{"id":79196,"href":"https:\/\/www.institutodeengenharia.org.br\/site\/wp-json\/wp\/v2\/pages\/268\/revisions\/79196"}],"wp:attachment":[{"href":"https:\/\/www.institutodeengenharia.org.br\/site\/wp-json\/wp\/v2\/media?parent=268"}],"curies":[{"name":"wp","href":"https:\/\/api.w.org\/{rel}","templated":true}]}}